{"id":125469,"date":"2024-04-02T10:15:23","date_gmt":"2024-04-02T09:15:23","guid":{"rendered":"https:\/\/tiendapadel5.com\/couronne-noire-piton-premium\/"},"modified":"2024-04-02T10:15:23","modified_gmt":"2024-04-02T09:15:23","slug":"couronne-noire-piton-premium","status":"publish","type":"product","link":"https:\/\/tiendapadel5.com\/it\/couronne-noire-piton-premium\/","title":{"rendered":"Couronne noire Piton Premium"},"content":{"rendered":"<h2>Black Crown Piton Premium Features :<\/h2>\n<ul>\n<li>Poids 355 \u00e0 370 grammes.<\/li>\n<li>Cadre 38 mm. Profil constant.<\/li>\n<li>Forme ronde.<\/li>\n<li>Cadre double tubulaire en carbone.<\/li>\n<li>Noyau ext\u00e9rieur : 3k Carbone.<\/li>\n<li>Caoutchouc : Power soft memory Eva.<\/li>\n<li><strong>Niveau : professionnel.<\/strong><\/li>\n<li>Puissance : 40%.<\/li>\n<li><strong>Contr\u00f4le : 60% Contr\u00f4le : 60% Contr\u00f4le : 60% Contr\u00f4le : 60% Contr\u00f4le : 60% Contr\u00f4le : 60% Contr\u00f4le : 60% Contr\u00f4le : 60% Contr\u00f4le : 60%<\/strong><\/li>\n<\/ul>\n","protected":false},"excerpt":{"rendered":"<p>La nouvelle raquette Black Crown Piton Premium est destin\u00e9e aux joueurs avanc\u00e9s gr\u00e2ce \u00e0 son \u00e9quilibre parfait entre puissance et contr\u00f4le.<\/p>\n","protected":false},"featured_media":125452,"comment_status":"open","ping_status":"closed","template":"","meta":{"_joinchat":[]},"pwb-brand":[30],"product_brand":[],"product_cat":[5724,19,408],"product_tag":[204,203,481,201],"class_list":{"0":"post-125469","1":"product","2":"type-product","3":"status-publish","4":"has-post-thumbnail","6":"pwb-brand-black-crown","7":"product_cat-5724","8":"product_cat-palas-padel","9":"product_cat-black-crown","10":"product_tag-crown","11":"product_tag-black","12":"product_tag-premium","13":"product_tag-piton","14":"pa_forma-redonda","15":"pa_marco-fibra-de-carbono","16":"pa_nivel-de-juego-avanzado-profesional","17":"pa_tipo-de-juego-polivalente","19":"first","20":"instock","21":"taxable","22":"shipping-taxable","23":"purchasable","24":"product-type-simple"},"brands":[{"id":30,"name":"Black Crown","slug":"black-crown"}],"_links":{"self":[{"href":"https:\/\/tiendapadel5.com\/it\/wp-json\/wp\/v2\/product\/125469","targetHints":{"allow":["GET"]}}],"collection":[{"href":"https:\/\/tiendapadel5.com\/it\/wp-json\/wp\/v2\/product"}],"about":[{"href":"https:\/\/tiendapadel5.com\/it\/wp-json\/wp\/v2\/types\/product"}],"replies":[{"embeddable":true,"href":"https:\/\/tiendapadel5.com\/it\/wp-json\/wp\/v2\/comments?post=125469"}],"version-history":[{"count":0,"href":"https:\/\/tiendapadel5.com\/it\/wp-json\/wp\/v2\/product\/125469\/revisions"}],"wp:featuredmedia":[{"embeddable":true,"href":"https:\/\/tiendapadel5.com\/it\/wp-json\/wp\/v2\/media\/125452"}],"wp:attachment":[{"href":"https:\/\/tiendapadel5.com\/it\/wp-json\/wp\/v2\/media?parent=125469"}],"wp:term":[{"taxonomy":"pwb-brand","embeddable":true,"href":"https:\/\/tiendapadel5.com\/it\/wp-json\/wp\/v2\/pwb-brand?post=125469"},{"taxonomy":"product_brand","embeddable":true,"href":"https:\/\/tiendapadel5.com\/it\/wp-json\/wp\/v2\/product_brand?post=125469"},{"taxonomy":"product_cat","embeddable":true,"href":"https:\/\/tiendapadel5.com\/it\/wp-json\/wp\/v2\/product_cat?post=125469"},{"taxonomy":"product_tag","embeddable":true,"href":"https:\/\/tiendapadel5.com\/it\/wp-json\/wp\/v2\/product_tag?post=125469"}],"curies":[{"name":"wp","href":"https:\/\/api.w.org\/{rel}","templated":true}]}}