{"id":123205,"date":"2024-03-23T10:18:29","date_gmt":"2024-03-23T09:18:29","guid":{"rendered":"https:\/\/tiendapadel5.com\/lok-maxx-flow\/"},"modified":"2024-03-23T10:18:29","modified_gmt":"2024-03-23T09:18:29","slug":"lok-maxx-flow","status":"publish","type":"product","link":"https:\/\/tiendapadel5.com\/it\/lok-maxx-flow\/","title":{"rendered":"Lok Maxx Flow"},"content":{"rendered":"<h2>Caract\u00e9ristiques du d\u00e9bit Lok Maxx :<\/h2>\n<p>NIVEAU : PRO<\/p>\n<p>POINT FABULEUX : Centre<\/p>\n<p>FORME : Ronde<\/p>\n<p>SOLDE : Centre<\/p>\n<p>POIDS : 360-375gr<\/p>\n<p>Longueur : 455 mm<\/p>\n<p>PROFIL : 38mm<\/p>\n","protected":false},"excerpt":{"rendered":"<p>La pelle New Lok Maxx Flow a \u00e9t\u00e9 choisie par Bea Caldera. Cette raquette est con\u00e7ue pour les joueurs de niveau avanc\u00e9 gr\u00e2ce \u00e0 sa technologie, et s&#8217;adresse aux joueurs qui recherchent d\u00e9fense et contr\u00f4le dans leur jeu.<\/p>\n","protected":false},"featured_media":123187,"comment_status":"open","ping_status":"closed","template":"","meta":{"_joinchat":[]},"pwb-brand":[6561],"product_brand":[],"product_cat":[5747,2703,6567],"product_tag":[2815,6576,6577],"class_list":{"0":"post-123205","1":"product","2":"type-product","3":"status-publish","4":"has-post-thumbnail","6":"pwb-brand-lokk","7":"product_cat-balles-de-padel-2024","8":"product_cat-raquettes-de-padel","9":"product_cat-lok-fr","10":"product_tag-flux","11":"product_tag-lok-fr","12":"product_tag-maxx-fr","13":"pa_forma-rond","14":"pa_marco-fibre-de-carbone","15":"pa_nivel-de-juego-professionnel-avance","16":"pa_tipo-de-juego-controle","18":"first","19":"instock","20":"taxable","21":"shipping-taxable","22":"purchasable","23":"product-type-simple"},"brands":[{"id":6561,"name":"Lok","slug":"lokk"}],"_links":{"self":[{"href":"https:\/\/tiendapadel5.com\/it\/wp-json\/wp\/v2\/product\/123205","targetHints":{"allow":["GET"]}}],"collection":[{"href":"https:\/\/tiendapadel5.com\/it\/wp-json\/wp\/v2\/product"}],"about":[{"href":"https:\/\/tiendapadel5.com\/it\/wp-json\/wp\/v2\/types\/product"}],"replies":[{"embeddable":true,"href":"https:\/\/tiendapadel5.com\/it\/wp-json\/wp\/v2\/comments?post=123205"}],"version-history":[{"count":0,"href":"https:\/\/tiendapadel5.com\/it\/wp-json\/wp\/v2\/product\/123205\/revisions"}],"wp:featuredmedia":[{"embeddable":true,"href":"https:\/\/tiendapadel5.com\/it\/wp-json\/wp\/v2\/media\/123187"}],"wp:attachment":[{"href":"https:\/\/tiendapadel5.com\/it\/wp-json\/wp\/v2\/media?parent=123205"}],"wp:term":[{"taxonomy":"pwb-brand","embeddable":true,"href":"https:\/\/tiendapadel5.com\/it\/wp-json\/wp\/v2\/pwb-brand?post=123205"},{"taxonomy":"product_brand","embeddable":true,"href":"https:\/\/tiendapadel5.com\/it\/wp-json\/wp\/v2\/product_brand?post=123205"},{"taxonomy":"product_cat","embeddable":true,"href":"https:\/\/tiendapadel5.com\/it\/wp-json\/wp\/v2\/product_cat?post=123205"},{"taxonomy":"product_tag","embeddable":true,"href":"https:\/\/tiendapadel5.com\/it\/wp-json\/wp\/v2\/product_tag?post=123205"}],"curies":[{"name":"wp","href":"https:\/\/api.w.org\/{rel}","templated":true}]}}