{"id":123203,"date":"2024-03-23T10:18:29","date_gmt":"2024-03-23T09:18:29","guid":{"rendered":"https:\/\/tiendapadel5.com\/flusso-lok-maxx\/"},"modified":"2024-12-20T17:38:40","modified_gmt":"2024-12-20T16:38:40","slug":"flusso-lok-maxx","status":"publish","type":"product","link":"https:\/\/tiendapadel5.com\/it\/flusso-lok-maxx\/","title":{"rendered":"Lok Maxx Flow"},"content":{"rendered":"<h2>Lok Maxx Flow Caratteristiche:<\/h2>\n<p>LIVELLO: PRO<\/p>\n<p>PUNTO DOLCE: Centro<\/p>\n<p>FORMA: rotonda<\/p>\n<p>BILANCIO: Centro<\/p>\n<p>PESO: 360-375gr<\/p>\n<p>Lunghezza: 455 mm<\/p>\n<p>PROFILO: 38 mm<\/p>\n","protected":false},"excerpt":{"rendered":"<p>La pala New Lok Maxx Flow \u00e8 quella scelta da Bea Caldera. Questa racchetta \u00e8 progettata per giocatori di livello avanzato grazie alla sua tecnologia, ed \u00e8 destinata ai giocatori che cercano difesa e controllo nel loro gioco.<\/p>\n","protected":false},"featured_media":124051,"comment_status":"open","ping_status":"closed","template":"","meta":{"_joinchat":[]},"pwb-brand":[6561],"product_brand":[],"product_cat":[6562,5724,19],"product_tag":[323,6573,6574],"class_list":{"0":"post-123203","1":"product","2":"type-product","3":"status-publish","4":"has-post-thumbnail","6":"pwb-brand-lokk","7":"product_cat-lok","8":"product_cat-5724","9":"product_cat-palas-padel","10":"product_tag-flow","11":"product_tag-lok","12":"product_tag-maxx","13":"pa_forma-redonda","14":"pa_marco-fibra-de-carbono","15":"pa_nivel-de-juego-avanzado-profesional","16":"pa_tipo-de-juego-control","18":"first","19":"instock","20":"sale","21":"taxable","22":"shipping-taxable","23":"purchasable","24":"product-type-simple"},"brands":[{"id":6561,"name":"Lok","slug":"lokk"}],"_links":{"self":[{"href":"https:\/\/tiendapadel5.com\/it\/wp-json\/wp\/v2\/product\/123203","targetHints":{"allow":["GET"]}}],"collection":[{"href":"https:\/\/tiendapadel5.com\/it\/wp-json\/wp\/v2\/product"}],"about":[{"href":"https:\/\/tiendapadel5.com\/it\/wp-json\/wp\/v2\/types\/product"}],"replies":[{"embeddable":true,"href":"https:\/\/tiendapadel5.com\/it\/wp-json\/wp\/v2\/comments?post=123203"}],"version-history":[{"count":0,"href":"https:\/\/tiendapadel5.com\/it\/wp-json\/wp\/v2\/product\/123203\/revisions"}],"wp:featuredmedia":[{"embeddable":true,"href":"https:\/\/tiendapadel5.com\/it\/wp-json\/wp\/v2\/media\/124051"}],"wp:attachment":[{"href":"https:\/\/tiendapadel5.com\/it\/wp-json\/wp\/v2\/media?parent=123203"}],"wp:term":[{"taxonomy":"pwb-brand","embeddable":true,"href":"https:\/\/tiendapadel5.com\/it\/wp-json\/wp\/v2\/pwb-brand?post=123203"},{"taxonomy":"product_brand","embeddable":true,"href":"https:\/\/tiendapadel5.com\/it\/wp-json\/wp\/v2\/product_brand?post=123203"},{"taxonomy":"product_cat","embeddable":true,"href":"https:\/\/tiendapadel5.com\/it\/wp-json\/wp\/v2\/product_cat?post=123203"},{"taxonomy":"product_tag","embeddable":true,"href":"https:\/\/tiendapadel5.com\/it\/wp-json\/wp\/v2\/product_tag?post=123203"}],"curies":[{"name":"wp","href":"https:\/\/api.w.org\/{rel}","templated":true}]}}