{"id":110595,"date":"2024-01-19T17:53:48","date_gmt":"2024-01-19T16:53:48","guid":{"rendered":"https:\/\/tiendapadel5.com\/?post_type=product&#038;p=110595"},"modified":"2026-01-22T11:08:17","modified_gmt":"2026-01-22T10:08:17","slug":"zapatillas-drop-shot-dailos-2024","status":"publish","type":"product","link":"https:\/\/tiendapadel5.com\/it\/zapatillas-drop-shot-dailos-2024\/","title":{"rendered":"Zapatillas Drop Shot Dailos 2024"},"content":{"rendered":"<h2>Zapatillas Drop Shot Dailos 2024 Caracter\u00edsticas:<\/h2>\n<div class=\"accordion-container\">\n<div class=\"accordion-content\">\n<p><strong>Tipo de producto:<\/strong>\u00a0Zapatillas de p\u00e1del<\/p>\n<p><strong>Cualidades:\u00a0<\/strong>estabilidad y comodidad<\/p>\n<p><strong>Nivel de juego:\u00a0<\/strong>Medio y avanzado<\/p>\n<p><strong>Suela:<\/strong>\u00a0Clay<\/p>\n<p><strong>Upper:<\/strong>\u00a0Malla superior Inyectado KPU sint\u00e9tica Drop Lite, transpirable, flexible, super resistente y sin costuras. Leng\u00fceta y empeine acolchada para un ajuste c\u00f3modo. Cierre con cordones flat para un f\u00e1cil y r\u00e1pido calzado.<\/p>\n<p><strong>Lining:<\/strong>\u00a0Forro de tela transpirable.<\/p>\n<p><strong>Insole:<\/strong>\u00a0Plantilla hi-poly Extra\u00edble.<\/p>\n<p><strong>Midsole:<\/strong>\u00a0Mediasuela de Eva flexible suave, de doble densidad.<\/p>\n<p><strong>Outsole:<\/strong>\u00a0Suela exterior de caucho de alta resistencia a la abrasi\u00f3n para una mayor durabilidad y tracci\u00f3n. Estabilizador del tal\u00f3n TPU.<\/p>\n<p>&nbsp;<\/p>\n<\/div>\n<\/div>\n<div class=\"accordion-container\"><\/div>\n","protected":false},"excerpt":{"rendered":"<p>Las Nuevas Zapatillas Drop Shot Dailos 2024 estan creadas con un estilo moderno y atrevido.<\/p>\n","protected":false},"featured_media":110629,"comment_status":"open","ping_status":"closed","template":"","meta":{"_joinchat":[]},"pwb-brand":[32],"product_brand":[],"product_cat":[6130,6133,22,6134,440,52],"product_tag":[5726,6142,731,732,300],"class_list":{"0":"post-110595","1":"product","2":"type-product","3":"status-publish","4":"has-post-thumbnail","6":"pwb-brand-dropshot","7":"product_cat-black-friday-padel","8":"product_cat-zapatillas","9":"product_cat-zapatillas-de-padel","10":"product_cat-cyber-monday-padel","11":"product_cat-zapatillas-drop-shot","12":"product_cat-para-hombre","13":"product_tag-5726","14":"product_tag-dailos","15":"product_tag-drop","16":"product_tag-shot","17":"product_tag-zapatillas","18":"pa_talla-280","19":"pa_talla-281","20":"pa_talla-282","21":"pa_talla-283","22":"pa_talla-284","24":"first","25":"instock","26":"sale","27":"taxable","28":"shipping-taxable","29":"purchasable","30":"product-type-variable"},"brands":[{"id":32,"name":"DropShot","slug":"dropshot"}],"_links":{"self":[{"href":"https:\/\/tiendapadel5.com\/it\/wp-json\/wp\/v2\/product\/110595","targetHints":{"allow":["GET"]}}],"collection":[{"href":"https:\/\/tiendapadel5.com\/it\/wp-json\/wp\/v2\/product"}],"about":[{"href":"https:\/\/tiendapadel5.com\/it\/wp-json\/wp\/v2\/types\/product"}],"replies":[{"embeddable":true,"href":"https:\/\/tiendapadel5.com\/it\/wp-json\/wp\/v2\/comments?post=110595"}],"version-history":[{"count":0,"href":"https:\/\/tiendapadel5.com\/it\/wp-json\/wp\/v2\/product\/110595\/revisions"}],"wp:featuredmedia":[{"embeddable":true,"href":"https:\/\/tiendapadel5.com\/it\/wp-json\/wp\/v2\/media\/110629"}],"wp:attachment":[{"href":"https:\/\/tiendapadel5.com\/it\/wp-json\/wp\/v2\/media?parent=110595"}],"wp:term":[{"taxonomy":"pwb-brand","embeddable":true,"href":"https:\/\/tiendapadel5.com\/it\/wp-json\/wp\/v2\/pwb-brand?post=110595"},{"taxonomy":"product_brand","embeddable":true,"href":"https:\/\/tiendapadel5.com\/it\/wp-json\/wp\/v2\/product_brand?post=110595"},{"taxonomy":"product_cat","embeddable":true,"href":"https:\/\/tiendapadel5.com\/it\/wp-json\/wp\/v2\/product_cat?post=110595"},{"taxonomy":"product_tag","embeddable":true,"href":"https:\/\/tiendapadel5.com\/it\/wp-json\/wp\/v2\/product_tag?post=110595"}],"curies":[{"name":"wp","href":"https:\/\/api.w.org\/{rel}","templated":true}]}}