{"id":103727,"date":"2023-12-07T13:12:04","date_gmt":"2023-12-07T12:12:04","guid":{"rendered":"https:\/\/tiendapadel5.com\/?post_type=product&#038;p=103727"},"modified":"2026-03-21T00:57:09","modified_gmt":"2026-03-20T23:57:09","slug":"pack-de-3-botes-de-bolas-head-one-s","status":"publish","type":"product","link":"https:\/\/tiendapadel5.com\/it\/pack-de-3-botes-de-bolas-head-one-s\/","title":{"rendered":"Pack de 3 Botes de Bolas Head One"},"content":{"rendered":"<h2>Pack de 3 Botes de Bolas Head One S<\/h2>\n<p>Caracteristicas:<\/p>\n<p>Pack compuesto por 3 botes de bolas head one s<\/p>\n","protected":false},"excerpt":{"rendered":"<div class=\"product-view\">\n<div class=\"product-info-cms\">\n<div class=\"product-info-tabs\">\n<div id=\"product-tabs\" class=\"product data items\" role=\"tablist\">\n<div id=\"tab-description\" class=\"product-attribute description-list\" role=\"tabpanel\" data-role=\"content\" aria-hidden=\"false\">La pelota Head Padel One S, r\u00e1pida, aunque sin extralimitarse, ofrece unos niveles de control y durabilidad excelentes. Es una pelota de alto rendimiento dise\u00f1ada para jugadores que est\u00e1n desarrollando su t\u00e9cnica. Se suministra en un embalaje sostenible, los elementos del cual, se pueden separar f\u00e1cilmente para su reciclaje.<\/div>\n<\/div>\n<\/div>\n<\/div>\n<\/div>\n<div id=\"custom-popup-redirect-propose\" data-bind=\"scope: 'geoipCountryRedirect'\"><\/div>\n<div class=\"yotpo-widget-container\">\n<div class=\"yotpo yotpo-pictures-widget yotpo-size-7\" data-gallery-id=\"60e2d27f6271a70bd2315e59\" data-product-id=\"75684\" data-yotpo-element-id=\"4\"><\/div>\n<\/div>\n<div class=\"yotpo yotpo-main-widget\" data-product-id=\"75684\" data-name=\"HEAD ONE 3 pelotas de p\u00e1del\" data-description=\"Mejora tu juego con el modelo HEAD PADEL\u00a0ONE, una pelota de alto rendimiento ideal para jugadores que desean subir de nivel, y que se presenta en un nuevo embalaje sostenible.\" data-url=\"https:\/\/www.head.com\/es_ES\/3b-head-padel-one-6dz-575483.html\" data-image-url=\"https:\/\/cdn-mdb.head.com\/CDN3\/G\/575483\/1\/100x100\/3b-head-padel-one-6dz.jpg\" data-price=\"6\" data-currency=\"EUR\" data-yotpo-element-id=\"1\">\n<div class=\"main-widget yotpo-display-wrapper yotpo-no-reviews yotpo-label-border\" data-source=\"default\">\n<div class=\"yotpo-messages\"><\/div>\n<div class=\"yotpo-nav-content\">\n<div id=\"yotpo-reviews-18901843-3645-4bc1-bd33-0788f80333d4\" class=\"yotpo-reviews yotpo-active\" role=\"tabpanel\" data-host-widget=\"main_widget\">\n<div class=\"total-reviews-search\"><\/div>\n<div class=\"yotpo-first-review\"><\/div>\n<\/div>\n<\/div>\n<\/div>\n<\/div>\n","protected":false},"featured_media":103728,"comment_status":"open","ping_status":"closed","template":"","meta":{"_joinchat":[]},"pwb-brand":[33],"product_brand":[],"product_cat":[1293,1358],"product_tag":[493,6023,987,1139,160,940,575,482],"class_list":{"0":"post-103727","1":"product","2":"type-product","3":"status-publish","4":"has-post-thumbnail","6":"pwb-brand-head","7":"product_cat-cajones-pelotas-de-padel","8":"product_cat-pelotas-head","9":"product_tag-493","10":"product_tag-bolas","11":"product_tag-botes","12":"product_tag-de","13":"product_tag-head","14":"product_tag-one","15":"product_tag-pack","16":"product_tag-s","18":"first","19":"instock","20":"sale","21":"featured","22":"taxable","23":"shipping-taxable","24":"purchasable","25":"product-type-simple"},"brands":[{"id":33,"name":"Head","slug":"head"}],"_links":{"self":[{"href":"https:\/\/tiendapadel5.com\/it\/wp-json\/wp\/v2\/product\/103727","targetHints":{"allow":["GET"]}}],"collection":[{"href":"https:\/\/tiendapadel5.com\/it\/wp-json\/wp\/v2\/product"}],"about":[{"href":"https:\/\/tiendapadel5.com\/it\/wp-json\/wp\/v2\/types\/product"}],"replies":[{"embeddable":true,"href":"https:\/\/tiendapadel5.com\/it\/wp-json\/wp\/v2\/comments?post=103727"}],"version-history":[{"count":0,"href":"https:\/\/tiendapadel5.com\/it\/wp-json\/wp\/v2\/product\/103727\/revisions"}],"wp:featuredmedia":[{"embeddable":true,"href":"https:\/\/tiendapadel5.com\/it\/wp-json\/wp\/v2\/media\/103728"}],"wp:attachment":[{"href":"https:\/\/tiendapadel5.com\/it\/wp-json\/wp\/v2\/media?parent=103727"}],"wp:term":[{"taxonomy":"pwb-brand","embeddable":true,"href":"https:\/\/tiendapadel5.com\/it\/wp-json\/wp\/v2\/pwb-brand?post=103727"},{"taxonomy":"product_brand","embeddable":true,"href":"https:\/\/tiendapadel5.com\/it\/wp-json\/wp\/v2\/product_brand?post=103727"},{"taxonomy":"product_cat","embeddable":true,"href":"https:\/\/tiendapadel5.com\/it\/wp-json\/wp\/v2\/product_cat?post=103727"},{"taxonomy":"product_tag","embeddable":true,"href":"https:\/\/tiendapadel5.com\/it\/wp-json\/wp\/v2\/product_tag?post=103727"}],"curies":[{"name":"wp","href":"https:\/\/api.w.org\/{rel}","templated":true}]}}