{"id":85797,"date":"2023-09-14T16:47:28","date_gmt":"2023-09-14T15:47:28","guid":{"rendered":"https:\/\/tiendapadel5.com\/?post_type=product&#038;p=85797"},"modified":"2026-03-11T17:26:26","modified_gmt":"2026-03-11T16:26:26","slug":"sudadera-bullpadel-icaco-as-negro","status":"publish","type":"product","link":"https:\/\/tiendapadel5.com\/fr\/sudadera-bullpadel-icaco-as-negro\/","title":{"rendered":"Sudadera Bullpadel Icaco AS Negro"},"content":{"rendered":"<h2>Caracter\u00edsticas Sudadera Bullpadel Icaco AS Negro<\/h2>\n<p>L\u00ednea Padel is my Power.<\/p>\n<p>Firmada por Alejandra Salazar<br \/>\nColor: Negro<br \/>\nComposici\u00f3n: 87% poli\u00e9ster &#8211; 13% spandex. Double piqu\u00e9.<br \/>\nTejido t\u00e9cnico: Drynamic<\/p>\n","protected":false},"excerpt":{"rendered":"<p>La Sudadera Bullpadel Icaco AS Negro, ha sido elegida y viene firmada por la jugadora Alejandra Salazar. Fabricada con cremallera y cuello de chimenea.<\/p>\n","protected":false},"featured_media":85843,"comment_status":"open","ping_status":"closed","template":"","meta":{"_joinchat":[]},"pwb-brand":[31],"product_brand":[],"product_cat":[6130,6132,6134,21,447,47,105,5907],"product_tag":[5694,319,5693,669,517],"class_list":{"0":"post-85797","1":"product","2":"type-product","3":"status-publish","4":"has-post-thumbnail","6":"pwb-brand-bullpadel","7":"product_cat-black-friday-padel","8":"product_cat-ropa","9":"product_cat-cyber-monday-padel","10":"product_cat-ropa-padel","11":"product_cat-ropa-bullpadel","12":"product_cat-mujer","13":"product_cat-sudaderas","14":"product_cat-sudaderasm","15":"product_tag-as","16":"product_tag-bullpadel","17":"product_tag-icaco","18":"product_tag-negro","19":"product_tag-sudadera","20":"pa_talla-l","21":"pa_talla-m","22":"pa_talla-s","23":"pa_talla-xl","24":"pa_talla-xs","26":"first","27":"instock","28":"sale","29":"taxable","30":"shipping-taxable","31":"purchasable","32":"product-type-variable"},"brands":[{"id":31,"name":"Bullpadel","slug":"bullpadel"}],"_links":{"self":[{"href":"https:\/\/tiendapadel5.com\/fr\/wp-json\/wp\/v2\/product\/85797","targetHints":{"allow":["GET"]}}],"collection":[{"href":"https:\/\/tiendapadel5.com\/fr\/wp-json\/wp\/v2\/product"}],"about":[{"href":"https:\/\/tiendapadel5.com\/fr\/wp-json\/wp\/v2\/types\/product"}],"replies":[{"embeddable":true,"href":"https:\/\/tiendapadel5.com\/fr\/wp-json\/wp\/v2\/comments?post=85797"}],"version-history":[{"count":1,"href":"https:\/\/tiendapadel5.com\/fr\/wp-json\/wp\/v2\/product\/85797\/revisions"}],"predecessor-version":[{"id":255977,"href":"https:\/\/tiendapadel5.com\/fr\/wp-json\/wp\/v2\/product\/85797\/revisions\/255977"}],"wp:featuredmedia":[{"embeddable":true,"href":"https:\/\/tiendapadel5.com\/fr\/wp-json\/wp\/v2\/media\/85843"}],"wp:attachment":[{"href":"https:\/\/tiendapadel5.com\/fr\/wp-json\/wp\/v2\/media?parent=85797"}],"wp:term":[{"taxonomy":"pwb-brand","embeddable":true,"href":"https:\/\/tiendapadel5.com\/fr\/wp-json\/wp\/v2\/pwb-brand?post=85797"},{"taxonomy":"product_brand","embeddable":true,"href":"https:\/\/tiendapadel5.com\/fr\/wp-json\/wp\/v2\/product_brand?post=85797"},{"taxonomy":"product_cat","embeddable":true,"href":"https:\/\/tiendapadel5.com\/fr\/wp-json\/wp\/v2\/product_cat?post=85797"},{"taxonomy":"product_tag","embeddable":true,"href":"https:\/\/tiendapadel5.com\/fr\/wp-json\/wp\/v2\/product_tag?post=85797"}],"curies":[{"name":"wp","href":"https:\/\/api.w.org\/{rel}","templated":true}]}}