{"id":71701,"date":"2023-06-13T11:47:59","date_gmt":"2023-06-13T10:47:59","guid":{"rendered":"https:\/\/tiendapadel5.com\/?post_type=product&#038;p=71701"},"modified":"2026-04-27T08:32:55","modified_gmt":"2026-04-27T06:32:55","slug":"cubo-overgrips-head-padel-pro","status":"publish","type":"product","link":"https:\/\/tiendapadel5.com\/fr\/cubo-overgrips-head-padel-pro\/","title":{"rendered":"Cubo Overgrips Head Padel Pro"},"content":{"rendered":"<h2>Caracter\u00edsticas Cubo Overgrips Head Padel Pro<\/h2>\n<ul>\n<li>Agarre m\u00e1ximo<\/li>\n<li>Absorci\u00f3n del sudor<\/li>\n<li>Tacto suave<\/li>\n<li>Cubo con 60 overgrips<\/li>\n<\/ul>\n","protected":false},"excerpt":{"rendered":"<p>El cubo overgrips Head P\u00e1del Pro contiene 60 unidades de overgrips de gran calidad. Aporta m\u00e1ximo agarre y absorci\u00f3n de sudor.<\/p>\n","protected":false},"featured_media":71712,"comment_status":"open","ping_status":"closed","template":"","meta":{"_joinchat":[]},"pwb-brand":[33],"product_brand":[],"product_cat":[23,422,4403],"product_tag":[],"class_list":{"0":"post-71701","1":"product","2":"type-product","3":"status-publish","4":"has-post-thumbnail","6":"pwb-brand-head","7":"product_cat-accesorios-de-padel","8":"product_cat-complementos-head","9":"product_cat-grips-overgrips","11":"first","12":"instock","13":"sale","14":"taxable","15":"shipping-taxable","16":"purchasable","17":"product-type-simple"},"brands":[{"id":33,"name":"Head","slug":"head"}],"_links":{"self":[{"href":"https:\/\/tiendapadel5.com\/fr\/wp-json\/wp\/v2\/product\/71701","targetHints":{"allow":["GET"]}}],"collection":[{"href":"https:\/\/tiendapadel5.com\/fr\/wp-json\/wp\/v2\/product"}],"about":[{"href":"https:\/\/tiendapadel5.com\/fr\/wp-json\/wp\/v2\/types\/product"}],"replies":[{"embeddable":true,"href":"https:\/\/tiendapadel5.com\/fr\/wp-json\/wp\/v2\/comments?post=71701"}],"version-history":[{"count":1,"href":"https:\/\/tiendapadel5.com\/fr\/wp-json\/wp\/v2\/product\/71701\/revisions"}],"predecessor-version":[{"id":245374,"href":"https:\/\/tiendapadel5.com\/fr\/wp-json\/wp\/v2\/product\/71701\/revisions\/245374"}],"wp:featuredmedia":[{"embeddable":true,"href":"https:\/\/tiendapadel5.com\/fr\/wp-json\/wp\/v2\/media\/71712"}],"wp:attachment":[{"href":"https:\/\/tiendapadel5.com\/fr\/wp-json\/wp\/v2\/media?parent=71701"}],"wp:term":[{"taxonomy":"pwb-brand","embeddable":true,"href":"https:\/\/tiendapadel5.com\/fr\/wp-json\/wp\/v2\/pwb-brand?post=71701"},{"taxonomy":"product_brand","embeddable":true,"href":"https:\/\/tiendapadel5.com\/fr\/wp-json\/wp\/v2\/product_brand?post=71701"},{"taxonomy":"product_cat","embeddable":true,"href":"https:\/\/tiendapadel5.com\/fr\/wp-json\/wp\/v2\/product_cat?post=71701"},{"taxonomy":"product_tag","embeddable":true,"href":"https:\/\/tiendapadel5.com\/fr\/wp-json\/wp\/v2\/product_tag?post=71701"}],"curies":[{"name":"wp","href":"https:\/\/api.w.org\/{rel}","templated":true}]}}