{"id":56174,"date":"2023-05-18T17:23:17","date_gmt":"2023-05-18T16:23:17","guid":{"rendered":"https:\/\/tiendapadel5.com\/?post_type=product&#038;p=56174"},"modified":"2026-04-09T09:15:04","modified_gmt":"2026-04-09T07:15:04","slug":"zapatillas-babolat-jet-ritma-women","status":"publish","type":"product","link":"https:\/\/tiendapadel5.com\/fr\/zapatillas-babolat-jet-ritma-women\/","title":{"rendered":"Zapatillas Babolat Jet Ritma Women"},"content":{"rendered":"<h2>Caracter\u00edsticas Zapatillas Babolat Jet Rima Women<\/h2>\n<p>Tecnolog\u00eda Matryx\u00ae<\/p>\n<p>Suelas Michel\u00edn<\/p>\n","protected":false},"excerpt":{"rendered":"<p>Las nuevas Zapatillas Babolat Jet Ritma Women han sido dise\u00f1adas espec\u00edficamente para jugadoras de p\u00e1del.<\/p>\n","protected":false},"featured_media":55989,"comment_status":"open","ping_status":"closed","template":"","meta":{"_joinchat":[]},"pwb-brand":[29],"product_brand":[],"product_cat":[10263,10265,6130,6133,22,6134,438,53],"product_tag":[245,767,855,151,300],"class_list":{"0":"post-56174","1":"product","2":"type-product","3":"status-publish","4":"has-post-thumbnail","6":"pwb-brand-babolat","7":"product_cat-babolat-productos","8":"product_cat-mujer-b","9":"product_cat-black-friday-padel","10":"product_cat-zapatillas","11":"product_cat-zapatillas-de-padel","12":"product_cat-cyber-monday-padel","13":"product_cat-zapatillas-babolat","14":"product_cat-para-mujer","15":"product_tag-babolat","16":"product_tag-jet","17":"product_tag-ritma","18":"product_tag-woman","19":"product_tag-zapatillas","20":"pa_talla-276","21":"pa_talla-277","22":"pa_talla-302","23":"pa_talla-278","24":"pa_talla-279","25":"pa_talla-334","26":"pa_talla-280","28":"first","29":"instock","30":"sale","31":"taxable","32":"shipping-taxable","33":"purchasable","34":"product-type-variable"},"brands":[{"id":29,"name":"Babolat","slug":"babolat"}],"_links":{"self":[{"href":"https:\/\/tiendapadel5.com\/fr\/wp-json\/wp\/v2\/product\/56174","targetHints":{"allow":["GET"]}}],"collection":[{"href":"https:\/\/tiendapadel5.com\/fr\/wp-json\/wp\/v2\/product"}],"about":[{"href":"https:\/\/tiendapadel5.com\/fr\/wp-json\/wp\/v2\/types\/product"}],"replies":[{"embeddable":true,"href":"https:\/\/tiendapadel5.com\/fr\/wp-json\/wp\/v2\/comments?post=56174"}],"version-history":[{"count":1,"href":"https:\/\/tiendapadel5.com\/fr\/wp-json\/wp\/v2\/product\/56174\/revisions"}],"predecessor-version":[{"id":259547,"href":"https:\/\/tiendapadel5.com\/fr\/wp-json\/wp\/v2\/product\/56174\/revisions\/259547"}],"wp:featuredmedia":[{"embeddable":true,"href":"https:\/\/tiendapadel5.com\/fr\/wp-json\/wp\/v2\/media\/55989"}],"wp:attachment":[{"href":"https:\/\/tiendapadel5.com\/fr\/wp-json\/wp\/v2\/media?parent=56174"}],"wp:term":[{"taxonomy":"pwb-brand","embeddable":true,"href":"https:\/\/tiendapadel5.com\/fr\/wp-json\/wp\/v2\/pwb-brand?post=56174"},{"taxonomy":"product_brand","embeddable":true,"href":"https:\/\/tiendapadel5.com\/fr\/wp-json\/wp\/v2\/product_brand?post=56174"},{"taxonomy":"product_cat","embeddable":true,"href":"https:\/\/tiendapadel5.com\/fr\/wp-json\/wp\/v2\/product_cat?post=56174"},{"taxonomy":"product_tag","embeddable":true,"href":"https:\/\/tiendapadel5.com\/fr\/wp-json\/wp\/v2\/product_tag?post=56174"}],"curies":[{"name":"wp","href":"https:\/\/api.w.org\/{rel}","templated":true}]}}