{"id":46587,"date":"2022-11-30T16:56:58","date_gmt":"2022-11-30T15:56:58","guid":{"rendered":"https:\/\/tiendapadel5.com\/producto\/adidas-metalbone-ctrl-3-2\/"},"modified":"2026-03-10T22:43:16","modified_gmt":"2026-03-10T21:43:16","slug":"adidas-metalbone-ctrl-3-2","status":"publish","type":"product","link":"https:\/\/tiendapadel5.com\/fr\/adidas-metalbone-ctrl-3-2\/","title":{"rendered":"Adidas Metalbone Ctrl 3.2"},"content":{"rendered":"<div class=\"elementor-widget elementor-element elementor-widget-heading\" data-element_type=\"heading\">\n<div class=\"elementor-widget-container\">\n<p class=\"elementor-heading-title elementor-size-large none\"><strong>D\u00c9TAILS<\/strong><\/p>\n<\/div>\n<\/div>\n<section class=\"product-features\">\n<div class=\"data-sheet two-columns\">\n<p><i class=\"fa fa-check\"><\/i> <label class=\"label\">Niveau :<\/label> PRO <label class=\"label\">Caoutchouc :<\/label> Eva Soft Performance<\/p>\n<p><i class=\"fa fa-check\"><\/i> <label class=\"label\">Type de jeu :<\/label> Attaque <label class=\"label\">Fibre :<\/label> Carbone alumin\u00e9 2 T0 1<\/p>\n<p><i class=\"fa fa-check\"><\/i> <label class=\"label\">Forme :<\/label> Ronde Octogonale Structure<\/p>\n<p><i class=\"fa fa-check\"><\/i> <label class=\"label\">Balance :<\/label> Centre (250MM) Spin Blade Octagonal<\/p>\n<p><i class=\"fa fa-check\"><\/i> <label class=\"label\">Poids :<\/label> 345-360 (0+12) Courbe des trous intelligents<\/p>\n<p><i class=\"fa fa-check\"><\/i> <label class=\"label\">Surface :<\/label> 485 cm2 Renforcement structurel<\/p>\n<p><i class=\"fa fa-check\"><\/i> <label class=\"label\"> Longueur :<\/label> 455 mm Poids et syst\u00e8me d&rsquo;\u00e9quilibrage<\/p>\n<p> <label class=\"label\"> Epaisseur :<\/label> 38 mm <label class=\"label\">Protecteur :<\/label> 3M Metalbone<\/p>\n<p> <label class=\"label\"> Mod\u00e8le :<\/label> Metalbone <label class=\"label\">Collection :<\/label> 2023<\/p>\n<p><i class=\"fa fa-check\"><label class=\"label\">Lame d&rsquo;essorage :<\/label> Oui<\/i><\/p>\n<p>&nbsp;<\/p>\n<p>&nbsp;<\/p>\n<p>&nbsp;<\/p>\n<p>&nbsp;<\/p>\n<p>&nbsp;<\/p>\n<p>&nbsp;<\/p>\n<p>&nbsp;<\/p>\n<p>&nbsp;<\/p>\n<p>&nbsp;<\/p>\n<\/div>\n<\/section>\n","protected":false},"excerpt":{"rendered":"<p>La raquette Adidas Metalbone Ctrl 3.2 est une raquette de contr\u00f4le tr\u00e8s performante, gr\u00e2ce aux technologies et mat\u00e9riaux de haute qualit\u00e9 utilis\u00e9s par Adidas.<\/p>\n","protected":false},"featured_media":46588,"comment_status":"open","ping_status":"closed","template":"","meta":{"_joinchat":[]},"pwb-brand":[28],"product_brand":[],"product_cat":[6130,6131,6134,19,4375,406],"product_tag":[1384,1391,143,653,652],"class_list":{"0":"post-46587","1":"product","2":"type-product","3":"status-publish","4":"has-post-thumbnail","6":"pwb-brand-adidas-padel","7":"product_cat-black-friday-padel","8":"product_cat-palas","9":"product_cat-cyber-monday-padel","10":"product_cat-palas-padel","11":"product_cat-palas-padel-2023","12":"product_cat-adidas","13":"product_tag-1384","14":"product_tag-3-2","15":"product_tag-adidas","16":"product_tag-ctrl","17":"product_tag-metalbone","18":"pa_forma-redonda","19":"pa_genero-hombre","20":"pa_marco-fibra-de-carbono","21":"pa_nivel-de-juego-avanzado-profesional","22":"pa_tipo-de-juego-control","24":"first","25":"instock","26":"sale","27":"taxable","28":"shipping-taxable","29":"purchasable","30":"product-type-simple"},"brands":[{"id":28,"name":"Adidas Padel","slug":"adidas-padel"}],"_links":{"self":[{"href":"https:\/\/tiendapadel5.com\/fr\/wp-json\/wp\/v2\/product\/46587","targetHints":{"allow":["GET"]}}],"collection":[{"href":"https:\/\/tiendapadel5.com\/fr\/wp-json\/wp\/v2\/product"}],"about":[{"href":"https:\/\/tiendapadel5.com\/fr\/wp-json\/wp\/v2\/types\/product"}],"replies":[{"embeddable":true,"href":"https:\/\/tiendapadel5.com\/fr\/wp-json\/wp\/v2\/comments?post=46587"}],"version-history":[{"count":0,"href":"https:\/\/tiendapadel5.com\/fr\/wp-json\/wp\/v2\/product\/46587\/revisions"}],"wp:featuredmedia":[{"embeddable":true,"href":"https:\/\/tiendapadel5.com\/fr\/wp-json\/wp\/v2\/media\/46588"}],"wp:attachment":[{"href":"https:\/\/tiendapadel5.com\/fr\/wp-json\/wp\/v2\/media?parent=46587"}],"wp:term":[{"taxonomy":"pwb-brand","embeddable":true,"href":"https:\/\/tiendapadel5.com\/fr\/wp-json\/wp\/v2\/pwb-brand?post=46587"},{"taxonomy":"product_brand","embeddable":true,"href":"https:\/\/tiendapadel5.com\/fr\/wp-json\/wp\/v2\/product_brand?post=46587"},{"taxonomy":"product_cat","embeddable":true,"href":"https:\/\/tiendapadel5.com\/fr\/wp-json\/wp\/v2\/product_cat?post=46587"},{"taxonomy":"product_tag","embeddable":true,"href":"https:\/\/tiendapadel5.com\/fr\/wp-json\/wp\/v2\/product_tag?post=46587"}],"curies":[{"name":"wp","href":"https:\/\/api.w.org\/{rel}","templated":true}]}}