{"id":3673,"date":"2020-11-30T23:56:00","date_gmt":"2020-11-30T22:56:00","guid":{"rendered":"https:\/\/tiendapadel5.com\/?post_type=product&#038;p=3673"},"modified":"2026-03-30T12:21:42","modified_gmt":"2026-03-30T10:21:42","slug":"overgrips-wilson-perforados-60-unidades","status":"publish","type":"product","link":"https:\/\/tiendapadel5.com\/fr\/overgrips-wilson-perforados-60-unidades\/","title":{"rendered":"Overgrips Wilson Perforados 60 unidades"},"content":{"rendered":"<h2>Caracter\u00edsticas de los overgrips perforados Wilson (paquete de 60 unidades)<\/h2>\n<h3>\u00bfQu\u00e9 beneficios ofrecen los overgrips Wilson perforados?<\/h3>\n<p>Los overgrips Wilson perforados ofrecen una excelente absorci\u00f3n de la humedad y un secado r\u00e1pido, gracias a su dise\u00f1o perforado. Esto mejora el agarre y el confort durante el juego.<\/p>\n<h3>\u00bfPor qu\u00e9 elegir grips y overgrips de Wilson?<\/h3>\n<p>Los <span style=\"color: #ed1c24;\"><a style=\"color: #ed1c24;\" title=\"Grips y overgrips de p\u00e1del\" href=\"https:\/\/tiendapadel5.com\/accesorios-de-padel\/grips-overgrips\/\" target=\"_blank\" rel=\"noopener\"><strong>grips y overgrips<\/strong><\/a><\/span> de Wilson son reconocidos por su alta calidad y durabilidad, proporcionando un excelente rendimiento y un agarre seguro en cada partido.<\/p>\n<h3>\u00bfQu\u00e9 incluye el pack de overgrips Wilson perforados de 60 unidades?<\/h3>\n<p>El pack incluye 60 overgrips Wilson perforados, ideales para cambiar la empu\u00f1adura existente o aumentar el grosor del mango de la raqueta, siendo los imprescindibles <span style=\"color: #ed1c24;\"><a style=\"color: #ed1c24;\" title=\"Accesorios de p\u00e1del\" href=\"https:\/\/tiendapadel5.com\/accesorios-de-padel\/\" target=\"_blank\" rel=\"noopener\"><strong>accesorios de padel<\/strong><\/a><\/span> que siempre debes llevar en tu paletero, ya que es habitual que necesites cambiarlo incluso en mitad de un juego.<\/p>\n<h3>\u00bfSon los overgrips Wilson perforados adecuados para todos los niveles de juego?<\/h3>\n<p>S\u00ed, los overgrips Wilson perforados son adecuados para jugadores de todos los niveles, desde principiantes hasta avanzados, ya que mejoran el control y la comodidad del agarre.<\/p>\n<h3>\u00bfD\u00f3nde puedo comprar accesorios de padel como los overgrips Wilson perforados?<\/h3>\n<p>Puedes comprar estos y muchos otros accesorios de padel en nuestra tienda de p\u00e1del online. En Padel5 tenemos una amplia gama de productos de p\u00e1del: overgrips, bolas, ropa, zapatillas, mu\u00f1equeras, palas de p\u00e1del de grandes marcas y mucho m\u00e1s al mejor precio del mercado.<\/p>\n","protected":false},"excerpt":{"rendered":"<ul>\n<li><span class=\"a-list-item\"> Pack de 60 empu\u00f1aduras perforadas para raquetas de tenis, \u00f3ptimo para cambiar la empu\u00f1adura existente o aumentar su grosor con una cinta adicional <\/span><\/li>\n<li><span class=\"a-list-item\"> Absorbe la humedad y se seca r\u00e1pidamente gracias a las perforaciones.<\/span><\/li>\n<\/ul>\n","protected":false},"featured_media":3674,"comment_status":"open","ping_status":"closed","template":"","meta":{"_joinchat":[]},"pwb-brand":[37],"product_brand":[],"product_cat":[23,426,4403],"product_tag":[293,85,222],"class_list":{"0":"post-3673","1":"product","2":"type-product","3":"status-publish","4":"has-post-thumbnail","6":"pwb-brand-wilson","7":"product_cat-accesorios-de-padel","8":"product_cat-complementos-wilson","9":"product_cat-grips-overgrips","10":"product_tag-grip","11":"product_tag-padel","12":"product_tag-wilson","14":"first","15":"outofstock","16":"sale","17":"taxable","18":"shipping-taxable","19":"purchasable","20":"product-type-simple"},"brands":[{"id":37,"name":"Wilson","slug":"wilson"}],"_links":{"self":[{"href":"https:\/\/tiendapadel5.com\/fr\/wp-json\/wp\/v2\/product\/3673","targetHints":{"allow":["GET"]}}],"collection":[{"href":"https:\/\/tiendapadel5.com\/fr\/wp-json\/wp\/v2\/product"}],"about":[{"href":"https:\/\/tiendapadel5.com\/fr\/wp-json\/wp\/v2\/types\/product"}],"replies":[{"embeddable":true,"href":"https:\/\/tiendapadel5.com\/fr\/wp-json\/wp\/v2\/comments?post=3673"}],"version-history":[{"count":1,"href":"https:\/\/tiendapadel5.com\/fr\/wp-json\/wp\/v2\/product\/3673\/revisions"}],"predecessor-version":[{"id":243940,"href":"https:\/\/tiendapadel5.com\/fr\/wp-json\/wp\/v2\/product\/3673\/revisions\/243940"}],"wp:featuredmedia":[{"embeddable":true,"href":"https:\/\/tiendapadel5.com\/fr\/wp-json\/wp\/v2\/media\/3674"}],"wp:attachment":[{"href":"https:\/\/tiendapadel5.com\/fr\/wp-json\/wp\/v2\/media?parent=3673"}],"wp:term":[{"taxonomy":"pwb-brand","embeddable":true,"href":"https:\/\/tiendapadel5.com\/fr\/wp-json\/wp\/v2\/pwb-brand?post=3673"},{"taxonomy":"product_brand","embeddable":true,"href":"https:\/\/tiendapadel5.com\/fr\/wp-json\/wp\/v2\/product_brand?post=3673"},{"taxonomy":"product_cat","embeddable":true,"href":"https:\/\/tiendapadel5.com\/fr\/wp-json\/wp\/v2\/product_cat?post=3673"},{"taxonomy":"product_tag","embeddable":true,"href":"https:\/\/tiendapadel5.com\/fr\/wp-json\/wp\/v2\/product_tag?post=3673"}],"curies":[{"name":"wp","href":"https:\/\/api.w.org\/{rel}","templated":true}]}}