{"id":262212,"date":"2026-05-07T13:33:37","date_gmt":"2026-05-07T11:33:37","guid":{"rendered":"https:\/\/tiendapadel5.com\/?post_type=product&#038;p=262212"},"modified":"2026-05-07T13:46:42","modified_gmt":"2026-05-07T11:46:42","slug":"plantillas-deportivas-shockout-supreme-sport","status":"publish","type":"product","link":"https:\/\/tiendapadel5.com\/fr\/plantillas-deportivas-shockout-supreme-sport\/","title":{"rendered":"Plantillas Deportivas ShockOut Supreme Sport"},"content":{"rendered":"<p>Incorpora una<strong>\u00a0tecnolog\u00eda que absorbe las vibraciones y amortigua los impactos\u00a0<\/strong>dispersando cualquier efecto negativo sobre los m\u00fasculos y articulaciones.<\/p>\n<p>Las\u00a0<strong>plantillas ShockOut c<\/strong>uentan con un dise\u00f1o ergon\u00f3mico y una combinaci\u00f3n de materiales que favorecen la comodidad y la resistencia.<\/p>\n","protected":false},"excerpt":{"rendered":"<p>Las\u00a0<strong>plantillas ShockOut Extreme\u00a0<\/strong>han sido fabricadas principalmente con dos materiales; espuma de alta densidad la cual destaca por su<strong>\u00a0elasticidad y firmeza<\/strong>, adem\u00e1s, de proporcionar un tacto m\u00e1s gomoso y suave. Esta incre\u00edble espuma previene la fatiga y ofrece una\u00a0<strong>r\u00e1pida recuperaci\u00f3n.<\/strong><\/p>\n","protected":false},"featured_media":262213,"comment_status":"open","ping_status":"closed","template":"","meta":{"_joinchat":[]},"pwb-brand":[],"product_brand":[],"product_cat":[10604,23],"product_tag":[11690,11687,11689,11688],"class_list":{"0":"post-262212","1":"product","2":"type-product","3":"status-publish","4":"has-post-thumbnail","6":"product_cat-prevencion-lesiones","7":"product_cat-accesorios-de-padel","8":"product_tag-lesiones","9":"product_tag-plantilla","10":"product_tag-prevencion","11":"product_tag-shockout","12":"pa_talla-277","13":"pa_talla-279","14":"pa_talla-280","15":"pa_talla-281","16":"pa_talla-282","17":"pa_talla-283","18":"pa_talla-284","19":"pa_talla-285","21":"first","22":"instock","23":"taxable","24":"shipping-taxable","25":"purchasable","26":"product-type-variable"},"brands":[],"_links":{"self":[{"href":"https:\/\/tiendapadel5.com\/fr\/wp-json\/wp\/v2\/product\/262212","targetHints":{"allow":["GET"]}}],"collection":[{"href":"https:\/\/tiendapadel5.com\/fr\/wp-json\/wp\/v2\/product"}],"about":[{"href":"https:\/\/tiendapadel5.com\/fr\/wp-json\/wp\/v2\/types\/product"}],"replies":[{"embeddable":true,"href":"https:\/\/tiendapadel5.com\/fr\/wp-json\/wp\/v2\/comments?post=262212"}],"version-history":[{"count":1,"href":"https:\/\/tiendapadel5.com\/fr\/wp-json\/wp\/v2\/product\/262212\/revisions"}],"predecessor-version":[{"id":262230,"href":"https:\/\/tiendapadel5.com\/fr\/wp-json\/wp\/v2\/product\/262212\/revisions\/262230"}],"wp:featuredmedia":[{"embeddable":true,"href":"https:\/\/tiendapadel5.com\/fr\/wp-json\/wp\/v2\/media\/262213"}],"wp:attachment":[{"href":"https:\/\/tiendapadel5.com\/fr\/wp-json\/wp\/v2\/media?parent=262212"}],"wp:term":[{"taxonomy":"pwb-brand","embeddable":true,"href":"https:\/\/tiendapadel5.com\/fr\/wp-json\/wp\/v2\/pwb-brand?post=262212"},{"taxonomy":"product_brand","embeddable":true,"href":"https:\/\/tiendapadel5.com\/fr\/wp-json\/wp\/v2\/product_brand?post=262212"},{"taxonomy":"product_cat","embeddable":true,"href":"https:\/\/tiendapadel5.com\/fr\/wp-json\/wp\/v2\/product_cat?post=262212"},{"taxonomy":"product_tag","embeddable":true,"href":"https:\/\/tiendapadel5.com\/fr\/wp-json\/wp\/v2\/product_tag?post=262212"}],"curies":[{"name":"wp","href":"https:\/\/api.w.org\/{rel}","templated":true}]}}