{"id":260944,"date":"2026-04-24T12:37:56","date_gmt":"2026-04-24T10:37:56","guid":{"rendered":"https:\/\/tiendapadel5.com\/?post_type=product&#038;p=260944"},"modified":"2026-05-11T12:48:14","modified_gmt":"2026-05-11T10:48:14","slug":"aca-padel-atrium-2-2026","status":"publish","type":"product","link":"https:\/\/tiendapadel5.com\/fr\/aca-padel-atrium-2-2026\/","title":{"rendered":"Aca Padel Atrium 2 2026"},"content":{"rendered":"<ul>\n<li>Material de las caras: Carbono 18k<\/li>\n<li>Grosor: 38mm<\/li>\n<li>Forma: Hibrida<\/li>\n<li>Marco: Carbono<\/li>\n<li>Acabado: ACA 3D + Arena<\/li>\n<li>Nucleo: EVA Fusion +<\/li>\n<li>Nivel de juego: Avanzado<\/li>\n<\/ul>\n","protected":false},"excerpt":{"rendered":"<div class=\"s-des\">\n<p>Descubre la nueva ATRIUM dise\u00f1ada para jugadores que buscan precisi\u00f3n y potencia en cada golpe, esta pala destaca por su sofisticado dise\u00f1o, acabados premium y una correa intercambiable y de alta gama.<\/p>\n<\/div>\n","protected":false},"featured_media":260945,"comment_status":"open","ping_status":"closed","template":"","meta":{"_joinchat":[]},"pwb-brand":[10226],"product_brand":[],"product_cat":[10183,19,11134],"product_tag":[11132,10227,10228,85,577],"class_list":{"0":"post-260944","1":"product","2":"type-product","3":"status-publish","4":"has-post-thumbnail","6":"pwb-brand-aca","7":"product_cat-aca","8":"product_cat-palas-padel","9":"product_cat-11134","10":"product_tag-11132","11":"product_tag-aca","12":"product_tag-atrium","13":"product_tag-padel","14":"product_tag-pala","16":"first","17":"instock","18":"sale","19":"taxable","20":"shipping-taxable","21":"purchasable","22":"product-type-simple"},"brands":[{"id":10226,"name":"Aca","slug":"aca"}],"_links":{"self":[{"href":"https:\/\/tiendapadel5.com\/fr\/wp-json\/wp\/v2\/product\/260944","targetHints":{"allow":["GET"]}}],"collection":[{"href":"https:\/\/tiendapadel5.com\/fr\/wp-json\/wp\/v2\/product"}],"about":[{"href":"https:\/\/tiendapadel5.com\/fr\/wp-json\/wp\/v2\/types\/product"}],"replies":[{"embeddable":true,"href":"https:\/\/tiendapadel5.com\/fr\/wp-json\/wp\/v2\/comments?post=260944"}],"version-history":[{"count":1,"href":"https:\/\/tiendapadel5.com\/fr\/wp-json\/wp\/v2\/product\/260944\/revisions"}],"predecessor-version":[{"id":260980,"href":"https:\/\/tiendapadel5.com\/fr\/wp-json\/wp\/v2\/product\/260944\/revisions\/260980"}],"wp:featuredmedia":[{"embeddable":true,"href":"https:\/\/tiendapadel5.com\/fr\/wp-json\/wp\/v2\/media\/260945"}],"wp:attachment":[{"href":"https:\/\/tiendapadel5.com\/fr\/wp-json\/wp\/v2\/media?parent=260944"}],"wp:term":[{"taxonomy":"pwb-brand","embeddable":true,"href":"https:\/\/tiendapadel5.com\/fr\/wp-json\/wp\/v2\/pwb-brand?post=260944"},{"taxonomy":"product_brand","embeddable":true,"href":"https:\/\/tiendapadel5.com\/fr\/wp-json\/wp\/v2\/product_brand?post=260944"},{"taxonomy":"product_cat","embeddable":true,"href":"https:\/\/tiendapadel5.com\/fr\/wp-json\/wp\/v2\/product_cat?post=260944"},{"taxonomy":"product_tag","embeddable":true,"href":"https:\/\/tiendapadel5.com\/fr\/wp-json\/wp\/v2\/product_tag?post=260944"}],"curies":[{"name":"wp","href":"https:\/\/api.w.org\/{rel}","templated":true}]}}