{"id":256805,"date":"2026-03-18T13:04:12","date_gmt":"2026-03-18T12:04:12","guid":{"rendered":"https:\/\/tiendapadel5.com\/?post_type=product&#038;p=256805"},"modified":"2026-04-09T09:51:33","modified_gmt":"2026-04-09T07:51:33","slug":"manguito-floky-no-strain-evolution-blanco","status":"publish","type":"product","link":"https:\/\/tiendapadel5.com\/fr\/manguito-floky-no-strain-evolution-blanco\/","title":{"rendered":"Manguito Floky No Strain Evolution Blanco"},"content":{"rendered":"<p><strong>Principales beneficios:<\/strong><\/p>\n<p><strong>Estabilidad biomec\u00e1nica del brazo.<\/strong><\/p>\n<p><strong>Reducci\u00f3n de inflamaciones.<\/strong><\/p>\n<p><strong>Prevenci\u00f3n y soporte estructural.<\/strong><\/p>\n<p><strong>Comodidad y recuperaci\u00f3n acelerada.<\/strong><\/p>\n","protected":false},"excerpt":{"rendered":"<p><strong>NO STRAIN Evolution<\/strong>\u00a0es el primer manguito biomec\u00e1nico dise\u00f1ado para la protecci\u00f3n avanzada de la extremidad superior.<\/p>\n","protected":false},"featured_media":256807,"comment_status":"open","ping_status":"closed","template":"","meta":{"_joinchat":[]},"pwb-brand":[10603],"product_brand":[],"product_cat":[10619,23,10604],"product_tag":[11132,405,1244,10609,10608,11566],"class_list":{"0":"post-256805","1":"product","2":"type-product","3":"status-publish","4":"has-post-thumbnail","6":"pwb-brand-floky","7":"product_cat-complementos-floky","8":"product_cat-accesorios-de-padel","9":"product_cat-prevencion-lesiones","10":"product_tag-11132","11":"product_tag-blanco","12":"product_tag-evolution","13":"product_tag-floky","14":"product_tag-manguito","15":"product_tag-no-strain","16":"pa_talla-2xl","17":"pa_talla-l-xl","18":"pa_talla-m-l","19":"pa_talla-xs-s","21":"first","22":"instock","23":"sale","24":"taxable","25":"shipping-taxable","26":"purchasable","27":"product-type-variable"},"brands":[{"id":10603,"name":"Floky","slug":"floky"}],"_links":{"self":[{"href":"https:\/\/tiendapadel5.com\/fr\/wp-json\/wp\/v2\/product\/256805","targetHints":{"allow":["GET"]}}],"collection":[{"href":"https:\/\/tiendapadel5.com\/fr\/wp-json\/wp\/v2\/product"}],"about":[{"href":"https:\/\/tiendapadel5.com\/fr\/wp-json\/wp\/v2\/types\/product"}],"replies":[{"embeddable":true,"href":"https:\/\/tiendapadel5.com\/fr\/wp-json\/wp\/v2\/comments?post=256805"}],"version-history":[{"count":2,"href":"https:\/\/tiendapadel5.com\/fr\/wp-json\/wp\/v2\/product\/256805\/revisions"}],"predecessor-version":[{"id":256831,"href":"https:\/\/tiendapadel5.com\/fr\/wp-json\/wp\/v2\/product\/256805\/revisions\/256831"}],"wp:featuredmedia":[{"embeddable":true,"href":"https:\/\/tiendapadel5.com\/fr\/wp-json\/wp\/v2\/media\/256807"}],"wp:attachment":[{"href":"https:\/\/tiendapadel5.com\/fr\/wp-json\/wp\/v2\/media?parent=256805"}],"wp:term":[{"taxonomy":"pwb-brand","embeddable":true,"href":"https:\/\/tiendapadel5.com\/fr\/wp-json\/wp\/v2\/pwb-brand?post=256805"},{"taxonomy":"product_brand","embeddable":true,"href":"https:\/\/tiendapadel5.com\/fr\/wp-json\/wp\/v2\/product_brand?post=256805"},{"taxonomy":"product_cat","embeddable":true,"href":"https:\/\/tiendapadel5.com\/fr\/wp-json\/wp\/v2\/product_cat?post=256805"},{"taxonomy":"product_tag","embeddable":true,"href":"https:\/\/tiendapadel5.com\/fr\/wp-json\/wp\/v2\/product_tag?post=256805"}],"curies":[{"name":"wp","href":"https:\/\/api.w.org\/{rel}","templated":true}]}}