{"id":255764,"date":"2026-03-10T17:53:45","date_gmt":"2026-03-10T16:53:45","guid":{"rendered":"https:\/\/tiendapadel5.com\/?post_type=product&#038;p=255764"},"modified":"2026-03-11T09:13:15","modified_gmt":"2026-03-11T08:13:15","slug":"camiseta-wilson-m-team-seamless-crew-negro-2","status":"publish","type":"product","link":"https:\/\/tiendapadel5.com\/fr\/camiseta-wilson-m-team-seamless-crew-negro-2\/","title":{"rendered":"Camiseta Wilson M Team Seamless Crew Negro"},"content":{"rendered":"<p>Su tejido te proporciona una excelente\u00a0<strong>libertad<\/strong>\u00a0de movimientos en la pista. Esta camiseta te proporcionar\u00e1 un \u00f3ptimo confort, evitando al m\u00e1ximo las rozaduras a la vez que evacua el sudor de la mejor manera posible. Adem\u00e1s, las ventilaciones en zonas estrat\u00e9gicas te mantendr\u00e1n seco y fresco durante todo el ejercicio.<\/p>\n<p>En cuanto al dise\u00f1o, \u00a1el color liso combinar\u00e1 perfectamente con tu conjunto!<\/p>\n","protected":false},"excerpt":{"rendered":"<p>Esta\u00a0<strong>camiseta Wilson Team Seamless<\/strong>\u00a0ser\u00e1 tu mejor aliada durante todo el partido.<\/p>\n","protected":false},"featured_media":255765,"comment_status":"open","ping_status":"closed","template":"","meta":{"_joinchat":[]},"pwb-brand":[37],"product_brand":[],"product_cat":[453,87,21],"product_tag":[83,669,910,223,222],"class_list":{"0":"post-255764","1":"product","2":"type-product","3":"status-publish","4":"has-post-thumbnail","6":"pwb-brand-wilson","7":"product_cat-ropa-wilson","8":"product_cat-camisetas","9":"product_cat-ropa-padel","10":"product_tag-camiseta","11":"product_tag-negro","12":"product_tag-seamless","13":"product_tag-team","14":"product_tag-wilson","15":"pa_talla-l","16":"pa_talla-m","18":"first","19":"instock","20":"sale","21":"taxable","22":"shipping-taxable","23":"purchasable","24":"product-type-variable"},"brands":[{"id":37,"name":"Wilson","slug":"wilson"}],"_links":{"self":[{"href":"https:\/\/tiendapadel5.com\/fr\/wp-json\/wp\/v2\/product\/255764","targetHints":{"allow":["GET"]}}],"collection":[{"href":"https:\/\/tiendapadel5.com\/fr\/wp-json\/wp\/v2\/product"}],"about":[{"href":"https:\/\/tiendapadel5.com\/fr\/wp-json\/wp\/v2\/types\/product"}],"replies":[{"embeddable":true,"href":"https:\/\/tiendapadel5.com\/fr\/wp-json\/wp\/v2\/comments?post=255764"}],"version-history":[{"count":2,"href":"https:\/\/tiendapadel5.com\/fr\/wp-json\/wp\/v2\/product\/255764\/revisions"}],"predecessor-version":[{"id":256383,"href":"https:\/\/tiendapadel5.com\/fr\/wp-json\/wp\/v2\/product\/255764\/revisions\/256383"}],"wp:featuredmedia":[{"embeddable":true,"href":"https:\/\/tiendapadel5.com\/fr\/wp-json\/wp\/v2\/media\/255765"}],"wp:attachment":[{"href":"https:\/\/tiendapadel5.com\/fr\/wp-json\/wp\/v2\/media?parent=255764"}],"wp:term":[{"taxonomy":"pwb-brand","embeddable":true,"href":"https:\/\/tiendapadel5.com\/fr\/wp-json\/wp\/v2\/pwb-brand?post=255764"},{"taxonomy":"product_brand","embeddable":true,"href":"https:\/\/tiendapadel5.com\/fr\/wp-json\/wp\/v2\/product_brand?post=255764"},{"taxonomy":"product_cat","embeddable":true,"href":"https:\/\/tiendapadel5.com\/fr\/wp-json\/wp\/v2\/product_cat?post=255764"},{"taxonomy":"product_tag","embeddable":true,"href":"https:\/\/tiendapadel5.com\/fr\/wp-json\/wp\/v2\/product_tag?post=255764"}],"curies":[{"name":"wp","href":"https:\/\/api.w.org\/{rel}","templated":true}]}}