{"id":252349,"date":"2026-02-20T13:08:43","date_gmt":"2026-02-20T12:08:43","guid":{"rendered":"https:\/\/tiendapadel5.com\/?post_type=product&#038;p=252349"},"modified":"2026-03-17T10:19:51","modified_gmt":"2026-03-17T09:19:51","slug":"falda-pantalon-head-basic-skort-blanco-2026","status":"publish","type":"product","link":"https:\/\/tiendapadel5.com\/fr\/falda-pantalon-head-basic-skort-blanco-2026\/","title":{"rendered":"Falda Pantalon Head Basic Skort Blanco 2026"},"content":{"rendered":"<div class=\"productInformation-accordionSection-1VD\">\n<div class=\"section-module-contents_container-5Da pb-sm pt-0\">\n<div class=\"productInformation-textBlock-OOB\"><span dir=\"auto\">Si lo que buscas es la comodidad de un pantal\u00f3n corto y el estilo de una falda, nosotros te lo ponemos f\u00e1cil. La falda-pantal\u00f3n Club Basic de cintura alta es la combinaci\u00f3n perfecta de comodidad y estilo en siete colores distintos. Una mezcla especial de materiales te garantiza protecci\u00f3n frente a la humedad, mientras que las aberturas laterales te aportan flexibilidad y el pantal\u00f3n integrado te asegura un confort adicional.<\/span><\/div>\n<\/div>\n<\/div>\n<div class=\"productInformation-accordionSection-1VD\"><\/div>\n","protected":false},"excerpt":{"rendered":"<section class=\"ProductFullDetail-description-gjh\">\n<div class=\"richContent-root-CMO\"><span dir=\"auto\">La falda-pantal\u00f3n Club Basic presenta una c\u00f3moda mezcla de materiales y varios elementos de dise\u00f1o que aportan una dosis extra de estilo en la pista.<\/span><\/div>\n<\/section>\n<section class=\"ProductFullDetail-techSpecs-8ET\">\n<div><\/div>\n<\/section>\n","protected":false},"featured_media":252357,"comment_status":"open","ping_status":"closed","template":"","meta":{"_joinchat":[]},"pwb-brand":[33],"product_brand":[],"product_cat":[449,96,21,47],"product_tag":[11132,405,393,506,160,11547,1272],"class_list":{"0":"post-252349","1":"product","2":"type-product","3":"status-publish","4":"has-post-thumbnail","6":"pwb-brand-head","7":"product_cat-ropa-head","8":"product_cat-faldas","9":"product_cat-ropa-padel","10":"product_cat-mujer","11":"product_tag-11132","12":"product_tag-blanco","13":"product_tag-club","14":"product_tag-falda","15":"product_tag-head","16":"product_tag-pantalo","17":"product_tag-skort","18":"pa_talla-l","19":"pa_talla-m","20":"pa_talla-s","21":"pa_talla-xl","22":"pa_talla-xs","24":"first","25":"instock","26":"sale","27":"taxable","28":"shipping-taxable","29":"purchasable","30":"product-type-variable"},"brands":[{"id":33,"name":"Head","slug":"head"}],"_links":{"self":[{"href":"https:\/\/tiendapadel5.com\/fr\/wp-json\/wp\/v2\/product\/252349","targetHints":{"allow":["GET"]}}],"collection":[{"href":"https:\/\/tiendapadel5.com\/fr\/wp-json\/wp\/v2\/product"}],"about":[{"href":"https:\/\/tiendapadel5.com\/fr\/wp-json\/wp\/v2\/types\/product"}],"replies":[{"embeddable":true,"href":"https:\/\/tiendapadel5.com\/fr\/wp-json\/wp\/v2\/comments?post=252349"}],"version-history":[{"count":1,"href":"https:\/\/tiendapadel5.com\/fr\/wp-json\/wp\/v2\/product\/252349\/revisions"}],"predecessor-version":[{"id":252369,"href":"https:\/\/tiendapadel5.com\/fr\/wp-json\/wp\/v2\/product\/252349\/revisions\/252369"}],"wp:featuredmedia":[{"embeddable":true,"href":"https:\/\/tiendapadel5.com\/fr\/wp-json\/wp\/v2\/media\/252357"}],"wp:attachment":[{"href":"https:\/\/tiendapadel5.com\/fr\/wp-json\/wp\/v2\/media?parent=252349"}],"wp:term":[{"taxonomy":"pwb-brand","embeddable":true,"href":"https:\/\/tiendapadel5.com\/fr\/wp-json\/wp\/v2\/pwb-brand?post=252349"},{"taxonomy":"product_brand","embeddable":true,"href":"https:\/\/tiendapadel5.com\/fr\/wp-json\/wp\/v2\/product_brand?post=252349"},{"taxonomy":"product_cat","embeddable":true,"href":"https:\/\/tiendapadel5.com\/fr\/wp-json\/wp\/v2\/product_cat?post=252349"},{"taxonomy":"product_tag","embeddable":true,"href":"https:\/\/tiendapadel5.com\/fr\/wp-json\/wp\/v2\/product_tag?post=252349"}],"curies":[{"name":"wp","href":"https:\/\/api.w.org\/{rel}","templated":true}]}}