{"id":252165,"date":"2026-02-20T12:11:36","date_gmt":"2026-02-20T11:11:36","guid":{"rendered":"https:\/\/tiendapadel5.com\/?post_type=product&#038;p=252165"},"modified":"2026-04-15T17:56:58","modified_gmt":"2026-04-15T15:56:58","slug":"camiseta-head-rainbow-turquesa-2026","status":"publish","type":"product","link":"https:\/\/tiendapadel5.com\/fr\/camiseta-head-rainbow-turquesa-2026\/","title":{"rendered":"Camiseta Head Rainbow Turquesa 2026"},"content":{"rendered":"<p><span dir=\"auto\">Disfruta de un estilo brillante, deportivo y expresivo con la RAINBOW T-SHIRT para hombre, que tiene un arco\u00edris de colores brillantes en el HEAD print de la parte delantera. Para que te sientas c\u00f3modo en la pista, la camiseta est\u00e1 confeccionada con una mezcla t\u00e9cnica de poli\u00e9ster, algod\u00f3n y elastano para aumentar las propiedades de absorci\u00f3n de la humedad, as\u00ed como dar un toque de elasticidad. Cuando el partido empieza a calentarse, apreciar\u00e1s la tecnolog\u00eda de alto rendimiento Moisture Transfer Microfibra, que aporta un efecto de enfriamiento y ayuda a que el tejido se seque r\u00e1pidamente. Para un estilo extra, la camiseta tiene un cuello redondo de canal\u00e9 y est\u00e1 decorada con la marca HEAD y una etiqueta con la bandera en forma de espoleta.<\/span><\/p>\n<ul>\n<li><span dir=\"auto\"> Mezcla t\u00e9cnica de poli\u00e9ster, algod\u00f3n y elastano para aumentar las propiedades de absorci\u00f3n de la humedad y la elasticidad.<\/span><\/li>\n<li><span dir=\"auto\"> Cuello redondo acanalado<\/span><\/li>\n<li><span dir=\"auto\"> Estampado en el panel frontal<\/span><\/li>\n<li><span dir=\"auto\"> Wishbone flag label en la manga izquierda<\/span><\/li>\n<li><span dir=\"auto\"> Tecnolog\u00eda Microfibra de Transferencia de Humedad<\/span><\/li>\n<\/ul>\n","protected":false},"excerpt":{"rendered":"<section class=\"ProductFullDetail-description-gjh\">\n<div class=\"richContent-root-CMO\"><span dir=\"auto\">Con un arco\u00edris de colores brillantes en el estampado HEAD, la RAINBOW T-SHIRT para hombre ofrece un estilo fresco, deportivo y expresivo, as\u00ed como una comodidad moderna y atl\u00e9tica.<\/span><\/div>\n<\/section>\n<section class=\"ProductFullDetail-techSpecs-8ET\">\n<div><\/div>\n<\/section>\n","protected":false},"featured_media":252173,"comment_status":"open","ping_status":"closed","template":"","meta":{"_joinchat":[]},"pwb-brand":[33],"product_brand":[],"product_cat":[449,87,21,46],"product_tag":[11132,83,160,11546,1371],"class_list":{"0":"post-252165","1":"product","2":"type-product","3":"status-publish","4":"has-post-thumbnail","6":"pwb-brand-head","7":"product_cat-ropa-head","8":"product_cat-camisetas","9":"product_cat-ropa-padel","10":"product_cat-hombre","11":"product_tag-11132","12":"product_tag-camiseta","13":"product_tag-head","14":"product_tag-rainbow","15":"product_tag-turquesa","16":"pa_talla-l","17":"pa_talla-m","18":"pa_talla-s","19":"pa_talla-xl","21":"first","22":"instock","23":"sale","24":"taxable","25":"shipping-taxable","26":"purchasable","27":"product-type-variable"},"brands":[{"id":33,"name":"Head","slug":"head"}],"_links":{"self":[{"href":"https:\/\/tiendapadel5.com\/fr\/wp-json\/wp\/v2\/product\/252165","targetHints":{"allow":["GET"]}}],"collection":[{"href":"https:\/\/tiendapadel5.com\/fr\/wp-json\/wp\/v2\/product"}],"about":[{"href":"https:\/\/tiendapadel5.com\/fr\/wp-json\/wp\/v2\/types\/product"}],"replies":[{"embeddable":true,"href":"https:\/\/tiendapadel5.com\/fr\/wp-json\/wp\/v2\/comments?post=252165"}],"version-history":[{"count":2,"href":"https:\/\/tiendapadel5.com\/fr\/wp-json\/wp\/v2\/product\/252165\/revisions"}],"predecessor-version":[{"id":260281,"href":"https:\/\/tiendapadel5.com\/fr\/wp-json\/wp\/v2\/product\/252165\/revisions\/260281"}],"wp:featuredmedia":[{"embeddable":true,"href":"https:\/\/tiendapadel5.com\/fr\/wp-json\/wp\/v2\/media\/252173"}],"wp:attachment":[{"href":"https:\/\/tiendapadel5.com\/fr\/wp-json\/wp\/v2\/media?parent=252165"}],"wp:term":[{"taxonomy":"pwb-brand","embeddable":true,"href":"https:\/\/tiendapadel5.com\/fr\/wp-json\/wp\/v2\/pwb-brand?post=252165"},{"taxonomy":"product_brand","embeddable":true,"href":"https:\/\/tiendapadel5.com\/fr\/wp-json\/wp\/v2\/product_brand?post=252165"},{"taxonomy":"product_cat","embeddable":true,"href":"https:\/\/tiendapadel5.com\/fr\/wp-json\/wp\/v2\/product_cat?post=252165"},{"taxonomy":"product_tag","embeddable":true,"href":"https:\/\/tiendapadel5.com\/fr\/wp-json\/wp\/v2\/product_tag?post=252165"}],"curies":[{"name":"wp","href":"https:\/\/api.w.org\/{rel}","templated":true}]}}