{"id":252036,"date":"2026-02-20T11:32:19","date_gmt":"2026-02-20T10:32:19","guid":{"rendered":"https:\/\/tiendapadel5.com\/?post_type=product&#038;p=252036"},"modified":"2026-03-17T10:21:33","modified_gmt":"2026-03-17T09:21:33","slug":"camiseta-head-slice-ii-men-turquesa-2026","status":"publish","type":"product","link":"https:\/\/tiendapadel5.com\/fr\/camiseta-head-slice-ii-men-turquesa-2026\/","title":{"rendered":"Camiseta Head Slice II Men Turquesa 2026"},"content":{"rendered":"<p><span dir=\"auto\">Para que te sientas fresco, la SLICE II T-SHIRT para hombre de corte suelto incorpora la tecnolog\u00eda Moisture Transfer Microfibra, que aporta un efecto de enfriamiento y ayuda a que el tejido se seque r\u00e1pidamente. Confeccionada con un tejido interlock 100 % poli\u00e9ster y con cuello redondo, la camiseta lleva el emblem\u00e1tico logo de HEAD, que realza su aspecto moderno y deportivo.<\/span><\/p>\n<ul>\n<li><span dir=\"auto\"> Interlock 100 % poli\u00e9ster con mecha<\/span><\/li>\n<li><span dir=\"auto\"> Cuello Redondo<\/span><\/li>\n<li><span dir=\"auto\"> Ajuste holgado<\/span><\/li>\n<li><span dir=\"auto\"> Tecnolog\u00eda Microfibra de Transferencia de Humedad<\/span><\/li>\n<\/ul>\n","protected":false},"excerpt":{"rendered":"<section class=\"ProductFullDetail-description-gjh\">\n<div class=\"richContent-root-CMO\"><span dir=\"auto\">El estilo moderno y deportivo viene acompa\u00f1ado de una avanzada tecnolog\u00eda de enfriamiento que te mantendr\u00e1 fresco y c\u00f3modo con la SLICE II T-SHIRT de corte suelto para hombre.<\/span><\/div>\n<\/section>\n<section class=\"ProductFullDetail-techSpecs-8ET\">\n<div><\/div>\n<\/section>\n","protected":false},"featured_media":252044,"comment_status":"open","ping_status":"closed","template":"","meta":{"_joinchat":[]},"pwb-brand":[33],"product_brand":[],"product_cat":[449,87,21,46],"product_tag":[11132,83,160,11542,1371],"class_list":{"0":"post-252036","1":"product","2":"type-product","3":"status-publish","4":"has-post-thumbnail","6":"pwb-brand-head","7":"product_cat-ropa-head","8":"product_cat-camisetas","9":"product_cat-ropa-padel","10":"product_cat-hombre","11":"product_tag-11132","12":"product_tag-camiseta","13":"product_tag-head","14":"product_tag-slice","15":"product_tag-turquesa","16":"pa_talla-l","17":"pa_talla-m","18":"pa_talla-s","19":"pa_talla-xl","21":"first","22":"instock","23":"sale","24":"taxable","25":"shipping-taxable","26":"purchasable","27":"product-type-variable"},"brands":[{"id":33,"name":"Head","slug":"head"}],"_links":{"self":[{"href":"https:\/\/tiendapadel5.com\/fr\/wp-json\/wp\/v2\/product\/252036","targetHints":{"allow":["GET"]}}],"collection":[{"href":"https:\/\/tiendapadel5.com\/fr\/wp-json\/wp\/v2\/product"}],"about":[{"href":"https:\/\/tiendapadel5.com\/fr\/wp-json\/wp\/v2\/types\/product"}],"replies":[{"embeddable":true,"href":"https:\/\/tiendapadel5.com\/fr\/wp-json\/wp\/v2\/comments?post=252036"}],"version-history":[{"count":2,"href":"https:\/\/tiendapadel5.com\/fr\/wp-json\/wp\/v2\/product\/252036\/revisions"}],"predecessor-version":[{"id":252057,"href":"https:\/\/tiendapadel5.com\/fr\/wp-json\/wp\/v2\/product\/252036\/revisions\/252057"}],"wp:featuredmedia":[{"embeddable":true,"href":"https:\/\/tiendapadel5.com\/fr\/wp-json\/wp\/v2\/media\/252044"}],"wp:attachment":[{"href":"https:\/\/tiendapadel5.com\/fr\/wp-json\/wp\/v2\/media?parent=252036"}],"wp:term":[{"taxonomy":"pwb-brand","embeddable":true,"href":"https:\/\/tiendapadel5.com\/fr\/wp-json\/wp\/v2\/pwb-brand?post=252036"},{"taxonomy":"product_brand","embeddable":true,"href":"https:\/\/tiendapadel5.com\/fr\/wp-json\/wp\/v2\/product_brand?post=252036"},{"taxonomy":"product_cat","embeddable":true,"href":"https:\/\/tiendapadel5.com\/fr\/wp-json\/wp\/v2\/product_cat?post=252036"},{"taxonomy":"product_tag","embeddable":true,"href":"https:\/\/tiendapadel5.com\/fr\/wp-json\/wp\/v2\/product_tag?post=252036"}],"curies":[{"name":"wp","href":"https:\/\/api.w.org\/{rel}","templated":true}]}}