{"id":249652,"date":"2026-02-18T16:41:18","date_gmt":"2026-02-18T15:41:18","guid":{"rendered":"https:\/\/tiendapadel5.com\/?post_type=product&#038;p=249652"},"modified":"2026-04-27T12:48:43","modified_gmt":"2026-04-27T10:48:43","slug":"paletero-bullpadel-bpp26014-advance-beige","status":"publish","type":"product","link":"https:\/\/tiendapadel5.com\/fr\/paletero-bullpadel-bpp26014-advance-beige\/","title":{"rendered":"Paletero Bullpadel BPP26014 Advance Beige"},"content":{"rendered":"<h2>Detalles clave y beneficios<\/h2>\n<ul>\n<li>Medidas: 60 x 30 x 40 cm<\/li>\n<li>Dos compartimentos t\u00e9rmicos para cuatro palas<\/li>\n<li>Compartimento ventilado para ropa o calzado<\/li>\n<li>Bolsillo lateral exterior para accesorios<\/li>\n<li>Asa superior y correas acolchadas tipo mochila<\/li>\n<li>Composici\u00f3n: Nylon Dobby \/ Neopreno<\/li>\n<li>Dise\u00f1o ligero y moderno con capacidad media<\/li>\n<\/ul>\n","protected":false},"excerpt":{"rendered":"<p>Descubre este paletero Bullpadel de dise\u00f1o moderno, compartimentos t\u00e9rmicos y ventilados, materiales resistentes y transporte c\u00f3modo tipo mochila.<\/p>\n","protected":false},"featured_media":261274,"comment_status":"open","ping_status":"closed","template":"","meta":{"_joinchat":[]},"pwb-brand":[31],"product_brand":[],"product_cat":[430,20],"product_tag":[11461,295,11503,319,257],"class_list":{"0":"post-249652","1":"product","2":"type-product","3":"status-publish","4":"has-post-thumbnail","6":"pwb-brand-bullpadel","7":"product_cat-mochilas-bullpadel","8":"product_cat-paleteros-de-padel","9":"product_tag-advance","10":"product_tag-azul","11":"product_tag-bpp26014","12":"product_tag-bullpadel","13":"product_tag-paletero","15":"first","16":"instock","17":"sale","18":"taxable","19":"shipping-taxable","20":"purchasable","21":"product-type-simple"},"brands":[{"id":31,"name":"Bullpadel","slug":"bullpadel"}],"_links":{"self":[{"href":"https:\/\/tiendapadel5.com\/fr\/wp-json\/wp\/v2\/product\/249652","targetHints":{"allow":["GET"]}}],"collection":[{"href":"https:\/\/tiendapadel5.com\/fr\/wp-json\/wp\/v2\/product"}],"about":[{"href":"https:\/\/tiendapadel5.com\/fr\/wp-json\/wp\/v2\/types\/product"}],"replies":[{"embeddable":true,"href":"https:\/\/tiendapadel5.com\/fr\/wp-json\/wp\/v2\/comments?post=249652"}],"version-history":[{"count":4,"href":"https:\/\/tiendapadel5.com\/fr\/wp-json\/wp\/v2\/product\/249652\/revisions"}],"predecessor-version":[{"id":249678,"href":"https:\/\/tiendapadel5.com\/fr\/wp-json\/wp\/v2\/product\/249652\/revisions\/249678"}],"wp:featuredmedia":[{"embeddable":true,"href":"https:\/\/tiendapadel5.com\/fr\/wp-json\/wp\/v2\/media\/261274"}],"wp:attachment":[{"href":"https:\/\/tiendapadel5.com\/fr\/wp-json\/wp\/v2\/media?parent=249652"}],"wp:term":[{"taxonomy":"pwb-brand","embeddable":true,"href":"https:\/\/tiendapadel5.com\/fr\/wp-json\/wp\/v2\/pwb-brand?post=249652"},{"taxonomy":"product_brand","embeddable":true,"href":"https:\/\/tiendapadel5.com\/fr\/wp-json\/wp\/v2\/product_brand?post=249652"},{"taxonomy":"product_cat","embeddable":true,"href":"https:\/\/tiendapadel5.com\/fr\/wp-json\/wp\/v2\/product_cat?post=249652"},{"taxonomy":"product_tag","embeddable":true,"href":"https:\/\/tiendapadel5.com\/fr\/wp-json\/wp\/v2\/product_tag?post=249652"}],"curies":[{"name":"wp","href":"https:\/\/api.w.org\/{rel}","templated":true}]}}