{"id":248571,"date":"2026-02-11T13:29:36","date_gmt":"2026-02-11T12:29:36","guid":{"rendered":"https:\/\/tiendapadel5.com\/?post_type=product&#038;p=248571"},"modified":"2026-05-03T23:22:45","modified_gmt":"2026-05-03T21:22:45","slug":"sudadera-nox-street-steel-grey-2026","status":"publish","type":"product","link":"https:\/\/tiendapadel5.com\/fr\/sudadera-nox-street-steel-grey-2026\/","title":{"rendered":"Sudadera Nox Street Steel Grey 2026"},"content":{"rendered":"<p>Sudadera t\u00e9cnica Nox Street Steel Grey, dise\u00f1ada para vers\u00e1tilidad y rendimiento. Tejido transpirable con tacto ultrasuave proporciona comodidad en cualquier actividad, mientras que su estructura el\u00e1stica se adapta naturalmente al cuerpo. El interior c\u00e1lido mantiene la temperatura ideal, y el innovador sistema de sujeci\u00f3n de cordones a\u00f1ade funcionalidad sin comprometer el estilo urbano. Composici\u00f3n 84% poli\u00e9ster, 10% spandex.<\/p>\n","protected":false},"excerpt":{"rendered":"<p>Sudadera transpirable, tacto extra suave, flexible ofreciendo libertad de movimiento y una adaptabilidad perfecta al cuerpo. Alto comfort y calidez.<\/p>\n","protected":false},"featured_media":248826,"comment_status":"open","ping_status":"closed","template":"","meta":{"_joinchat":[]},"pwb-brand":[34],"product_brand":[],"product_cat":[451,21,46,105,5901],"product_tag":[11132,535,221,130,11499,389,517],"class_list":{"0":"post-248571","1":"product","2":"type-product","3":"status-publish","4":"has-post-thumbnail","6":"pwb-brand-nox","7":"product_cat-ropa-nox","8":"product_cat-ropa-padel","9":"product_cat-hombre","10":"product_cat-sudaderas","11":"product_cat-sudaderass","12":"product_tag-11132","13":"product_tag-grey","14":"product_tag-gris","15":"product_tag-nox","16":"product_tag-steel","17":"product_tag-street","18":"product_tag-sudadera","19":"pa_talla-l","20":"pa_talla-m","21":"pa_talla-s","22":"pa_talla-xl","24":"first","25":"instock","26":"sale","27":"taxable","28":"shipping-taxable","29":"purchasable","30":"product-type-variable"},"brands":[{"id":34,"name":"Nox","slug":"nox"}],"_links":{"self":[{"href":"https:\/\/tiendapadel5.com\/fr\/wp-json\/wp\/v2\/product\/248571","targetHints":{"allow":["GET"]}}],"collection":[{"href":"https:\/\/tiendapadel5.com\/fr\/wp-json\/wp\/v2\/product"}],"about":[{"href":"https:\/\/tiendapadel5.com\/fr\/wp-json\/wp\/v2\/types\/product"}],"replies":[{"embeddable":true,"href":"https:\/\/tiendapadel5.com\/fr\/wp-json\/wp\/v2\/comments?post=248571"}],"version-history":[{"count":4,"href":"https:\/\/tiendapadel5.com\/fr\/wp-json\/wp\/v2\/product\/248571\/revisions"}],"predecessor-version":[{"id":248834,"href":"https:\/\/tiendapadel5.com\/fr\/wp-json\/wp\/v2\/product\/248571\/revisions\/248834"}],"wp:featuredmedia":[{"embeddable":true,"href":"https:\/\/tiendapadel5.com\/fr\/wp-json\/wp\/v2\/media\/248826"}],"wp:attachment":[{"href":"https:\/\/tiendapadel5.com\/fr\/wp-json\/wp\/v2\/media?parent=248571"}],"wp:term":[{"taxonomy":"pwb-brand","embeddable":true,"href":"https:\/\/tiendapadel5.com\/fr\/wp-json\/wp\/v2\/pwb-brand?post=248571"},{"taxonomy":"product_brand","embeddable":true,"href":"https:\/\/tiendapadel5.com\/fr\/wp-json\/wp\/v2\/product_brand?post=248571"},{"taxonomy":"product_cat","embeddable":true,"href":"https:\/\/tiendapadel5.com\/fr\/wp-json\/wp\/v2\/product_cat?post=248571"},{"taxonomy":"product_tag","embeddable":true,"href":"https:\/\/tiendapadel5.com\/fr\/wp-json\/wp\/v2\/product_tag?post=248571"}],"curies":[{"name":"wp","href":"https:\/\/api.w.org\/{rel}","templated":true}]}}