{"id":247427,"date":"2026-02-04T10:01:32","date_gmt":"2026-02-04T09:01:32","guid":{"rendered":"https:\/\/tiendapadel5.com\/?post_type=product&#038;p=247427"},"modified":"2026-05-08T17:27:00","modified_gmt":"2026-05-08T15:27:00","slug":"vestido-wilson-sportif-azul","status":"publish","type":"product","link":"https:\/\/tiendapadel5.com\/fr\/vestido-wilson-sportif-azul\/","title":{"rendered":"Vestido Wilson Sportif Azul"},"content":{"rendered":"<p>El vestido de tenis Wilson Sportif lleg\u00f3 para demostrar que puedes tenerlo todo. Estilo. Rendimiento. Comodidad. Ofrece elasticidad, movimiento f\u00e1cil y secado r\u00e1pido. Se ajusta en la parte superior con copas extra\u00edbles y una parte inferior fluida. Los pantalones cortos interiores con dos bolsillos te brindan un almacenamiento seguro mientras juegas.<\/p>\n","protected":false},"excerpt":{"rendered":"<p>Un vestido de tenis de alto rendimiento, completamente forrado y con una transpirabilidad bellamente dise\u00f1ada.<\/p>\n","protected":false},"featured_media":247439,"comment_status":"open","ping_status":"closed","template":"","meta":{"_joinchat":[]},"pwb-brand":[37],"product_brand":[],"product_cat":[453,21,47],"product_tag":[295,11485,9986,222],"class_list":{"0":"post-247427","1":"product","2":"type-product","3":"status-publish","4":"has-post-thumbnail","6":"pwb-brand-wilson","7":"product_cat-ropa-wilson","8":"product_cat-ropa-padel","9":"product_cat-mujer","10":"product_tag-azul","11":"product_tag-sportif","12":"product_tag-vestido","13":"product_tag-wilson","14":"pa_talla-l","15":"pa_talla-m","16":"pa_talla-xl","18":"first","19":"instock","20":"sale","21":"taxable","22":"shipping-taxable","23":"purchasable","24":"product-type-variable"},"brands":[{"id":37,"name":"Wilson","slug":"wilson"}],"_links":{"self":[{"href":"https:\/\/tiendapadel5.com\/fr\/wp-json\/wp\/v2\/product\/247427","targetHints":{"allow":["GET"]}}],"collection":[{"href":"https:\/\/tiendapadel5.com\/fr\/wp-json\/wp\/v2\/product"}],"about":[{"href":"https:\/\/tiendapadel5.com\/fr\/wp-json\/wp\/v2\/types\/product"}],"replies":[{"embeddable":true,"href":"https:\/\/tiendapadel5.com\/fr\/wp-json\/wp\/v2\/comments?post=247427"}],"version-history":[{"count":1,"href":"https:\/\/tiendapadel5.com\/fr\/wp-json\/wp\/v2\/product\/247427\/revisions"}],"predecessor-version":[{"id":247453,"href":"https:\/\/tiendapadel5.com\/fr\/wp-json\/wp\/v2\/product\/247427\/revisions\/247453"}],"wp:featuredmedia":[{"embeddable":true,"href":"https:\/\/tiendapadel5.com\/fr\/wp-json\/wp\/v2\/media\/247439"}],"wp:attachment":[{"href":"https:\/\/tiendapadel5.com\/fr\/wp-json\/wp\/v2\/media?parent=247427"}],"wp:term":[{"taxonomy":"pwb-brand","embeddable":true,"href":"https:\/\/tiendapadel5.com\/fr\/wp-json\/wp\/v2\/pwb-brand?post=247427"},{"taxonomy":"product_brand","embeddable":true,"href":"https:\/\/tiendapadel5.com\/fr\/wp-json\/wp\/v2\/product_brand?post=247427"},{"taxonomy":"product_cat","embeddable":true,"href":"https:\/\/tiendapadel5.com\/fr\/wp-json\/wp\/v2\/product_cat?post=247427"},{"taxonomy":"product_tag","embeddable":true,"href":"https:\/\/tiendapadel5.com\/fr\/wp-json\/wp\/v2\/product_tag?post=247427"}],"curies":[{"name":"wp","href":"https:\/\/api.w.org\/{rel}","templated":true}]}}