{"id":246533,"date":"2026-02-01T01:07:25","date_gmt":"2026-02-01T00:07:25","guid":{"rendered":"https:\/\/tiendapadel5.com\/?post_type=product&#038;p=246533"},"modified":"2026-02-23T08:24:13","modified_gmt":"2026-02-23T07:24:13","slug":"zapatillas-adidas-crazyquick-padel-kids-white-silver-met-dark-blue-2026","status":"publish","type":"product","link":"https:\/\/tiendapadel5.com\/fr\/zapatillas-adidas-crazyquick-padel-kids-white-silver-met-dark-blue-2026\/","title":{"rendered":"Zapatillas Adidas Crazyquick Padel Kids White\/Silver Met.\/Dark Blue 2026"},"content":{"rendered":"<h2>Zapatillas Adidas Crazyquick Padel Kids White\/Silver Met.\/Dark Blue 2026<\/h2>\n<p><strong>Caracter\u00edsticas:<\/strong><\/p>\n<ul class=\"gl-list vertical-space-small\">\n<li class=\"vertical-space-small\">Corte cl\u00e1sico<\/li>\n<li class=\"vertical-space-small\">Cordones<\/li>\n<li class=\"vertical-space-small\">Empeine textil<\/li>\n<li class=\"vertical-space-small\">Plantilla textil<\/li>\n<\/ul>\n<ul class=\"gl-list vertical-space-small\">\n<li class=\"vertical-space-small\">Suela de goma<\/li>\n<li class=\"vertical-space-small\">Cold cement<\/li>\n<li class=\"vertical-space-small\">Color del art\u00edculo: Cloud White \/ Silver Metallic \/ Dark Blue<\/li>\n<\/ul>\n","protected":false},"excerpt":{"rendered":"<p>Las Zapatillas Adidas Crazyquick Padel Kids White\/Silver Met.\/Dark Blue 2026, <span style=\"font-size: 14.4px;\">est\u00e1n pensadas para ser \u00e1giles, ligeras y muy c\u00f3modas. Tienen un ajuste regular con cierre de cordones que asegura una sujeci\u00f3n firme y confortable. Adem\u00e1s, la suela de goma resistente ofrece un agarre excelente en la pista, lo que las hace ideales para j\u00f3venes deportistas que se mueven r\u00e1pido y con energ\u00eda.<\/span><\/p>\n<div class=\"flex flex-col text-sm pb-25\">\n<article class=\"text-token-text-primary w-full focus:outline-none [--shadow-height:45px] has-data-writing-block:pointer-events-none has-data-writing-block:-mt-(--shadow-height) has-data-writing-block:pt-(--shadow-height) [&amp;:has([data-writing-block])&gt;*]:pointer-events-auto scroll-mt-[calc(var(--header-height)+min(200px,max(70px,20svh)))]\" dir=\"auto\" tabindex=\"-1\" data-turn-id=\"request-68b8069b-7024-8332-b1cc-ea172a9f4ebb-2\" data-testid=\"conversation-turn-454\" data-scroll-anchor=\"true\" data-turn=\"assistant\">\n<div class=\"text-base my-auto mx-auto pb-10 [--thread-content-margin:--spacing(4)] @w-sm\/main:[--thread-content-margin:--spacing(6)] @w-lg\/main:[--thread-content-margin:--spacing(16)] px-(--thread-content-margin)\">\n<div class=\"[--thread-content-max-width:40rem] @w-lg\/main:[--thread-content-max-width:48rem] mx-auto max-w-(--thread-content-max-width) flex-1 group\/turn-messages focus-visible:outline-hidden relative flex w-full min-w-0 flex-col agent-turn\" tabindex=\"-1\">\n<div class=\"z-0 flex min-h-[46px] justify-start\"><\/div>\n<div class=\"mt-3 w-full empty:hidden\">\n<div class=\"text-center\"><\/div>\n<\/div>\n<\/div>\n<\/div>\n<\/article>\n<\/div>\n<div class=\"pointer-events-none h-px w-px absolute bottom-0\" aria-hidden=\"true\" data-edge=\"true\"><\/div>\n","protected":false},"featured_media":246563,"comment_status":"open","ping_status":"closed","template":"","meta":{"_joinchat":[]},"pwb-brand":[28],"product_brand":[],"product_cat":[22,437,52,53],"product_tag":[11132,143,530,10482,1289,1052,9714,85,175,519,300],"class_list":{"0":"post-246533","1":"product","2":"type-product","3":"status-publish","4":"has-post-thumbnail","6":"pwb-brand-adidas-padel","7":"product_cat-zapatillas-de-padel","8":"product_cat-zapatillas-adidas","9":"product_cat-para-hombre","10":"product_cat-para-mujer","11":"product_tag-11132","12":"product_tag-adidas","13":"product_tag-blue","14":"product_tag-crazyquick","15":"product_tag-dark","16":"product_tag-kids","17":"product_tag-met","18":"product_tag-padel","19":"product_tag-silver","20":"product_tag-white","21":"product_tag-zapatillas","22":"pa_talla-274","23":"pa_talla-275","24":"pa_talla-36-2-3","25":"pa_talla-37-1-3","26":"pa_talla-277","27":"pa_talla-38-2-3","28":"pa_talla-39-1-3","30":"first","31":"instock","32":"sale","33":"taxable","34":"shipping-taxable","35":"purchasable","36":"product-type-variable"},"brands":[{"id":28,"name":"Adidas Padel","slug":"adidas-padel"}],"_links":{"self":[{"href":"https:\/\/tiendapadel5.com\/fr\/wp-json\/wp\/v2\/product\/246533","targetHints":{"allow":["GET"]}}],"collection":[{"href":"https:\/\/tiendapadel5.com\/fr\/wp-json\/wp\/v2\/product"}],"about":[{"href":"https:\/\/tiendapadel5.com\/fr\/wp-json\/wp\/v2\/types\/product"}],"replies":[{"embeddable":true,"href":"https:\/\/tiendapadel5.com\/fr\/wp-json\/wp\/v2\/comments?post=246533"}],"version-history":[{"count":2,"href":"https:\/\/tiendapadel5.com\/fr\/wp-json\/wp\/v2\/product\/246533\/revisions"}],"predecessor-version":[{"id":252619,"href":"https:\/\/tiendapadel5.com\/fr\/wp-json\/wp\/v2\/product\/246533\/revisions\/252619"}],"wp:featuredmedia":[{"embeddable":true,"href":"https:\/\/tiendapadel5.com\/fr\/wp-json\/wp\/v2\/media\/246563"}],"wp:attachment":[{"href":"https:\/\/tiendapadel5.com\/fr\/wp-json\/wp\/v2\/media?parent=246533"}],"wp:term":[{"taxonomy":"pwb-brand","embeddable":true,"href":"https:\/\/tiendapadel5.com\/fr\/wp-json\/wp\/v2\/pwb-brand?post=246533"},{"taxonomy":"product_brand","embeddable":true,"href":"https:\/\/tiendapadel5.com\/fr\/wp-json\/wp\/v2\/product_brand?post=246533"},{"taxonomy":"product_cat","embeddable":true,"href":"https:\/\/tiendapadel5.com\/fr\/wp-json\/wp\/v2\/product_cat?post=246533"},{"taxonomy":"product_tag","embeddable":true,"href":"https:\/\/tiendapadel5.com\/fr\/wp-json\/wp\/v2\/product_tag?post=246533"}],"curies":[{"name":"wp","href":"https:\/\/api.w.org\/{rel}","templated":true}]}}