{"id":240853,"date":"2026-01-02T12:52:47","date_gmt":"2026-01-02T11:52:47","guid":{"rendered":"https:\/\/tiendapadel5.com\/?post_type=product&#038;p=240853"},"modified":"2026-03-03T09:33:12","modified_gmt":"2026-03-03T08:33:12","slug":"paletero-adidas-pro-tour-blue-2026","status":"publish","type":"product","link":"https:\/\/tiendapadel5.com\/fr\/paletero-adidas-pro-tour-blue-2026\/","title":{"rendered":"Paletero Adidas Pro Tour Blue 2026"},"content":{"rendered":"<h2>Paletero Adidas Pro Tour Blue 2026<\/h2>\n<p><strong>Caracter\u00edsticas:<\/strong><\/p>\n<p><i class=\"fa fa-check\"><\/i><strong>\u00a0<label class=\"label\">Materiales:<\/label><\/strong>\u00a0100% REC. PES 900D with TPU coating + 100% REC. PES 210D + RAINCOVER<\/p>\n<p><i class=\"fa fa-check\"><\/i><strong>\u00a0<label class=\"label\">Capacidad :<\/label>\u00a0<\/strong>70 L<\/p>\n<p><i class=\"fa fa-check\"><\/i><strong>\u00a0<label class=\"label\">Dimensiones:<\/label><\/strong>\u00a042 x 60 x 30 cm<\/p>\n<p><i class=\"fa fa-check\"><\/i><strong>\u00a0<label class=\"label\">Color:<\/label><\/strong>\u00a0Azul bronce<\/p>\n","protected":false},"excerpt":{"rendered":"<p>El Paletero Adidas Pro Tour Blue 2026, ofrece una ergonom\u00eda renovada, dos bolsillos t\u00e9rmicos y una durabilidad extra para quienes compiten a menudo. Adem\u00e1s, cuenta con un espacio bien distribuido y una construcci\u00f3n reforzada que aguanta todo tu ritmo.<\/p>\n","protected":false},"featured_media":240880,"comment_status":"open","ping_status":"closed","template":"","meta":{"_joinchat":[]},"pwb-brand":[28],"product_brand":[],"product_cat":[20,427],"product_tag":[11132,143,530,257,176,264],"class_list":{"0":"post-240853","1":"product","2":"type-product","3":"status-publish","4":"has-post-thumbnail","6":"pwb-brand-adidas-padel","7":"product_cat-paleteros-de-padel","8":"product_cat-mochilas-adidas","9":"product_tag-11132","10":"product_tag-adidas","11":"product_tag-blue","12":"product_tag-paletero","13":"product_tag-pro","14":"product_tag-tour","16":"first","17":"instock","18":"sale","19":"taxable","20":"shipping-taxable","21":"purchasable","22":"product-type-simple"},"brands":[{"id":28,"name":"Adidas Padel","slug":"adidas-padel"}],"_links":{"self":[{"href":"https:\/\/tiendapadel5.com\/fr\/wp-json\/wp\/v2\/product\/240853","targetHints":{"allow":["GET"]}}],"collection":[{"href":"https:\/\/tiendapadel5.com\/fr\/wp-json\/wp\/v2\/product"}],"about":[{"href":"https:\/\/tiendapadel5.com\/fr\/wp-json\/wp\/v2\/types\/product"}],"replies":[{"embeddable":true,"href":"https:\/\/tiendapadel5.com\/fr\/wp-json\/wp\/v2\/comments?post=240853"}],"version-history":[{"count":1,"href":"https:\/\/tiendapadel5.com\/fr\/wp-json\/wp\/v2\/product\/240853\/revisions"}],"predecessor-version":[{"id":240889,"href":"https:\/\/tiendapadel5.com\/fr\/wp-json\/wp\/v2\/product\/240853\/revisions\/240889"}],"wp:featuredmedia":[{"embeddable":true,"href":"https:\/\/tiendapadel5.com\/fr\/wp-json\/wp\/v2\/media\/240880"}],"wp:attachment":[{"href":"https:\/\/tiendapadel5.com\/fr\/wp-json\/wp\/v2\/media?parent=240853"}],"wp:term":[{"taxonomy":"pwb-brand","embeddable":true,"href":"https:\/\/tiendapadel5.com\/fr\/wp-json\/wp\/v2\/pwb-brand?post=240853"},{"taxonomy":"product_brand","embeddable":true,"href":"https:\/\/tiendapadel5.com\/fr\/wp-json\/wp\/v2\/product_brand?post=240853"},{"taxonomy":"product_cat","embeddable":true,"href":"https:\/\/tiendapadel5.com\/fr\/wp-json\/wp\/v2\/product_cat?post=240853"},{"taxonomy":"product_tag","embeddable":true,"href":"https:\/\/tiendapadel5.com\/fr\/wp-json\/wp\/v2\/product_tag?post=240853"}],"curies":[{"name":"wp","href":"https:\/\/api.w.org\/{rel}","templated":true}]}}