{"id":239699,"date":"2025-12-30T00:52:46","date_gmt":"2025-12-29T23:52:46","guid":{"rendered":"https:\/\/tiendapadel5.com\/?post_type=product&#038;p=239699"},"modified":"2026-04-22T13:30:26","modified_gmt":"2026-04-22T11:30:26","slug":"paletero-adidas-tour-silver-grey-2026","status":"publish","type":"product","link":"https:\/\/tiendapadel5.com\/fr\/paletero-adidas-tour-silver-grey-2026\/","title":{"rendered":"Paletero Adidas Tour Silver\/Grey 2026"},"content":{"rendered":"<h2>Paletero Adidas Pro Tour Silver\/Grey 2026<\/h2>\n<p><strong>Caracter\u00edsticas:<\/strong><\/p>\n<p><strong><label class=\"label\">Materiales:<\/label><\/strong>\u00a0100% REC. PES 900D with TPU coating + 100% REC. PES 210D + RAINCOVER<\/p>\n<p><i class=\"fa fa-check\"><\/i><strong>\u00a0<label class=\"label\">Capacidad :<\/label><\/strong>\u00a054 L<\/p>\n<p><i class=\"fa fa-check\"><\/i><strong>\u00a0<label class=\"label\">Dimensiones:<\/label>\u00a0<\/strong>39 x 55 x 27,5 cm<\/p>\n<p><i class=\"fa fa-check\"><\/i><strong>\u00a0<label class=\"label\">Color:<\/label><\/strong>\u00a0Gris amarillo<\/p>\n","protected":false},"excerpt":{"rendered":"<p>El Paletero Adidas Pro Tour Silver\/Grey 2026, ofrece una ergonom\u00eda renovada, dos bolsillos t\u00e9rmicos y una durabilidad extra para quienes compiten a menudo. Adem\u00e1s, cuenta con un espacio bien distribuido y una construcci\u00f3n reforzada que aguanta todo tu ritmo.<\/p>\n","protected":false},"featured_media":239724,"comment_status":"open","ping_status":"closed","template":"","meta":{"_joinchat":[]},"pwb-brand":[28],"product_brand":[],"product_cat":[20,427],"product_tag":[11132,143,535,257,176,175,264],"class_list":{"0":"post-239699","1":"product","2":"type-product","3":"status-publish","4":"has-post-thumbnail","6":"pwb-brand-adidas-padel","7":"product_cat-paleteros-de-padel","8":"product_cat-mochilas-adidas","9":"product_tag-11132","10":"product_tag-adidas","11":"product_tag-grey","12":"product_tag-paletero","13":"product_tag-pro","14":"product_tag-silver","15":"product_tag-tour","17":"first","18":"instock","19":"sale","20":"taxable","21":"shipping-taxable","22":"purchasable","23":"product-type-simple"},"brands":[{"id":28,"name":"Adidas Padel","slug":"adidas-padel"}],"_links":{"self":[{"href":"https:\/\/tiendapadel5.com\/fr\/wp-json\/wp\/v2\/product\/239699","targetHints":{"allow":["GET"]}}],"collection":[{"href":"https:\/\/tiendapadel5.com\/fr\/wp-json\/wp\/v2\/product"}],"about":[{"href":"https:\/\/tiendapadel5.com\/fr\/wp-json\/wp\/v2\/types\/product"}],"replies":[{"embeddable":true,"href":"https:\/\/tiendapadel5.com\/fr\/wp-json\/wp\/v2\/comments?post=239699"}],"version-history":[{"count":2,"href":"https:\/\/tiendapadel5.com\/fr\/wp-json\/wp\/v2\/product\/239699\/revisions"}],"predecessor-version":[{"id":260667,"href":"https:\/\/tiendapadel5.com\/fr\/wp-json\/wp\/v2\/product\/239699\/revisions\/260667"}],"wp:featuredmedia":[{"embeddable":true,"href":"https:\/\/tiendapadel5.com\/fr\/wp-json\/wp\/v2\/media\/239724"}],"wp:attachment":[{"href":"https:\/\/tiendapadel5.com\/fr\/wp-json\/wp\/v2\/media?parent=239699"}],"wp:term":[{"taxonomy":"pwb-brand","embeddable":true,"href":"https:\/\/tiendapadel5.com\/fr\/wp-json\/wp\/v2\/pwb-brand?post=239699"},{"taxonomy":"product_brand","embeddable":true,"href":"https:\/\/tiendapadel5.com\/fr\/wp-json\/wp\/v2\/product_brand?post=239699"},{"taxonomy":"product_cat","embeddable":true,"href":"https:\/\/tiendapadel5.com\/fr\/wp-json\/wp\/v2\/product_cat?post=239699"},{"taxonomy":"product_tag","embeddable":true,"href":"https:\/\/tiendapadel5.com\/fr\/wp-json\/wp\/v2\/product_tag?post=239699"}],"curies":[{"name":"wp","href":"https:\/\/api.w.org\/{rel}","templated":true}]}}