{"id":237549,"date":"2025-12-26T17:50:22","date_gmt":"2025-12-26T16:50:22","guid":{"rendered":"https:\/\/tiendapadel5.com\/?post_type=product&#038;p=237549"},"modified":"2025-12-26T17:50:29","modified_gmt":"2025-12-26T16:50:29","slug":"chaleco-bullpadel-primo-negro-2026","status":"publish","type":"product","link":"https:\/\/tiendapadel5.com\/fr\/chaleco-bullpadel-primo-negro-2026\/","title":{"rendered":"Chaleco Bullpadel Primo Negro 2026"},"content":{"rendered":"<h2>Chaleco Bullpadel Primo Negro 2026<\/h2>\n<p><strong>Caracter\u00edsticas:<\/strong><\/p>\n<ul>\n<li class=\"first\">Acolchado ligero que mejora el confort t\u00e9rmico<\/li>\n<li>Cremallera completa para un ajuste c\u00f3modo<\/li>\n<li>Dise\u00f1o deportivo y funcional<\/li>\n<li>M\u00e1xima libertad de movimiento<\/li>\n<li class=\"last\">Perfecto para entrenamientos en climas frescos<\/li>\n<\/ul>\n","protected":false},"excerpt":{"rendered":"<p>El Chaleco Bullpadel Primo Negro 2026, este chaleco es aislante e impermeable y lo tiene todo: tecnolog\u00eda, comodidad y estilo, pensado para rendir al m\u00e1ximo en cualquier situaci\u00f3n.<\/p>\n","protected":false},"featured_media":237564,"comment_status":"open","ping_status":"closed","template":"","meta":{"_joinchat":[]},"pwb-brand":[31],"product_brand":[],"product_cat":[21,5897,447,46],"product_tag":[11132,319,562,669,11415],"class_list":{"0":"post-237549","1":"product","2":"type-product","3":"status-publish","4":"has-post-thumbnail","6":"pwb-brand-bullpadel","7":"product_cat-ropa-padel","8":"product_cat-chalecos","9":"product_cat-ropa-bullpadel","10":"product_cat-hombre","11":"product_tag-11132","12":"product_tag-bullpadel","13":"product_tag-chaleco","14":"product_tag-negro","15":"product_tag-primo","16":"pa_talla-2xl","17":"pa_talla-l","18":"pa_talla-m","19":"pa_talla-xl","21":"first","22":"instock","23":"sale","24":"taxable","25":"shipping-taxable","26":"purchasable","27":"product-type-variable"},"brands":[{"id":31,"name":"Bullpadel","slug":"bullpadel"}],"_links":{"self":[{"href":"https:\/\/tiendapadel5.com\/fr\/wp-json\/wp\/v2\/product\/237549","targetHints":{"allow":["GET"]}}],"collection":[{"href":"https:\/\/tiendapadel5.com\/fr\/wp-json\/wp\/v2\/product"}],"about":[{"href":"https:\/\/tiendapadel5.com\/fr\/wp-json\/wp\/v2\/types\/product"}],"replies":[{"embeddable":true,"href":"https:\/\/tiendapadel5.com\/fr\/wp-json\/wp\/v2\/comments?post=237549"}],"version-history":[{"count":0,"href":"https:\/\/tiendapadel5.com\/fr\/wp-json\/wp\/v2\/product\/237549\/revisions"}],"wp:featuredmedia":[{"embeddable":true,"href":"https:\/\/tiendapadel5.com\/fr\/wp-json\/wp\/v2\/media\/237564"}],"wp:attachment":[{"href":"https:\/\/tiendapadel5.com\/fr\/wp-json\/wp\/v2\/media?parent=237549"}],"wp:term":[{"taxonomy":"pwb-brand","embeddable":true,"href":"https:\/\/tiendapadel5.com\/fr\/wp-json\/wp\/v2\/pwb-brand?post=237549"},{"taxonomy":"product_brand","embeddable":true,"href":"https:\/\/tiendapadel5.com\/fr\/wp-json\/wp\/v2\/product_brand?post=237549"},{"taxonomy":"product_cat","embeddable":true,"href":"https:\/\/tiendapadel5.com\/fr\/wp-json\/wp\/v2\/product_cat?post=237549"},{"taxonomy":"product_tag","embeddable":true,"href":"https:\/\/tiendapadel5.com\/fr\/wp-json\/wp\/v2\/product_tag?post=237549"}],"curies":[{"name":"wp","href":"https:\/\/api.w.org\/{rel}","templated":true}]}}