{"id":237509,"date":"2025-12-26T17:33:04","date_gmt":"2025-12-26T16:33:04","guid":{"rendered":"https:\/\/tiendapadel5.com\/?post_type=product&#038;p=237509"},"modified":"2025-12-26T17:33:14","modified_gmt":"2025-12-26T16:33:14","slug":"sudadera-bullpadel-traiser-hueso-mujer-2026","status":"publish","type":"product","link":"https:\/\/tiendapadel5.com\/fr\/sudadera-bullpadel-traiser-hueso-mujer-2026\/","title":{"rendered":"Sudadera Bullpadel Traiser Hueso Mujer 2026"},"content":{"rendered":"<h2>Sudadera Bullpadel Traiser Hueso Mujer 2026<\/h2>\n<p><strong>Caracter\u00edsticas:<\/strong><\/p>\n<ul>\n<li class=\"first\">Confeccionada con hilo reciclado certificado\u00a0Repreve<\/li>\n<li>Dise\u00f1o relajado con cuello en pico y mangas ca\u00eddas<\/li>\n<li>Rib bicolor que ofrece un acabado distintivo<\/li>\n<li>Bandas de raschel que aportan un estilo deportivo<\/li>\n<li>Logo bordado que combina resistencia y elegancia<\/li>\n<li class=\"last\">Tejido el\u00e1stico y agradable al tacto<\/li>\n<\/ul>\n","protected":false},"excerpt":{"rendered":"<p>La Sudadera Bullpadel Traiser Hueso Mujer 2026, esta prenda mezcla poli\u00e9ster reciclado, poli\u00e9ster y elastano, dando como resultado un tejido de doble cara con una textura diferente y muy el\u00e1stica. Adem\u00e1s, al usar hilo certificado Repreve, garantiza una fabricaci\u00f3n m\u00e1s sostenible y respetuosa con el medio ambiente.<\/p>\n","protected":false},"featured_media":237532,"comment_status":"open","ping_status":"closed","template":"","meta":{"_joinchat":[]},"pwb-brand":[31],"product_brand":[],"product_cat":[21,447,47,105,5907],"product_tag":[11132,319,5668,239,517,11414],"class_list":{"0":"post-237509","1":"product","2":"type-product","3":"status-publish","4":"has-post-thumbnail","6":"pwb-brand-bullpadel","7":"product_cat-ropa-padel","8":"product_cat-ropa-bullpadel","9":"product_cat-mujer","10":"product_cat-sudaderas","11":"product_cat-sudaderasm","12":"product_tag-11132","13":"product_tag-bullpadel","14":"product_tag-hueso","15":"product_tag-mujer","16":"product_tag-sudadera","17":"product_tag-traiser","18":"pa_talla-l","19":"pa_talla-m","20":"pa_talla-s","21":"pa_talla-xl","23":"first","24":"instock","25":"sale","26":"taxable","27":"shipping-taxable","28":"purchasable","29":"product-type-variable"},"brands":[{"id":31,"name":"Bullpadel","slug":"bullpadel"}],"_links":{"self":[{"href":"https:\/\/tiendapadel5.com\/fr\/wp-json\/wp\/v2\/product\/237509","targetHints":{"allow":["GET"]}}],"collection":[{"href":"https:\/\/tiendapadel5.com\/fr\/wp-json\/wp\/v2\/product"}],"about":[{"href":"https:\/\/tiendapadel5.com\/fr\/wp-json\/wp\/v2\/types\/product"}],"replies":[{"embeddable":true,"href":"https:\/\/tiendapadel5.com\/fr\/wp-json\/wp\/v2\/comments?post=237509"}],"version-history":[{"count":0,"href":"https:\/\/tiendapadel5.com\/fr\/wp-json\/wp\/v2\/product\/237509\/revisions"}],"wp:featuredmedia":[{"embeddable":true,"href":"https:\/\/tiendapadel5.com\/fr\/wp-json\/wp\/v2\/media\/237532"}],"wp:attachment":[{"href":"https:\/\/tiendapadel5.com\/fr\/wp-json\/wp\/v2\/media?parent=237509"}],"wp:term":[{"taxonomy":"pwb-brand","embeddable":true,"href":"https:\/\/tiendapadel5.com\/fr\/wp-json\/wp\/v2\/pwb-brand?post=237509"},{"taxonomy":"product_brand","embeddable":true,"href":"https:\/\/tiendapadel5.com\/fr\/wp-json\/wp\/v2\/product_brand?post=237509"},{"taxonomy":"product_cat","embeddable":true,"href":"https:\/\/tiendapadel5.com\/fr\/wp-json\/wp\/v2\/product_cat?post=237509"},{"taxonomy":"product_tag","embeddable":true,"href":"https:\/\/tiendapadel5.com\/fr\/wp-json\/wp\/v2\/product_tag?post=237509"}],"curies":[{"name":"wp","href":"https:\/\/api.w.org\/{rel}","templated":true}]}}