{"id":236527,"date":"2025-12-22T15:34:32","date_gmt":"2025-12-22T14:34:32","guid":{"rendered":"https:\/\/tiendapadel5.com\/?post_type=product&#038;p=236527"},"modified":"2026-04-13T12:42:26","modified_gmt":"2026-04-13T10:42:26","slug":"siux-electra-elite-2026","status":"publish","type":"product","link":"https:\/\/tiendapadel5.com\/fr\/siux-electra-elite-2026\/","title":{"rendered":"Siux Electra Elite 2026"},"content":{"rendered":"<h3 class=\"zonadepadel\">Caracter\u00edsticas: Siux Electra Elite 2026<\/h3>\n<ul>\n<li><strong>Forma l\u00e1grima<\/strong><\/li>\n<li><strong>N\u00facleo EVA Mid Touch<\/strong><\/li>\n<li><strong>Peso 360-375 gramos<\/strong><\/li>\n<li><strong>Rugosidad arenosa<\/strong><\/li>\n<li><strong>Colecci\u00f3n de 2026<\/strong><\/li>\n<\/ul>\n","protected":false},"excerpt":{"rendered":"<p>La Siux Electra Elite 2026 ha sido dise\u00f1ada para jugadores avanzados que buscan potencia controlada y precisi\u00f3n, con n\u00facleo EVA y carbono 3K para un rendimiento profesional y duradero.<\/p>\n","protected":false},"featured_media":236545,"comment_status":"open","ping_status":"closed","template":"","meta":{"_joinchat":[]},"pwb-brand":[2224],"product_brand":[],"product_cat":[19,11134,2225],"product_tag":[11406],"class_list":{"0":"post-236527","1":"product","2":"type-product","3":"status-publish","4":"has-post-thumbnail","6":"pwb-brand-siux","7":"product_cat-palas-padel","8":"product_cat-11134","9":"product_cat-siux","10":"product_tag-siux-electra-elite-2026","12":"first","13":"instock","14":"sale","15":"taxable","16":"shipping-taxable","17":"purchasable","18":"product-type-simple"},"brands":[{"id":2224,"name":"Siux","slug":"siux"}],"_links":{"self":[{"href":"https:\/\/tiendapadel5.com\/fr\/wp-json\/wp\/v2\/product\/236527","targetHints":{"allow":["GET"]}}],"collection":[{"href":"https:\/\/tiendapadel5.com\/fr\/wp-json\/wp\/v2\/product"}],"about":[{"href":"https:\/\/tiendapadel5.com\/fr\/wp-json\/wp\/v2\/types\/product"}],"replies":[{"embeddable":true,"href":"https:\/\/tiendapadel5.com\/fr\/wp-json\/wp\/v2\/comments?post=236527"}],"version-history":[{"count":1,"href":"https:\/\/tiendapadel5.com\/fr\/wp-json\/wp\/v2\/product\/236527\/revisions"}],"predecessor-version":[{"id":243969,"href":"https:\/\/tiendapadel5.com\/fr\/wp-json\/wp\/v2\/product\/236527\/revisions\/243969"}],"wp:featuredmedia":[{"embeddable":true,"href":"https:\/\/tiendapadel5.com\/fr\/wp-json\/wp\/v2\/media\/236545"}],"wp:attachment":[{"href":"https:\/\/tiendapadel5.com\/fr\/wp-json\/wp\/v2\/media?parent=236527"}],"wp:term":[{"taxonomy":"pwb-brand","embeddable":true,"href":"https:\/\/tiendapadel5.com\/fr\/wp-json\/wp\/v2\/pwb-brand?post=236527"},{"taxonomy":"product_brand","embeddable":true,"href":"https:\/\/tiendapadel5.com\/fr\/wp-json\/wp\/v2\/product_brand?post=236527"},{"taxonomy":"product_cat","embeddable":true,"href":"https:\/\/tiendapadel5.com\/fr\/wp-json\/wp\/v2\/product_cat?post=236527"},{"taxonomy":"product_tag","embeddable":true,"href":"https:\/\/tiendapadel5.com\/fr\/wp-json\/wp\/v2\/product_tag?post=236527"}],"curies":[{"name":"wp","href":"https:\/\/api.w.org\/{rel}","templated":true}]}}