{"id":235524,"date":"2025-12-18T12:24:33","date_gmt":"2025-12-18T11:24:33","guid":{"rendered":"https:\/\/tiendapadel5.com\/?post_type=product&#038;p=235524"},"modified":"2026-05-10T23:50:14","modified_gmt":"2026-05-10T21:50:14","slug":"head-radical-pro-2026","status":"publish","type":"product","link":"https:\/\/tiendapadel5.com\/fr\/head-radical-pro-2026\/","title":{"rendered":"Head Radical Pro 2026"},"content":{"rendered":"<h2>Head Radical Pro 2026<\/h2>\n<p><strong>Caracter\u00edsticas:<\/strong><\/p>\n<ul class=\"productInformation-specsBlock-gga\">\n<li>\n<div class=\"productInformation-title-VwF\"><strong>Forma:<\/strong> L\u00e1grima<\/div>\n<\/li>\n<li>\n<div class=\"productInformation-title-VwF\"><strong>Peso:<\/strong> 370 g \/ 13.1 oz<\/div>\n<\/li>\n<li>\n<div class=\"productInformation-title-VwF\"><strong>Tama\u00f1o de cabeza:<\/strong> 461 cm\u00b2 \/ 71 in\u00b2<\/div>\n<\/li>\n<li>\n<div class=\"productInformation-title-VwF\"><strong>Equilibrio:<\/strong> 260.0 mm<\/div>\n<\/li>\n<li>\n<div class=\"productInformation-title-VwF\"><strong>Beam:<\/strong> 38 mm \/ 1.5 in<\/div>\n<\/li>\n<li>\n<div class=\"productInformation-title-VwF\"><strong>Superficie de golpeo:<\/strong> Doble capa de carbono<\/div>\n<\/li>\n<\/ul>\n","protected":false},"excerpt":{"rendered":"<p>La Head Radical Pro 2026, es perfecta para jugadores de competici\u00f3n que dominan el juego con un estilo t\u00e1ctico y buscan una pala vers\u00e1til, f\u00e1cil de manejar y muy fiable en la pista.<\/p>\n","protected":false},"featured_media":235533,"comment_status":"open","ping_status":"closed","template":"","meta":{"_joinchat":[]},"pwb-brand":[33],"product_brand":[],"product_cat":[1860,11144,1911],"product_tag":[11591,1913,1905,6083],"class_list":{"0":"post-235524","1":"product","2":"type-product","3":"status-publish","4":"has-post-thumbnail","6":"pwb-brand-head","7":"product_cat-padel-rackets","8":"product_cat-2026-en","9":"product_cat-head-en","10":"product_tag-11591","11":"product_tag-head-en","12":"product_tag-pro-en","13":"product_tag-radical-en","14":"pa_forma-tear","15":"pa_marco-carbon-fiber","16":"pa_nivel-de-juego-advanced-professional-en-2","17":"pa_tipo-de-juego-multipurpose","19":"first","20":"instock","21":"sale","22":"taxable","23":"shipping-taxable","24":"purchasable","25":"product-type-simple"},"brands":[{"id":33,"name":"Head","slug":"head"}],"_links":{"self":[{"href":"https:\/\/tiendapadel5.com\/fr\/wp-json\/wp\/v2\/product\/235524","targetHints":{"allow":["GET"]}}],"collection":[{"href":"https:\/\/tiendapadel5.com\/fr\/wp-json\/wp\/v2\/product"}],"about":[{"href":"https:\/\/tiendapadel5.com\/fr\/wp-json\/wp\/v2\/types\/product"}],"replies":[{"embeddable":true,"href":"https:\/\/tiendapadel5.com\/fr\/wp-json\/wp\/v2\/comments?post=235524"}],"version-history":[{"count":1,"href":"https:\/\/tiendapadel5.com\/fr\/wp-json\/wp\/v2\/product\/235524\/revisions"}],"predecessor-version":[{"id":253477,"href":"https:\/\/tiendapadel5.com\/fr\/wp-json\/wp\/v2\/product\/235524\/revisions\/253477"}],"wp:featuredmedia":[{"embeddable":true,"href":"https:\/\/tiendapadel5.com\/fr\/wp-json\/wp\/v2\/media\/235533"}],"wp:attachment":[{"href":"https:\/\/tiendapadel5.com\/fr\/wp-json\/wp\/v2\/media?parent=235524"}],"wp:term":[{"taxonomy":"pwb-brand","embeddable":true,"href":"https:\/\/tiendapadel5.com\/fr\/wp-json\/wp\/v2\/pwb-brand?post=235524"},{"taxonomy":"product_brand","embeddable":true,"href":"https:\/\/tiendapadel5.com\/fr\/wp-json\/wp\/v2\/product_brand?post=235524"},{"taxonomy":"product_cat","embeddable":true,"href":"https:\/\/tiendapadel5.com\/fr\/wp-json\/wp\/v2\/product_cat?post=235524"},{"taxonomy":"product_tag","embeddable":true,"href":"https:\/\/tiendapadel5.com\/fr\/wp-json\/wp\/v2\/product_tag?post=235524"}],"curies":[{"name":"wp","href":"https:\/\/api.w.org\/{rel}","templated":true}]}}