{"id":234754,"date":"2025-12-14T23:57:30","date_gmt":"2025-12-14T22:57:30","guid":{"rendered":"https:\/\/tiendapadel5.com\/?post_type=product&#038;p=234754"},"modified":"2025-12-14T23:57:37","modified_gmt":"2025-12-14T22:57:37","slug":"camiseta-tirantes-adidas-y-black","status":"publish","type":"product","link":"https:\/\/tiendapadel5.com\/fr\/camiseta-tirantes-adidas-y-black\/","title":{"rendered":"Camiseta Tirantes Adidas Y Black"},"content":{"rendered":"<h2>Camiseta Tirantes Adidas Y Black<\/h2>\n<p><strong>Caracter\u00edsticas:<\/strong><\/p>\n<p><strong>Color:<\/strong> Negro<\/p>\n","protected":false},"excerpt":{"rendered":"<p>La Camiseta Tirantes Adidas Y Black, tiene un corte ajustado y est\u00e1 hecha con un tejido interlock ligero que sienta genial y acompa\u00f1a tu rendimiento en la pista. El cuello cerrado y las sisas moldeadas te dan total libertad de movimiento, mientras que el dise\u00f1o actualizado de la espalda ofrece un ajuste c\u00f3modo y con buen soporte. Adem\u00e1s, incluye sujetador integrado para mayor confort y un tejido que absorbe el sudor, para que te mantengas fresca y seca durante todo el partido.<\/p>\n","protected":false},"featured_media":234762,"comment_status":"open","ping_status":"closed","template":"","meta":{"_joinchat":[]},"pwb-brand":[28],"product_brand":[],"product_cat":[5968,2203,4952,4926],"product_tag":[1968,1899,7317,597,2113],"class_list":{"0":"post-234754","1":"product","2":"type-product","3":"status-publish","4":"has-post-thumbnail","6":"pwb-brand-adidas-padel","7":"product_cat-shirts-en","8":"product_cat-padel-clothes","9":"product_cat-adidas-padel-clothes","10":"product_cat-womens-padel-clothing","11":"product_tag-adidas-en","12":"product_tag-black-en","13":"product_tag-t-shirt-en","14":"product_tag-tirantes","15":"product_tag-y-en","16":"pa_talla-l-en","17":"pa_talla-m-en","18":"pa_talla-s-en","19":"pa_talla-xl-en","20":"pa_talla-xs-en","22":"first","23":"instock","24":"sale","25":"taxable","26":"shipping-taxable","27":"purchasable","28":"product-type-variable"},"brands":[{"id":28,"name":"Adidas Padel","slug":"adidas-padel"}],"_links":{"self":[{"href":"https:\/\/tiendapadel5.com\/fr\/wp-json\/wp\/v2\/product\/234754","targetHints":{"allow":["GET"]}}],"collection":[{"href":"https:\/\/tiendapadel5.com\/fr\/wp-json\/wp\/v2\/product"}],"about":[{"href":"https:\/\/tiendapadel5.com\/fr\/wp-json\/wp\/v2\/types\/product"}],"replies":[{"embeddable":true,"href":"https:\/\/tiendapadel5.com\/fr\/wp-json\/wp\/v2\/comments?post=234754"}],"version-history":[{"count":0,"href":"https:\/\/tiendapadel5.com\/fr\/wp-json\/wp\/v2\/product\/234754\/revisions"}],"wp:featuredmedia":[{"embeddable":true,"href":"https:\/\/tiendapadel5.com\/fr\/wp-json\/wp\/v2\/media\/234762"}],"wp:attachment":[{"href":"https:\/\/tiendapadel5.com\/fr\/wp-json\/wp\/v2\/media?parent=234754"}],"wp:term":[{"taxonomy":"pwb-brand","embeddable":true,"href":"https:\/\/tiendapadel5.com\/fr\/wp-json\/wp\/v2\/pwb-brand?post=234754"},{"taxonomy":"product_brand","embeddable":true,"href":"https:\/\/tiendapadel5.com\/fr\/wp-json\/wp\/v2\/product_brand?post=234754"},{"taxonomy":"product_cat","embeddable":true,"href":"https:\/\/tiendapadel5.com\/fr\/wp-json\/wp\/v2\/product_cat?post=234754"},{"taxonomy":"product_tag","embeddable":true,"href":"https:\/\/tiendapadel5.com\/fr\/wp-json\/wp\/v2\/product_tag?post=234754"}],"curies":[{"name":"wp","href":"https:\/\/api.w.org\/{rel}","templated":true}]}}