{"id":234345,"date":"2025-12-14T00:47:37","date_gmt":"2025-12-13T23:47:37","guid":{"rendered":"https:\/\/tiendapadel5.com\/?post_type=product&#038;p=234345"},"modified":"2026-04-01T14:50:39","modified_gmt":"2026-04-01T12:50:39","slug":"mochila-black-crown-raptor-v2-blanco-dorado","status":"publish","type":"product","link":"https:\/\/tiendapadel5.com\/fr\/mochila-black-crown-raptor-v2-blanco-dorado\/","title":{"rendered":"Mochila Black Crown Raptor V2 Blanco\/Dorado"},"content":{"rendered":"<h2>Mochila Black Crown Raptor V2 Blanco\/Dorado<\/h2>\n<p><strong>Caracter\u00edsticas:<\/strong><\/p>\n<p><strong>Medidas:<\/strong>\u00a031 cm (largo) x 20 cm (ancho) x 49 cm (alto)<\/p>\n<p><strong>Color: <\/strong>Blanco, negro y detalles en dorado<\/p>\n","protected":false},"excerpt":{"rendered":"<p>La Mochila Black Crown Raptor V2 Blanco\/Dorado, ha sido dise\u00f1ada en exclusiva para nuestros jugadores, cuidando cada detalle para ofrecerte comodidad, funcionalidad y estilo. Es perfecta tanto para tus partidos de p\u00e1del como para cualquier otro plan, gracias a su dise\u00f1o elegante y vers\u00e1til.<\/p>\n","protected":false},"featured_media":234361,"comment_status":"open","ping_status":"closed","template":"","meta":{"_joinchat":[]},"pwb-brand":[30],"product_brand":[],"product_cat":[6541,20],"product_tag":[203,405,204,1212,256,541,913],"class_list":{"0":"post-234345","1":"product","2":"type-product","3":"status-publish","4":"has-post-thumbnail","6":"pwb-brand-black-crown","7":"product_cat-mochilas-black-crown","8":"product_cat-paleteros-de-padel","9":"product_tag-black","10":"product_tag-blanco","11":"product_tag-crown","12":"product_tag-dorado","13":"product_tag-mochila","14":"product_tag-raptor","15":"product_tag-v2","17":"first","18":"instock","19":"sale","20":"taxable","21":"shipping-taxable","22":"purchasable","23":"product-type-simple"},"brands":[{"id":30,"name":"Black Crown","slug":"black-crown"}],"_links":{"self":[{"href":"https:\/\/tiendapadel5.com\/fr\/wp-json\/wp\/v2\/product\/234345","targetHints":{"allow":["GET"]}}],"collection":[{"href":"https:\/\/tiendapadel5.com\/fr\/wp-json\/wp\/v2\/product"}],"about":[{"href":"https:\/\/tiendapadel5.com\/fr\/wp-json\/wp\/v2\/types\/product"}],"replies":[{"embeddable":true,"href":"https:\/\/tiendapadel5.com\/fr\/wp-json\/wp\/v2\/comments?post=234345"}],"version-history":[{"count":0,"href":"https:\/\/tiendapadel5.com\/fr\/wp-json\/wp\/v2\/product\/234345\/revisions"}],"wp:featuredmedia":[{"embeddable":true,"href":"https:\/\/tiendapadel5.com\/fr\/wp-json\/wp\/v2\/media\/234361"}],"wp:attachment":[{"href":"https:\/\/tiendapadel5.com\/fr\/wp-json\/wp\/v2\/media?parent=234345"}],"wp:term":[{"taxonomy":"pwb-brand","embeddable":true,"href":"https:\/\/tiendapadel5.com\/fr\/wp-json\/wp\/v2\/pwb-brand?post=234345"},{"taxonomy":"product_brand","embeddable":true,"href":"https:\/\/tiendapadel5.com\/fr\/wp-json\/wp\/v2\/product_brand?post=234345"},{"taxonomy":"product_cat","embeddable":true,"href":"https:\/\/tiendapadel5.com\/fr\/wp-json\/wp\/v2\/product_cat?post=234345"},{"taxonomy":"product_tag","embeddable":true,"href":"https:\/\/tiendapadel5.com\/fr\/wp-json\/wp\/v2\/product_tag?post=234345"}],"curies":[{"name":"wp","href":"https:\/\/api.w.org\/{rel}","templated":true}]}}