{"id":234037,"date":"2025-12-13T17:23:26","date_gmt":"2025-12-13T16:23:26","guid":{"rendered":"https:\/\/tiendapadel5.com\/?post_type=product&#038;p=234037"},"modified":"2026-04-13T16:58:31","modified_gmt":"2026-04-13T14:58:31","slug":"mochila-head-base-backpack-17l-sg","status":"publish","type":"product","link":"https:\/\/tiendapadel5.com\/fr\/mochila-head-base-backpack-17l-sg\/","title":{"rendered":"Mochila Head Base Backpack 17L SG"},"content":{"rendered":"<h2>Mochila Head Base Backpack 17L SG<\/h2>\n<p><strong>Caracter\u00edsticas:<\/strong><\/p>\n<ul class=\"productInformation-specsBlock-gga\">\n<li>\n<div class=\"productInformation-title-VwF\"><strong>Colores:<\/strong> Verde Fluor<\/div>\n<\/li>\n<li>\n<div class=\"productInformation-title-VwF\"><strong>Volumen (l):<\/strong>\u00a017<\/div>\n<\/li>\n<li>\n<div class=\"productInformation-title-VwF\"><strong>Dimensiones:<\/strong>\u00a054*33*13<\/div>\n<\/li>\n<li>\n<div class=\"productInformation-title-VwF\"><strong>Composici\u00f3n exterior:<\/strong>\u00a0100% POLY<\/div>\n<\/li>\n<li>\n<div class=\"productInformation-title-VwF\"><strong>Composici\u00f3n interior:<\/strong>\u00a0100% POLY<\/div>\n<\/li>\n<\/ul>\n","protected":false},"excerpt":{"rendered":"<p>La Mochila Head Base Backpack 17L SG, disfruta del estilo y la comodidad en tu d\u00eda a d\u00eda con esta mochila. Tiene un dise\u00f1o nuevo y moderno que combina a la perfecci\u00f3n con todas las raquetas de nuestra colecci\u00f3n.<\/p>\n","protected":false},"featured_media":234045,"comment_status":"open","ping_status":"closed","template":"","meta":{"_joinchat":[]},"pwb-brand":[33],"product_brand":[],"product_cat":[432,20],"product_tag":[1431,374,1430,160,256,10398],"class_list":{"0":"post-234037","1":"product","2":"type-product","3":"status-publish","4":"has-post-thumbnail","6":"pwb-brand-head","7":"product_cat-mochilas-head","8":"product_cat-paleteros-de-padel","9":"product_tag-17l","10":"product_tag-backpack","11":"product_tag-base","12":"product_tag-head","13":"product_tag-mochila","14":"product_tag-sg","16":"first","17":"instock","18":"sale","19":"taxable","20":"shipping-taxable","21":"purchasable","22":"product-type-simple"},"brands":[{"id":33,"name":"Head","slug":"head"}],"_links":{"self":[{"href":"https:\/\/tiendapadel5.com\/fr\/wp-json\/wp\/v2\/product\/234037","targetHints":{"allow":["GET"]}}],"collection":[{"href":"https:\/\/tiendapadel5.com\/fr\/wp-json\/wp\/v2\/product"}],"about":[{"href":"https:\/\/tiendapadel5.com\/fr\/wp-json\/wp\/v2\/types\/product"}],"replies":[{"embeddable":true,"href":"https:\/\/tiendapadel5.com\/fr\/wp-json\/wp\/v2\/comments?post=234037"}],"version-history":[{"count":1,"href":"https:\/\/tiendapadel5.com\/fr\/wp-json\/wp\/v2\/product\/234037\/revisions"}],"predecessor-version":[{"id":245232,"href":"https:\/\/tiendapadel5.com\/fr\/wp-json\/wp\/v2\/product\/234037\/revisions\/245232"}],"wp:featuredmedia":[{"embeddable":true,"href":"https:\/\/tiendapadel5.com\/fr\/wp-json\/wp\/v2\/media\/234045"}],"wp:attachment":[{"href":"https:\/\/tiendapadel5.com\/fr\/wp-json\/wp\/v2\/media?parent=234037"}],"wp:term":[{"taxonomy":"pwb-brand","embeddable":true,"href":"https:\/\/tiendapadel5.com\/fr\/wp-json\/wp\/v2\/pwb-brand?post=234037"},{"taxonomy":"product_brand","embeddable":true,"href":"https:\/\/tiendapadel5.com\/fr\/wp-json\/wp\/v2\/product_brand?post=234037"},{"taxonomy":"product_cat","embeddable":true,"href":"https:\/\/tiendapadel5.com\/fr\/wp-json\/wp\/v2\/product_cat?post=234037"},{"taxonomy":"product_tag","embeddable":true,"href":"https:\/\/tiendapadel5.com\/fr\/wp-json\/wp\/v2\/product_tag?post=234037"}],"curies":[{"name":"wp","href":"https:\/\/api.w.org\/{rel}","templated":true}]}}