{"id":233930,"date":"2025-12-13T13:09:51","date_gmt":"2025-12-13T12:09:51","guid":{"rendered":"https:\/\/tiendapadel5.com\/?post_type=product&#038;p=233930"},"modified":"2025-12-22T17:27:39","modified_gmt":"2025-12-22T16:27:39","slug":"mochila-head-tour-padel-backpack-25l-bl","status":"publish","type":"product","link":"https:\/\/tiendapadel5.com\/fr\/mochila-head-tour-padel-backpack-25l-bl\/","title":{"rendered":"Mochila Head Tour Padel Backpack 25L BL"},"content":{"rendered":"<h2>Mochila Head Tour Padel Backpack 25L BL<\/h2>\n<p><strong>Caracter\u00edsticas:<\/strong><\/p>\n<ul class=\"productInformation-specsBlock-gga\">\n<li>\n<div class=\"productInformation-title-VwF\"><strong>Colores:<\/strong> Blue<\/div>\n<\/li>\n<li>\n<div class=\"productInformation-title-VwF\"><strong>Volumen (l):<\/strong>\u00a025<\/div>\n<\/li>\n<li>\n<div class=\"productInformation-title-VwF\"><strong>Dimensiones:<\/strong>\u00a033.5*51*25<\/div>\n<\/li>\n<li>\n<div class=\"productInformation-title-VwF\"><strong>Composici\u00f3n exterior:<\/strong>\u00a070% Polyester \/ 20% PU \/ 10% Nylon<\/div>\n<\/li>\n<li>\n<div class=\"productInformation-title-VwF\"><strong>Composici\u00f3n interior:<\/strong>\u00a0100% Polyester<\/div>\n<\/li>\n<\/ul>\n","protected":false},"excerpt":{"rendered":"<p>La Mochila Head Tour Padel Backpack 25L BL, con un dise\u00f1o moderno y un acolchado renovado que da m\u00e1s estabilidad, es ideal para llev\u00e1rtela a la pista sin complicaciones.<\/p>\n","protected":false},"featured_media":233951,"comment_status":"open","ping_status":"closed","template":"","meta":{"_joinchat":[]},"pwb-brand":[33],"product_brand":[],"product_cat":[432,20],"product_tag":[11279,374,1322,160,256,85,264],"class_list":{"0":"post-233930","1":"product","2":"type-product","3":"status-publish","4":"has-post-thumbnail","6":"pwb-brand-head","7":"product_cat-mochilas-head","8":"product_cat-paleteros-de-padel","9":"product_tag-25l","10":"product_tag-backpack","11":"product_tag-bl","12":"product_tag-head","13":"product_tag-mochila","14":"product_tag-padel","15":"product_tag-tour","17":"first","18":"instock","19":"sale","20":"taxable","21":"shipping-taxable","22":"purchasable","23":"product-type-simple"},"brands":[{"id":33,"name":"Head","slug":"head"}],"_links":{"self":[{"href":"https:\/\/tiendapadel5.com\/fr\/wp-json\/wp\/v2\/product\/233930","targetHints":{"allow":["GET"]}}],"collection":[{"href":"https:\/\/tiendapadel5.com\/fr\/wp-json\/wp\/v2\/product"}],"about":[{"href":"https:\/\/tiendapadel5.com\/fr\/wp-json\/wp\/v2\/types\/product"}],"replies":[{"embeddable":true,"href":"https:\/\/tiendapadel5.com\/fr\/wp-json\/wp\/v2\/comments?post=233930"}],"version-history":[{"count":0,"href":"https:\/\/tiendapadel5.com\/fr\/wp-json\/wp\/v2\/product\/233930\/revisions"}],"wp:featuredmedia":[{"embeddable":true,"href":"https:\/\/tiendapadel5.com\/fr\/wp-json\/wp\/v2\/media\/233951"}],"wp:attachment":[{"href":"https:\/\/tiendapadel5.com\/fr\/wp-json\/wp\/v2\/media?parent=233930"}],"wp:term":[{"taxonomy":"pwb-brand","embeddable":true,"href":"https:\/\/tiendapadel5.com\/fr\/wp-json\/wp\/v2\/pwb-brand?post=233930"},{"taxonomy":"product_brand","embeddable":true,"href":"https:\/\/tiendapadel5.com\/fr\/wp-json\/wp\/v2\/product_brand?post=233930"},{"taxonomy":"product_cat","embeddable":true,"href":"https:\/\/tiendapadel5.com\/fr\/wp-json\/wp\/v2\/product_cat?post=233930"},{"taxonomy":"product_tag","embeddable":true,"href":"https:\/\/tiendapadel5.com\/fr\/wp-json\/wp\/v2\/product_tag?post=233930"}],"curies":[{"name":"wp","href":"https:\/\/api.w.org\/{rel}","templated":true}]}}