{"id":231236,"date":"2025-12-02T23:33:22","date_gmt":"2025-12-02T22:33:22","guid":{"rendered":"https:\/\/tiendapadel5.com\/?post_type=product&#038;p=231236"},"modified":"2026-04-21T23:34:43","modified_gmt":"2026-04-21T21:34:43","slug":"mochila-adidas-pro-tour-pink-2026-by-martita-ortega","status":"publish","type":"product","link":"https:\/\/tiendapadel5.com\/fr\/mochila-adidas-pro-tour-pink-2026-by-martita-ortega\/","title":{"rendered":"Mochila Adidas Pro Tour Pink 2026 By Martita Ortega"},"content":{"rendered":"<h2>Mochila Adidas Pro Tour Pink 2026 By Martita Ortega<\/h2>\n<p><strong>Caracter\u00edsticas:<\/strong><\/p>\n<p><i class=\"fa fa-check\"><\/i><strong>\u00a0<label class=\"label\">Materiales:<\/label>\u00a0<\/strong>100% REC. PES 900D with PU coating + 100% REC. PES 210D<\/p>\n<p><i class=\"fa fa-check\"><\/i><strong>\u00a0<label class=\"label\">Capacidad :<\/label><\/strong>\u00a040L<\/p>\n<p><i class=\"fa fa-check\"><\/i><strong>\u00a0<label class=\"label\">Dimensiones:<\/label><\/strong>\u00a032 x 50 x 23 cm<\/p>\n<p><i class=\"fa fa-check\"><\/i><strong>\u00a0<label class=\"label\">Color:<\/label><\/strong>\u00a0Rosa Naranja<\/p>\n","protected":false},"excerpt":{"rendered":"<p>La Mochila Adidas Pro Tour Pink 2026 By Martita Ortega, tiene una construcci\u00f3n m\u00e1s cuidada, apertura en U y un compartimento t\u00e9rmico para llevar tus palas bien protegidas.<\/p>\n","protected":false},"featured_media":231251,"comment_status":"open","ping_status":"closed","template":"","meta":{"_joinchat":[]},"pwb-brand":[28],"product_brand":[],"product_cat":[20,427],"product_tag":[11132,143,1146,10500,256,8035,516,176,264],"class_list":{"0":"post-231236","1":"product","2":"type-product","3":"status-publish","4":"has-post-thumbnail","6":"pwb-brand-adidas-padel","7":"product_cat-paleteros-de-padel","8":"product_cat-mochilas-adidas","9":"product_tag-11132","10":"product_tag-adidas","11":"product_tag-by","12":"product_tag-martita","13":"product_tag-mochila","14":"product_tag-ortega","15":"product_tag-pink","16":"product_tag-pro","17":"product_tag-tour","19":"first","20":"instock","21":"sale","22":"taxable","23":"shipping-taxable","24":"purchasable","25":"product-type-simple"},"brands":[{"id":28,"name":"Adidas Padel","slug":"adidas-padel"}],"_links":{"self":[{"href":"https:\/\/tiendapadel5.com\/fr\/wp-json\/wp\/v2\/product\/231236","targetHints":{"allow":["GET"]}}],"collection":[{"href":"https:\/\/tiendapadel5.com\/fr\/wp-json\/wp\/v2\/product"}],"about":[{"href":"https:\/\/tiendapadel5.com\/fr\/wp-json\/wp\/v2\/types\/product"}],"replies":[{"embeddable":true,"href":"https:\/\/tiendapadel5.com\/fr\/wp-json\/wp\/v2\/comments?post=231236"}],"version-history":[{"count":1,"href":"https:\/\/tiendapadel5.com\/fr\/wp-json\/wp\/v2\/product\/231236\/revisions"}],"predecessor-version":[{"id":245218,"href":"https:\/\/tiendapadel5.com\/fr\/wp-json\/wp\/v2\/product\/231236\/revisions\/245218"}],"wp:featuredmedia":[{"embeddable":true,"href":"https:\/\/tiendapadel5.com\/fr\/wp-json\/wp\/v2\/media\/231251"}],"wp:attachment":[{"href":"https:\/\/tiendapadel5.com\/fr\/wp-json\/wp\/v2\/media?parent=231236"}],"wp:term":[{"taxonomy":"pwb-brand","embeddable":true,"href":"https:\/\/tiendapadel5.com\/fr\/wp-json\/wp\/v2\/pwb-brand?post=231236"},{"taxonomy":"product_brand","embeddable":true,"href":"https:\/\/tiendapadel5.com\/fr\/wp-json\/wp\/v2\/product_brand?post=231236"},{"taxonomy":"product_cat","embeddable":true,"href":"https:\/\/tiendapadel5.com\/fr\/wp-json\/wp\/v2\/product_cat?post=231236"},{"taxonomy":"product_tag","embeddable":true,"href":"https:\/\/tiendapadel5.com\/fr\/wp-json\/wp\/v2\/product_tag?post=231236"}],"curies":[{"name":"wp","href":"https:\/\/api.w.org\/{rel}","templated":true}]}}