{"id":228440,"date":"2025-11-20T00:05:49","date_gmt":"2025-11-19T23:05:49","guid":{"rendered":"https:\/\/tiendapadel5.com\/?post_type=product&#038;p=228440"},"modified":"2026-04-29T12:20:47","modified_gmt":"2026-04-29T10:20:47","slug":"paletero-bullpadel-bpp26012-hack-negro","status":"publish","type":"product","link":"https:\/\/tiendapadel5.com\/fr\/paletero-bullpadel-bpp26012-hack-negro\/","title":{"rendered":"Paletero Bullpadel BPP26012 Hack Negro"},"content":{"rendered":"<h2>Paletero Bullpadel BPP26012 Hack Negro<\/h2>\n<p><strong>Caracter\u00edsticas:<\/strong><\/p>\n<p><strong>Medidas:<\/strong>\u00a062x30x40 cm<br \/>\n<strong>Composici\u00f3n:<\/strong>\u00a0Nylon Dobby \/ Neopreno<\/p>\n","protected":false},"excerpt":{"rendered":"<p>El Paletero Bullpadel BPP26012 Hack Negro, es el elegido por Paquito Navarro para acompa\u00f1ar su colecci\u00f3n, est\u00e1 hecho para jugadores que viven el p\u00e1del a tope y no se dejan nada sin preparar.<\/p>\n","protected":false},"featured_media":228455,"comment_status":"open","ping_status":"closed","template":"","meta":{"_joinchat":[]},"pwb-brand":[31],"product_brand":[],"product_cat":[20,430],"product_tag":[11337,319,142,669,257],"class_list":{"0":"post-228440","1":"product","2":"type-product","3":"status-publish","4":"has-post-thumbnail","6":"pwb-brand-bullpadel","7":"product_cat-paleteros-de-padel","8":"product_cat-mochilas-bullpadel","9":"product_tag-bpp26012","10":"product_tag-bullpadel","11":"product_tag-hack","12":"product_tag-negro","13":"product_tag-paletero","15":"first","16":"instock","17":"sale","18":"taxable","19":"shipping-taxable","20":"purchasable","21":"product-type-simple"},"brands":[{"id":31,"name":"Bullpadel","slug":"bullpadel"}],"_links":{"self":[{"href":"https:\/\/tiendapadel5.com\/fr\/wp-json\/wp\/v2\/product\/228440","targetHints":{"allow":["GET"]}}],"collection":[{"href":"https:\/\/tiendapadel5.com\/fr\/wp-json\/wp\/v2\/product"}],"about":[{"href":"https:\/\/tiendapadel5.com\/fr\/wp-json\/wp\/v2\/types\/product"}],"replies":[{"embeddable":true,"href":"https:\/\/tiendapadel5.com\/fr\/wp-json\/wp\/v2\/comments?post=228440"}],"version-history":[{"count":1,"href":"https:\/\/tiendapadel5.com\/fr\/wp-json\/wp\/v2\/product\/228440\/revisions"}],"predecessor-version":[{"id":245203,"href":"https:\/\/tiendapadel5.com\/fr\/wp-json\/wp\/v2\/product\/228440\/revisions\/245203"}],"wp:featuredmedia":[{"embeddable":true,"href":"https:\/\/tiendapadel5.com\/fr\/wp-json\/wp\/v2\/media\/228455"}],"wp:attachment":[{"href":"https:\/\/tiendapadel5.com\/fr\/wp-json\/wp\/v2\/media?parent=228440"}],"wp:term":[{"taxonomy":"pwb-brand","embeddable":true,"href":"https:\/\/tiendapadel5.com\/fr\/wp-json\/wp\/v2\/pwb-brand?post=228440"},{"taxonomy":"product_brand","embeddable":true,"href":"https:\/\/tiendapadel5.com\/fr\/wp-json\/wp\/v2\/product_brand?post=228440"},{"taxonomy":"product_cat","embeddable":true,"href":"https:\/\/tiendapadel5.com\/fr\/wp-json\/wp\/v2\/product_cat?post=228440"},{"taxonomy":"product_tag","embeddable":true,"href":"https:\/\/tiendapadel5.com\/fr\/wp-json\/wp\/v2\/product_tag?post=228440"}],"curies":[{"name":"wp","href":"https:\/\/api.w.org\/{rel}","templated":true}]}}