{"id":227713,"date":"2025-11-16T23:15:34","date_gmt":"2025-11-16T22:15:34","guid":{"rendered":"https:\/\/tiendapadel5.com\/?post_type=product&#038;p=227713"},"modified":"2026-04-21T08:51:40","modified_gmt":"2026-04-21T06:51:40","slug":"varlion-wpt-bourne-stockholm-2022","status":"publish","type":"product","link":"https:\/\/tiendapadel5.com\/fr\/varlion-wpt-bourne-stockholm-2022\/","title":{"rendered":"Varlion WPT Bourne Stockholm 2022"},"content":{"rendered":"<p>Caracter\u00edsticas:<\/p>\n<p>Forma: L\u00e1grima (orientada a potencia)<br \/>\nNivel de juego: Profesional<br \/>\nBalance: Medio-alto<br \/>\nN\u00facleo: Foam Hypersoft de tacto medio<br \/>\nMarco: Prisma con protector adhesivo<br \/>\nSuperficie: Fibra de carbono 12K + 3K + fibra de vidrio<br \/>\nTextura: Slice 3D con relieve rugoso<br \/>\nTecnolog\u00edas: Summum, Diffuser Wings, Handlesafety, Slice, Prisma Frame, 7 Rhombus Carbon<br \/>\nEmpu\u00f1adura: Extra larga (14,5 cm)<\/p>\n","protected":false},"excerpt":{"rendered":"<p>La Varlion WPT Bourne Stockholm tiene forma de l\u00e1grima, dise\u00f1ada para para jugadores que buscan m\u00e1xima potencia sin perder sensibilidad ni control.<\/p>\n","protected":false},"featured_media":227714,"comment_status":"open","ping_status":"closed","template":"","meta":{"_joinchat":[]},"pwb-brand":[11305],"product_brand":[],"product_cat":[19,4373,11306],"product_tag":[11323],"class_list":{"0":"post-227713","1":"product","2":"type-product","3":"status-publish","4":"has-post-thumbnail","6":"pwb-brand-varlion","7":"product_cat-palas-padel","8":"product_cat-palas-padel-2022","9":"product_cat-varlion","10":"product_tag-varlion-wpt-bourne-stockholm","12":"first","13":"instock","14":"sale","15":"taxable","16":"shipping-taxable","17":"purchasable","18":"product-type-simple"},"brands":[{"id":11305,"name":"Varlion","slug":"varlion"}],"_links":{"self":[{"href":"https:\/\/tiendapadel5.com\/fr\/wp-json\/wp\/v2\/product\/227713","targetHints":{"allow":["GET"]}}],"collection":[{"href":"https:\/\/tiendapadel5.com\/fr\/wp-json\/wp\/v2\/product"}],"about":[{"href":"https:\/\/tiendapadel5.com\/fr\/wp-json\/wp\/v2\/types\/product"}],"replies":[{"embeddable":true,"href":"https:\/\/tiendapadel5.com\/fr\/wp-json\/wp\/v2\/comments?post=227713"}],"version-history":[{"count":0,"href":"https:\/\/tiendapadel5.com\/fr\/wp-json\/wp\/v2\/product\/227713\/revisions"}],"wp:featuredmedia":[{"embeddable":true,"href":"https:\/\/tiendapadel5.com\/fr\/wp-json\/wp\/v2\/media\/227714"}],"wp:attachment":[{"href":"https:\/\/tiendapadel5.com\/fr\/wp-json\/wp\/v2\/media?parent=227713"}],"wp:term":[{"taxonomy":"pwb-brand","embeddable":true,"href":"https:\/\/tiendapadel5.com\/fr\/wp-json\/wp\/v2\/pwb-brand?post=227713"},{"taxonomy":"product_brand","embeddable":true,"href":"https:\/\/tiendapadel5.com\/fr\/wp-json\/wp\/v2\/product_brand?post=227713"},{"taxonomy":"product_cat","embeddable":true,"href":"https:\/\/tiendapadel5.com\/fr\/wp-json\/wp\/v2\/product_cat?post=227713"},{"taxonomy":"product_tag","embeddable":true,"href":"https:\/\/tiendapadel5.com\/fr\/wp-json\/wp\/v2\/product_tag?post=227713"}],"curies":[{"name":"wp","href":"https:\/\/api.w.org\/{rel}","templated":true}]}}