{"id":226869,"date":"2025-11-12T09:55:19","date_gmt":"2025-11-12T08:55:19","guid":{"rendered":"https:\/\/tiendapadel5.com\/?post_type=product&#038;p=226869"},"modified":"2026-02-26T19:04:37","modified_gmt":"2026-02-26T18:04:37","slug":"varlion-lw-carbon-ti-difusor-black-2022","status":"publish","type":"product","link":"https:\/\/tiendapadel5.com\/fr\/varlion-lw-carbon-ti-difusor-black-2022\/","title":{"rendered":"Varlion LW Carbon Ti Difusor Black 2022"},"content":{"rendered":"<h2>Varlion LW C Ti Difusor Black 2022<\/h2>\n<p><strong>Caracter\u00edsticas:<\/strong><\/p>\n<ul>\n<li>TIPO DE JUEGO:\u00a0<strong>CONTROL<\/strong><\/li>\n<li>N\u00daCLEO:\u00a0<strong>Goma EVA MEDIA.<\/strong><\/li>\n<li>MARCO:\u00a0<strong>CARBONO.<\/strong><\/li>\n<li>FORMA:\u00a0<strong>REDONDA.<\/strong><\/li>\n<li>CARA:\u00a0<strong>FIBRA DE VIDRIO.<\/strong><\/li>\n<li>BALANCE:\u00a0<strong>BAJO.<\/strong><\/li>\n<\/ul>\n","protected":false},"excerpt":{"rendered":"<p>La Varlion LW C Ti Difusor Black 2022, tiene forma redonda para darte el equilibrio ideal entre control y potencia, con un punto dulce amplio y un balance bajo que facilita cada golpe. En el n\u00facleo lleva una goma EVA de densidad media que te ofrece precisi\u00f3n y una r\u00e1pida recuperaci\u00f3n, lista para rendir al m\u00e1ximo en cada punto.<\/p>\n","protected":false},"featured_media":226993,"comment_status":"open","ping_status":"closed","template":"","meta":{"_joinchat":[]},"pwb-brand":[11305],"product_brand":[],"product_cat":[1860,4379,11308],"product_tag":[1909,1899,2015,11303,11301,11302,11300],"class_list":{"0":"post-226869","1":"product","2":"type-product","3":"status-publish","4":"has-post-thumbnail","6":"pwb-brand-varlion","7":"product_cat-padel-rackets","8":"product_cat-padel-rackets-2022","9":"product_cat-varlion-en","10":"product_tag-2022-en","11":"product_tag-black-en","12":"product_tag-carbon-en","13":"product_tag-difusor","14":"product_tag-lw","15":"product_tag-ti","16":"product_tag-varlion","17":"pa_forma-round","18":"pa_marco-carbon-fiber","19":"pa_nivel-de-juego-advanced-professional-en-2","20":"pa_tipo-de-juego-control-en","22":"first","23":"instock","24":"sale","25":"taxable","26":"shipping-taxable","27":"purchasable","28":"product-type-simple"},"brands":[{"id":11305,"name":"Varlion","slug":"varlion"}],"_links":{"self":[{"href":"https:\/\/tiendapadel5.com\/fr\/wp-json\/wp\/v2\/product\/226869","targetHints":{"allow":["GET"]}}],"collection":[{"href":"https:\/\/tiendapadel5.com\/fr\/wp-json\/wp\/v2\/product"}],"about":[{"href":"https:\/\/tiendapadel5.com\/fr\/wp-json\/wp\/v2\/types\/product"}],"replies":[{"embeddable":true,"href":"https:\/\/tiendapadel5.com\/fr\/wp-json\/wp\/v2\/comments?post=226869"}],"version-history":[{"count":0,"href":"https:\/\/tiendapadel5.com\/fr\/wp-json\/wp\/v2\/product\/226869\/revisions"}],"wp:featuredmedia":[{"embeddable":true,"href":"https:\/\/tiendapadel5.com\/fr\/wp-json\/wp\/v2\/media\/226993"}],"wp:attachment":[{"href":"https:\/\/tiendapadel5.com\/fr\/wp-json\/wp\/v2\/media?parent=226869"}],"wp:term":[{"taxonomy":"pwb-brand","embeddable":true,"href":"https:\/\/tiendapadel5.com\/fr\/wp-json\/wp\/v2\/pwb-brand?post=226869"},{"taxonomy":"product_brand","embeddable":true,"href":"https:\/\/tiendapadel5.com\/fr\/wp-json\/wp\/v2\/product_brand?post=226869"},{"taxonomy":"product_cat","embeddable":true,"href":"https:\/\/tiendapadel5.com\/fr\/wp-json\/wp\/v2\/product_cat?post=226869"},{"taxonomy":"product_tag","embeddable":true,"href":"https:\/\/tiendapadel5.com\/fr\/wp-json\/wp\/v2\/product_tag?post=226869"}],"curies":[{"name":"wp","href":"https:\/\/api.w.org\/{rel}","templated":true}]}}