{"id":226143,"date":"2025-11-07T02:25:28","date_gmt":"2025-11-07T01:25:28","guid":{"rendered":"https:\/\/tiendapadel5.com\/?post_type=product&#038;p=226143"},"modified":"2026-04-30T11:13:22","modified_gmt":"2026-04-30T09:13:22","slug":"siux-valkiria-elite-2026","status":"publish","type":"product","link":"https:\/\/tiendapadel5.com\/fr\/siux-valkiria-elite-2026\/","title":{"rendered":"Siux Valkiria Elite 2026"},"content":{"rendered":"<h2>Siux Valkiria Elite 2026<\/h2>\n<p><strong>Caracter\u00edsticas:<\/strong><\/p>\n<p><span class=\"info\"><strong>Forma:<\/strong> Lagrima<\/span><\/p>\n<p><span class=\"info\"><strong>Nivel:<\/strong> Avanzado<\/span><\/p>\n<p><span class=\"info\"><strong>Juego:<\/strong> Polivalente<\/span><\/p>\n<p><span class=\"info\"><strong>Peso:<\/strong> 345-355 gr.<\/span><\/p>\n<p><span class=\"info\"><strong>Perfil:<\/strong> 38 mm<\/span><\/p>\n<p><span class=\"info\"><strong>A\u00f1o:<\/strong> 2026<\/span><\/p>\n<p><span class=\"info\"><strong>N\u00facleo:<\/strong> Eva<\/span><\/p>\n<p><span class=\"info\"><strong>Tacto:<\/strong> Blando, Medio<\/span><\/p>\n<p><span class=\"info\"><strong>Material Principal:<\/strong> Carbono<\/span><\/p>\n<p><span class=\"info\"><strong>Rugosidad:<\/strong> Lija<\/span><\/p>\n","protected":false},"excerpt":{"rendered":"<p>La Siux Valkiria Elite 2026Siux Valkiria Elite 2026, combina la fibra de carbono 8K de \u00faltima generaci\u00f3n con un dise\u00f1o en color verde, dando como resultado una pala semi profesional ideal para quienes buscan el m\u00e1ximo control en su juego.<\/p>\n","protected":false},"featured_media":226165,"comment_status":"open","ping_status":"closed","template":"","meta":{"_joinchat":[]},"pwb-brand":[2224],"product_brand":[],"product_cat":[19,11134,2225],"product_tag":[11132,165,2226,11263],"class_list":{"0":"post-226143","1":"product","2":"type-product","3":"status-publish","4":"has-post-thumbnail","6":"pwb-brand-siux","7":"product_cat-palas-padel","8":"product_cat-11134","9":"product_cat-siux","10":"product_tag-11132","11":"product_tag-elite","12":"product_tag-siux","13":"product_tag-valkiria","14":"pa_forma-lagrima","15":"pa_marco-fibra-de-carbono","16":"pa_nivel-de-juego-avanzado-profesional","17":"pa_tipo-de-juego-polivalente","19":"first","20":"instock","21":"sale","22":"taxable","23":"shipping-taxable","24":"purchasable","25":"product-type-simple"},"brands":[{"id":2224,"name":"Siux","slug":"siux"}],"_links":{"self":[{"href":"https:\/\/tiendapadel5.com\/fr\/wp-json\/wp\/v2\/product\/226143","targetHints":{"allow":["GET"]}}],"collection":[{"href":"https:\/\/tiendapadel5.com\/fr\/wp-json\/wp\/v2\/product"}],"about":[{"href":"https:\/\/tiendapadel5.com\/fr\/wp-json\/wp\/v2\/types\/product"}],"replies":[{"embeddable":true,"href":"https:\/\/tiendapadel5.com\/fr\/wp-json\/wp\/v2\/comments?post=226143"}],"version-history":[{"count":1,"href":"https:\/\/tiendapadel5.com\/fr\/wp-json\/wp\/v2\/product\/226143\/revisions"}],"predecessor-version":[{"id":255192,"href":"https:\/\/tiendapadel5.com\/fr\/wp-json\/wp\/v2\/product\/226143\/revisions\/255192"}],"wp:featuredmedia":[{"embeddable":true,"href":"https:\/\/tiendapadel5.com\/fr\/wp-json\/wp\/v2\/media\/226165"}],"wp:attachment":[{"href":"https:\/\/tiendapadel5.com\/fr\/wp-json\/wp\/v2\/media?parent=226143"}],"wp:term":[{"taxonomy":"pwb-brand","embeddable":true,"href":"https:\/\/tiendapadel5.com\/fr\/wp-json\/wp\/v2\/pwb-brand?post=226143"},{"taxonomy":"product_brand","embeddable":true,"href":"https:\/\/tiendapadel5.com\/fr\/wp-json\/wp\/v2\/product_brand?post=226143"},{"taxonomy":"product_cat","embeddable":true,"href":"https:\/\/tiendapadel5.com\/fr\/wp-json\/wp\/v2\/product_cat?post=226143"},{"taxonomy":"product_tag","embeddable":true,"href":"https:\/\/tiendapadel5.com\/fr\/wp-json\/wp\/v2\/product_tag?post=226143"}],"curies":[{"name":"wp","href":"https:\/\/api.w.org\/{rel}","templated":true}]}}