{"id":225862,"date":"2025-11-05T13:26:25","date_gmt":"2025-11-05T12:26:25","guid":{"rendered":"https:\/\/tiendapadel5.com\/?post_type=product&#038;p=225862"},"modified":"2026-03-06T09:32:21","modified_gmt":"2026-03-06T08:32:21","slug":"falda-mujer-nox-pro-blackberry-rose","status":"publish","type":"product","link":"https:\/\/tiendapadel5.com\/fr\/falda-mujer-nox-pro-blackberry-rose\/","title":{"rendered":"Falda Mujer Nox Pro Blackberry Rose"},"content":{"rendered":"<h2>Falda Mujer Nox Pro Blackberry Rose<\/h2>\n<p><strong>Caracter\u00edsticas:<\/strong><\/p>\n<ul>\n<li dir=\"ltr\" aria-level=\"1\">\n<p dir=\"ltr\" role=\"presentation\">Composici\u00f3n: Poli\u00e9ster 92% &#8211; Elastano 8%<\/p>\n<\/li>\n<\/ul>\n","protected":false},"excerpt":{"rendered":"<p>La Falda Mujer Nox Pro Blackberry Rose, cuenta con un short interior que aporta m\u00e1s comodidad y sujeci\u00f3n, adem\u00e1s de una cintura el\u00e1stica que se ajusta perfectamente al cuerpo. La abertura lateral est\u00e1 pensada para darte total libertad de movimiento y moverte con soltura por la pista.<\/p>\n","protected":false},"featured_media":225877,"comment_status":"open","ping_status":"closed","template":"","meta":{"_joinchat":[]},"pwb-brand":[34],"product_brand":[],"product_cat":[21,96,451,47],"product_tag":[11291,506,239,130,176,11293],"class_list":{"0":"post-225862","1":"product","2":"type-product","3":"status-publish","4":"has-post-thumbnail","6":"pwb-brand-nox","7":"product_cat-ropa-padel","8":"product_cat-faldas","9":"product_cat-ropa-nox","10":"product_cat-mujer","11":"product_tag-blackberry","12":"product_tag-falda","13":"product_tag-mujer","14":"product_tag-nox","15":"product_tag-pro","16":"product_tag-rose","17":"pa_talla-l","18":"pa_talla-m","19":"pa_talla-s","20":"pa_talla-xl","21":"pa_talla-xs","23":"first","24":"instock","25":"sale","26":"taxable","27":"shipping-taxable","28":"purchasable","29":"product-type-variable"},"brands":[{"id":34,"name":"Nox","slug":"nox"}],"_links":{"self":[{"href":"https:\/\/tiendapadel5.com\/fr\/wp-json\/wp\/v2\/product\/225862","targetHints":{"allow":["GET"]}}],"collection":[{"href":"https:\/\/tiendapadel5.com\/fr\/wp-json\/wp\/v2\/product"}],"about":[{"href":"https:\/\/tiendapadel5.com\/fr\/wp-json\/wp\/v2\/types\/product"}],"replies":[{"embeddable":true,"href":"https:\/\/tiendapadel5.com\/fr\/wp-json\/wp\/v2\/comments?post=225862"}],"version-history":[{"count":1,"href":"https:\/\/tiendapadel5.com\/fr\/wp-json\/wp\/v2\/product\/225862\/revisions"}],"predecessor-version":[{"id":255108,"href":"https:\/\/tiendapadel5.com\/fr\/wp-json\/wp\/v2\/product\/225862\/revisions\/255108"}],"wp:featuredmedia":[{"embeddable":true,"href":"https:\/\/tiendapadel5.com\/fr\/wp-json\/wp\/v2\/media\/225877"}],"wp:attachment":[{"href":"https:\/\/tiendapadel5.com\/fr\/wp-json\/wp\/v2\/media?parent=225862"}],"wp:term":[{"taxonomy":"pwb-brand","embeddable":true,"href":"https:\/\/tiendapadel5.com\/fr\/wp-json\/wp\/v2\/pwb-brand?post=225862"},{"taxonomy":"product_brand","embeddable":true,"href":"https:\/\/tiendapadel5.com\/fr\/wp-json\/wp\/v2\/product_brand?post=225862"},{"taxonomy":"product_cat","embeddable":true,"href":"https:\/\/tiendapadel5.com\/fr\/wp-json\/wp\/v2\/product_cat?post=225862"},{"taxonomy":"product_tag","embeddable":true,"href":"https:\/\/tiendapadel5.com\/fr\/wp-json\/wp\/v2\/product_tag?post=225862"}],"curies":[{"name":"wp","href":"https:\/\/api.w.org\/{rel}","templated":true}]}}