{"id":224892,"date":"2025-10-27T10:59:54","date_gmt":"2025-10-27T09:59:54","guid":{"rendered":"https:\/\/tiendapadel5.com\/?post_type=product&#038;p=224892"},"modified":"2026-04-10T12:08:01","modified_gmt":"2026-04-10T10:08:01","slug":"lok-jungle-2026","status":"publish","type":"product","link":"https:\/\/tiendapadel5.com\/fr\/lok-jungle-2026\/","title":{"rendered":"Lok Jungle 2026"},"content":{"rendered":"<h2>Lok Jungle 2026<\/h2>\n<p><strong>Caracter\u00edsticas:<\/strong><\/p>\n<dl class=\"data-sheet\">\n<dt class=\"name\"><strong>Nivel:<\/strong> PRO<\/dt>\n<dt class=\"name\"><strong>Punto dulce:<\/strong> Superior<\/dt>\n<dt class=\"name\"><strong>Forma:<\/strong> Diamante<\/dt>\n<dt class=\"name\"><strong>Balance:<\/strong> Superior<\/dt>\n<dt class=\"name\"><strong>Peso:<\/strong> 360-375gr<\/dt>\n<dt class=\"name\"><strong>Longitud:<\/strong> 455mm<\/dt>\n<dt class=\"name\"><strong>Perfil:<\/strong> 38mm<\/dt>\n<\/dl>\n","protected":false},"excerpt":{"rendered":"<p>La Lok Jungle 2026, es la pala que saca toda tu energ\u00eda en la pista. Su Asymmetric Heart EVO no solo refuerza la estructura para darte m\u00e1s estabilidad y rigidez, sino que tambi\u00e9n reduce las vibraciones y a\u00f1ade un toque \u00fanico con su pieza central verde\u2026 \u00a1que incluso puedes usar para abrir botellas despu\u00e9s del partido! Pura innovaci\u00f3n LOK dentro y fuera de la pista. El carbono C18 y la goma EVA con memoria potencian cada golpe y te devuelven toda la energ\u00eda en cada punto.<\/p>\n","protected":false},"featured_media":224907,"comment_status":"open","ping_status":"closed","template":"","meta":{"_joinchat":[]},"pwb-brand":[6561],"product_brand":[],"product_cat":[6562,19,11134],"product_tag":[11132,11286,6573],"class_list":{"0":"post-224892","1":"product","2":"type-product","3":"status-publish","4":"has-post-thumbnail","6":"pwb-brand-lokk","7":"product_cat-lok","8":"product_cat-palas-padel","9":"product_cat-11134","10":"product_tag-11132","11":"product_tag-jungle","12":"product_tag-lok","13":"pa_forma-diamante","14":"pa_marco-fibra-de-carbono","15":"pa_nivel-de-juego-avanzado-profesional","16":"pa_tipo-de-juego-potencia","18":"first","19":"instock","20":"sale","21":"taxable","22":"shipping-taxable","23":"purchasable","24":"product-type-simple"},"brands":[{"id":6561,"name":"Lok","slug":"lokk"}],"_links":{"self":[{"href":"https:\/\/tiendapadel5.com\/fr\/wp-json\/wp\/v2\/product\/224892","targetHints":{"allow":["GET"]}}],"collection":[{"href":"https:\/\/tiendapadel5.com\/fr\/wp-json\/wp\/v2\/product"}],"about":[{"href":"https:\/\/tiendapadel5.com\/fr\/wp-json\/wp\/v2\/types\/product"}],"replies":[{"embeddable":true,"href":"https:\/\/tiendapadel5.com\/fr\/wp-json\/wp\/v2\/comments?post=224892"}],"version-history":[{"count":1,"href":"https:\/\/tiendapadel5.com\/fr\/wp-json\/wp\/v2\/product\/224892\/revisions"}],"predecessor-version":[{"id":259671,"href":"https:\/\/tiendapadel5.com\/fr\/wp-json\/wp\/v2\/product\/224892\/revisions\/259671"}],"wp:featuredmedia":[{"embeddable":true,"href":"https:\/\/tiendapadel5.com\/fr\/wp-json\/wp\/v2\/media\/224907"}],"wp:attachment":[{"href":"https:\/\/tiendapadel5.com\/fr\/wp-json\/wp\/v2\/media?parent=224892"}],"wp:term":[{"taxonomy":"pwb-brand","embeddable":true,"href":"https:\/\/tiendapadel5.com\/fr\/wp-json\/wp\/v2\/pwb-brand?post=224892"},{"taxonomy":"product_brand","embeddable":true,"href":"https:\/\/tiendapadel5.com\/fr\/wp-json\/wp\/v2\/product_brand?post=224892"},{"taxonomy":"product_cat","embeddable":true,"href":"https:\/\/tiendapadel5.com\/fr\/wp-json\/wp\/v2\/product_cat?post=224892"},{"taxonomy":"product_tag","embeddable":true,"href":"https:\/\/tiendapadel5.com\/fr\/wp-json\/wp\/v2\/product_tag?post=224892"}],"curies":[{"name":"wp","href":"https:\/\/api.w.org\/{rel}","templated":true}]}}