{"id":222096,"date":"2025-10-06T15:30:09","date_gmt":"2025-10-06T13:30:09","guid":{"rendered":"https:\/\/tiendapadel5.com\/?post_type=product&#038;p=222096"},"modified":"2026-04-09T12:11:20","modified_gmt":"2026-04-09T10:11:20","slug":"mochila-starvie-urban-2026","status":"publish","type":"product","link":"https:\/\/tiendapadel5.com\/fr\/mochila-starvie-urban-2026\/","title":{"rendered":"Mochila Starvie Urban 2026"},"content":{"rendered":"<h2>Mochila Starvie Urban 2026<\/h2>\n<p><strong>Caracter\u00edsticas:<\/strong><\/p>\n<ul style=\"font-weight: 400;\">\n<li>Gran capacidad de almacenamiento.<\/li>\n<li>Espacio espec\u00edfico para calzado,\u00a0dise\u00f1ado para mantener las zapatillas aisladas del resto del equipamiento.<\/li>\n<li>Correas y asas de alta resistencia\u00a0que garantizan comodidad en el transporte.<\/li>\n<li>Varios compartimentos para objetos peque\u00f1os, que facilitan la organizaci\u00f3n de pertenencias personales.<\/li>\n<\/ul>\n<p style=\"font-weight: 400;\"><b><strong>Medidas:<\/strong><\/b>\u00a050 x 32 x 18,5 cm<br \/>\n<b><strong>Materiales:<\/strong><\/b>\u00a0Polyester y Polyester Basket<\/p>\n","protected":false},"excerpt":{"rendered":"<p>La Mochila Starvie Urban 2026, dise\u00f1ada para adaptarse a tu rutina diaria y te acompa\u00f1a sin problema tambi\u00e9n en tus entrenamientos de p\u00e1del.<\/p>\n","protected":false},"featured_media":222111,"comment_status":"open","ping_status":"closed","template":"","meta":{"_joinchat":[]},"pwb-brand":[35],"product_brand":[],"product_cat":[2202,2190],"product_tag":[11591,6943,1969,9079],"class_list":{"0":"post-222096","1":"product","2":"type-product","3":"status-publish","4":"has-post-thumbnail","6":"pwb-brand-starvie","7":"product_cat-starvie-padel-racket-bags","8":"product_cat-padel-racket-bags","9":"product_tag-11591","10":"product_tag-backpack-en","11":"product_tag-starvie-en","12":"product_tag-urban-en","14":"first","15":"instock","16":"sale","17":"taxable","18":"shipping-taxable","19":"purchasable","20":"product-type-simple"},"brands":[{"id":35,"name":"Starvie","slug":"starvie"}],"_links":{"self":[{"href":"https:\/\/tiendapadel5.com\/fr\/wp-json\/wp\/v2\/product\/222096","targetHints":{"allow":["GET"]}}],"collection":[{"href":"https:\/\/tiendapadel5.com\/fr\/wp-json\/wp\/v2\/product"}],"about":[{"href":"https:\/\/tiendapadel5.com\/fr\/wp-json\/wp\/v2\/types\/product"}],"replies":[{"embeddable":true,"href":"https:\/\/tiendapadel5.com\/fr\/wp-json\/wp\/v2\/comments?post=222096"}],"version-history":[{"count":1,"href":"https:\/\/tiendapadel5.com\/fr\/wp-json\/wp\/v2\/product\/222096\/revisions"}],"predecessor-version":[{"id":255005,"href":"https:\/\/tiendapadel5.com\/fr\/wp-json\/wp\/v2\/product\/222096\/revisions\/255005"}],"wp:featuredmedia":[{"embeddable":true,"href":"https:\/\/tiendapadel5.com\/fr\/wp-json\/wp\/v2\/media\/222111"}],"wp:attachment":[{"href":"https:\/\/tiendapadel5.com\/fr\/wp-json\/wp\/v2\/media?parent=222096"}],"wp:term":[{"taxonomy":"pwb-brand","embeddable":true,"href":"https:\/\/tiendapadel5.com\/fr\/wp-json\/wp\/v2\/pwb-brand?post=222096"},{"taxonomy":"product_brand","embeddable":true,"href":"https:\/\/tiendapadel5.com\/fr\/wp-json\/wp\/v2\/product_brand?post=222096"},{"taxonomy":"product_cat","embeddable":true,"href":"https:\/\/tiendapadel5.com\/fr\/wp-json\/wp\/v2\/product_cat?post=222096"},{"taxonomy":"product_tag","embeddable":true,"href":"https:\/\/tiendapadel5.com\/fr\/wp-json\/wp\/v2\/product_tag?post=222096"}],"curies":[{"name":"wp","href":"https:\/\/api.w.org\/{rel}","templated":true}]}}