{"id":221328,"date":"2025-10-03T02:08:37","date_gmt":"2025-10-03T00:08:37","guid":{"rendered":"https:\/\/tiendapadel5.com\/?post_type=product&#038;p=221328"},"modified":"2026-04-08T09:25:39","modified_gmt":"2026-04-08T07:25:39","slug":"bullpadel-hack-04-cmf-2026","status":"publish","type":"product","link":"https:\/\/tiendapadel5.com\/fr\/bullpadel-hack-04-cmf-2026\/","title":{"rendered":"Bullpadel Hack 04 CMF 2026"},"content":{"rendered":"<h2>Bullpadel Hack 04 CMF 2026<\/h2>\n<p><strong>CaracterIsticas:<\/strong><\/p>\n<p><strong>\u2022 Peso aprox:<\/strong> 360-370 g.<\/p>\n<p><strong>\u2022 Perfil:<\/strong> 38mm.<\/p>\n<p><strong>\u2022 Balance:<\/strong> \u2248 26,4<\/p>\n<p><strong>\u2022 Superficie de juego:<\/strong> 522 cm\u00b2<\/p>\n<p><strong>\u2022 Forma:<\/strong> Diamante.<\/p>\n<p><strong>\u2022 Comp. Exterior:<\/strong> Fibrix<\/p>\n<p><strong>\u2022 Comp. Interior:<\/strong> Multieva.<\/p>\n<p><strong>\u2022 Acabado Rugoso:<\/strong> Tipo 3D<\/p>\n<p><strong>\u2022 Nivel:<\/strong> Avanzado<\/p>\n<p><strong>\u2022 Ideal para:<\/strong> Acelerar y Atacar<\/p>\n","protected":false},"excerpt":{"rendered":"<p>La Bullpadel Hack 04 CMF 2026, es una pala m\u00e1s r\u00e1pida, potente, din\u00e1mica y \u00e1gil. Est\u00e1 pensada para encender la bola en cada golpe gracias a la combinaci\u00f3n de su exclusivo Total Channel y un sweet spot \u00fanico que facilita acelerar los golpes y llevar tu juego a otro nivel.<\/p>\n","protected":false},"featured_media":221350,"comment_status":"open","ping_status":"closed","template":"","meta":{"_joinchat":[]},"pwb-brand":[31],"product_brand":[],"product_cat":[19,11134,409],"product_tag":[5844,11132,319,11237,142],"class_list":{"0":"post-221328","1":"product","2":"type-product","3":"status-publish","4":"has-post-thumbnail","6":"pwb-brand-bullpadel","7":"product_cat-palas-padel","8":"product_cat-11134","9":"product_cat-bullpadel","10":"product_tag-5844","11":"product_tag-11132","12":"product_tag-bullpadel","13":"product_tag-cmf","14":"product_tag-hack","15":"pa_forma-diamante","16":"pa_marco-fibra-de-carbono","17":"pa_nivel-de-juego-avanzado-profesional","18":"pa_tipo-de-juego-potencia","20":"first","21":"instock","22":"sale","23":"taxable","24":"shipping-taxable","25":"product-type-simple"},"brands":[{"id":31,"name":"Bullpadel","slug":"bullpadel"}],"_links":{"self":[{"href":"https:\/\/tiendapadel5.com\/fr\/wp-json\/wp\/v2\/product\/221328","targetHints":{"allow":["GET"]}}],"collection":[{"href":"https:\/\/tiendapadel5.com\/fr\/wp-json\/wp\/v2\/product"}],"about":[{"href":"https:\/\/tiendapadel5.com\/fr\/wp-json\/wp\/v2\/types\/product"}],"replies":[{"embeddable":true,"href":"https:\/\/tiendapadel5.com\/fr\/wp-json\/wp\/v2\/comments?post=221328"}],"version-history":[{"count":1,"href":"https:\/\/tiendapadel5.com\/fr\/wp-json\/wp\/v2\/product\/221328\/revisions"}],"predecessor-version":[{"id":244683,"href":"https:\/\/tiendapadel5.com\/fr\/wp-json\/wp\/v2\/product\/221328\/revisions\/244683"}],"wp:featuredmedia":[{"embeddable":true,"href":"https:\/\/tiendapadel5.com\/fr\/wp-json\/wp\/v2\/media\/221350"}],"wp:attachment":[{"href":"https:\/\/tiendapadel5.com\/fr\/wp-json\/wp\/v2\/media?parent=221328"}],"wp:term":[{"taxonomy":"pwb-brand","embeddable":true,"href":"https:\/\/tiendapadel5.com\/fr\/wp-json\/wp\/v2\/pwb-brand?post=221328"},{"taxonomy":"product_brand","embeddable":true,"href":"https:\/\/tiendapadel5.com\/fr\/wp-json\/wp\/v2\/product_brand?post=221328"},{"taxonomy":"product_cat","embeddable":true,"href":"https:\/\/tiendapadel5.com\/fr\/wp-json\/wp\/v2\/product_cat?post=221328"},{"taxonomy":"product_tag","embeddable":true,"href":"https:\/\/tiendapadel5.com\/fr\/wp-json\/wp\/v2\/product_tag?post=221328"}],"curies":[{"name":"wp","href":"https:\/\/api.w.org\/{rel}","templated":true}]}}