{"id":220480,"date":"2025-09-26T13:37:07","date_gmt":"2025-09-26T11:37:07","guid":{"rendered":"https:\/\/tiendapadel5.com\/?post_type=product&#038;p=220480"},"modified":"2026-04-28T15:37:50","modified_gmt":"2026-04-28T13:37:50","slug":"nox-ea10-ventus-hybrid-12k-xtrem-by-edu-alonso","status":"publish","type":"product","link":"https:\/\/tiendapadel5.com\/fr\/nox-ea10-ventus-hybrid-12k-xtrem-by-edu-alonso\/","title":{"rendered":"Nox EA10 Ventus Hybrid 12K Xtrem 2026 By Edu Alonso"},"content":{"rendered":"<h2>Nox EA10 Ventus Hybrid 12K Xtrem 2026 By Edu Alonso<\/h2>\n<p><strong>Caracter\u00edsticas:<\/strong><\/p>\n<ul>\n<li><strong>PESO:\u00a0<\/strong>360 &#8211; 375g<\/li>\n<li><strong>ANCHO:\u00a0<\/strong>38 mm<\/li>\n<li><strong>MARCO:\u00a0<\/strong>Carbono<\/li>\n<li><strong>NUCLEO:\u00a0<\/strong>MLD Black Eva<\/li>\n<li><strong>CARA:\u00a0<\/strong>Carbon Fiber 12K Xtrem<\/li>\n<li><strong>SUPERFICIE:\u00a0<\/strong>Dual Spin<\/li>\n<li><strong>FORMA:\u00a0<\/strong>Gota \/ L\u00e1grima<\/li>\n<\/ul>\n","protected":false},"excerpt":{"rendered":"<p>La Pala Nox EA10 Ventus Hybrid 12K Xtrem 2026 By Edu Alonso, dise\u00f1ada junto a Edu Alonso, uno de los j\u00f3venes espa\u00f1oles con m\u00e1s proyecci\u00f3n en el circuito profesional. Est\u00e1 dise\u00f1ada para jugadores que viven el p\u00e1del con toda la energ\u00eda en cada punto. Gracias a su formato en l\u00e1grima y a un balance s\u00faper equilibrado, responde con agilidad en los golpes r\u00e1pidos y te da la potencia y el control que necesitas para adaptarte a cualquier situaci\u00f3n.<\/p>\n<p>&nbsp;<\/p>\n","protected":false},"featured_media":220502,"comment_status":"open","ping_status":"closed","template":"","meta":{"_joinchat":[]},"pwb-brand":[34],"product_brand":[],"product_cat":[19,11134,412],"product_tag":[212,11132,11229,1146,11226,11228,162,130,11227,10571],"class_list":{"0":"post-220480","1":"product","2":"type-product","3":"status-publish","4":"has-post-thumbnail","6":"pwb-brand-nox","7":"product_cat-palas-padel","8":"product_cat-11134","9":"product_cat-nox","10":"product_tag-12k","11":"product_tag-11132","12":"product_tag-alonso","13":"product_tag-by","14":"product_tag-ea10","15":"product_tag-edu","16":"product_tag-hybrid","17":"product_tag-nox","18":"product_tag-ventus","19":"product_tag-xtrem","20":"pa_forma-lagrima","21":"pa_marco-fibra-de-carbono","22":"pa_nivel-de-juego-avanzado-profesional","23":"pa_tipo-de-juego-polivalente","25":"first","26":"instock","27":"sale","28":"taxable","29":"shipping-taxable","30":"purchasable","31":"product-type-simple"},"brands":[{"id":34,"name":"Nox","slug":"nox"}],"_links":{"self":[{"href":"https:\/\/tiendapadel5.com\/fr\/wp-json\/wp\/v2\/product\/220480","targetHints":{"allow":["GET"]}}],"collection":[{"href":"https:\/\/tiendapadel5.com\/fr\/wp-json\/wp\/v2\/product"}],"about":[{"href":"https:\/\/tiendapadel5.com\/fr\/wp-json\/wp\/v2\/types\/product"}],"replies":[{"embeddable":true,"href":"https:\/\/tiendapadel5.com\/fr\/wp-json\/wp\/v2\/comments?post=220480"}],"version-history":[{"count":2,"href":"https:\/\/tiendapadel5.com\/fr\/wp-json\/wp\/v2\/product\/220480\/revisions"}],"predecessor-version":[{"id":254753,"href":"https:\/\/tiendapadel5.com\/fr\/wp-json\/wp\/v2\/product\/220480\/revisions\/254753"}],"wp:featuredmedia":[{"embeddable":true,"href":"https:\/\/tiendapadel5.com\/fr\/wp-json\/wp\/v2\/media\/220502"}],"wp:attachment":[{"href":"https:\/\/tiendapadel5.com\/fr\/wp-json\/wp\/v2\/media?parent=220480"}],"wp:term":[{"taxonomy":"pwb-brand","embeddable":true,"href":"https:\/\/tiendapadel5.com\/fr\/wp-json\/wp\/v2\/pwb-brand?post=220480"},{"taxonomy":"product_brand","embeddable":true,"href":"https:\/\/tiendapadel5.com\/fr\/wp-json\/wp\/v2\/product_brand?post=220480"},{"taxonomy":"product_cat","embeddable":true,"href":"https:\/\/tiendapadel5.com\/fr\/wp-json\/wp\/v2\/product_cat?post=220480"},{"taxonomy":"product_tag","embeddable":true,"href":"https:\/\/tiendapadel5.com\/fr\/wp-json\/wp\/v2\/product_tag?post=220480"}],"curies":[{"name":"wp","href":"https:\/\/api.w.org\/{rel}","templated":true}]}}