{"id":219962,"date":"2025-09-24T16:51:38","date_gmt":"2025-09-24T14:51:38","guid":{"rendered":"https:\/\/tiendapadel5.com\/?post_type=product&#038;p=219962"},"modified":"2025-09-24T16:51:46","modified_gmt":"2025-09-24T14:51:46","slug":"munequeras-aca-padel-azul","status":"publish","type":"product","link":"https:\/\/tiendapadel5.com\/fr\/munequeras-aca-padel-azul\/","title":{"rendered":"Mu\u00f1equeras Aca Padel Azul"},"content":{"rendered":"<h2>Mu\u00f1equeras Aca Padel Azul<\/h2>\n<p><strong>Caracter\u00edsticas:<\/strong><\/p>\n<div class=\"col-12 col-xmd-6\">\n<div class=\"m-product-detail__tech-characteristics-body row m-0 pr-1 first\">\n<div class=\"col-6 p-0\"><span class=\"m-product-detail__tech-characteristics-label\"><strong>Deporte: <\/strong><\/span><span class=\"m-product-detail__tech-characteristics-value\">Padel<\/span><\/div>\n<\/div>\n<\/div>\n<div class=\"col-12 col-xmd-6\">\n<div class=\"m-product-detail__tech-characteristics-body row m-0 pr-1 \">\n<div class=\"col-6 p-0\"><strong><span class=\"m-product-detail__tech-characteristics-label\">Composici\u00f3n:\u00a0<\/span><\/strong><span class=\"m-product-detail__tech-characteristics-value\">70 % nailon, 18 % caucho, 12 % elastano<\/span><\/div>\n<div><strong>Color:<\/strong> Azul<\/div>\n<\/div>\n<\/div>\n","protected":false},"excerpt":{"rendered":"<p>Las Mu\u00f1equeras Aca Padel Azul, dise\u00f1ada ligera, suave y dotada de una muy rapida capacidad de absorci\u00f3n.<\/p>\n","protected":false},"featured_media":219963,"comment_status":"open","ping_status":"closed","template":"","meta":{"_joinchat":[]},"pwb-brand":[10226],"product_brand":[],"product_cat":[23,10187,4412],"product_tag":[10227,295,674,85],"class_list":{"0":"post-219962","1":"product","2":"type-product","3":"status-publish","4":"has-post-thumbnail","6":"pwb-brand-aca","7":"product_cat-accesorios-de-padel","8":"product_cat-complementos-aca","9":"product_cat-munequeras","10":"product_tag-aca","11":"product_tag-azul","12":"product_tag-munequeras","13":"product_tag-padel","15":"first","16":"instock","17":"sale","18":"taxable","19":"shipping-taxable","20":"purchasable","21":"product-type-simple"},"brands":[{"id":10226,"name":"Aca","slug":"aca"}],"_links":{"self":[{"href":"https:\/\/tiendapadel5.com\/fr\/wp-json\/wp\/v2\/product\/219962","targetHints":{"allow":["GET"]}}],"collection":[{"href":"https:\/\/tiendapadel5.com\/fr\/wp-json\/wp\/v2\/product"}],"about":[{"href":"https:\/\/tiendapadel5.com\/fr\/wp-json\/wp\/v2\/types\/product"}],"replies":[{"embeddable":true,"href":"https:\/\/tiendapadel5.com\/fr\/wp-json\/wp\/v2\/comments?post=219962"}],"version-history":[{"count":0,"href":"https:\/\/tiendapadel5.com\/fr\/wp-json\/wp\/v2\/product\/219962\/revisions"}],"wp:featuredmedia":[{"embeddable":true,"href":"https:\/\/tiendapadel5.com\/fr\/wp-json\/wp\/v2\/media\/219963"}],"wp:attachment":[{"href":"https:\/\/tiendapadel5.com\/fr\/wp-json\/wp\/v2\/media?parent=219962"}],"wp:term":[{"taxonomy":"pwb-brand","embeddable":true,"href":"https:\/\/tiendapadel5.com\/fr\/wp-json\/wp\/v2\/pwb-brand?post=219962"},{"taxonomy":"product_brand","embeddable":true,"href":"https:\/\/tiendapadel5.com\/fr\/wp-json\/wp\/v2\/product_brand?post=219962"},{"taxonomy":"product_cat","embeddable":true,"href":"https:\/\/tiendapadel5.com\/fr\/wp-json\/wp\/v2\/product_cat?post=219962"},{"taxonomy":"product_tag","embeddable":true,"href":"https:\/\/tiendapadel5.com\/fr\/wp-json\/wp\/v2\/product_tag?post=219962"}],"curies":[{"name":"wp","href":"https:\/\/api.w.org\/{rel}","templated":true}]}}