{"id":218809,"date":"2025-09-11T09:35:28","date_gmt":"2025-09-11T08:35:28","guid":{"rendered":"https:\/\/tiendapadel5.com\/?post_type=product&#038;p=218809"},"modified":"2025-11-02T14:56:59","modified_gmt":"2025-11-02T13:56:59","slug":"pack-de-3-calcetines-bullpadel-bp255-i","status":"publish","type":"product","link":"https:\/\/tiendapadel5.com\/fr\/pack-de-3-calcetines-bullpadel-bp255-i\/","title":{"rendered":"Pack de 3 Calcetines Bullpadel BP255 I"},"content":{"rendered":"<h2>Pack de 3 Calcetines Bullpadel BP255 I<\/h2>\n<p><strong>Caracter\u00edsticas:<\/strong><\/p>\n<p><strong>Materiales:<\/strong> Algodon y Poliamida Elastica<\/p>\n","protected":false},"excerpt":{"rendered":"<p>El Pack de 3 Calcetines Bullpadel BP255 I, est\u00e1 dise\u00f1ado con con una alta combinaci\u00f3n de colores y con una fabricaci\u00f3n en algodon y poliamida elastica.<\/p>\n","protected":false},"featured_media":218810,"comment_status":"open","ping_status":"closed","template":"","meta":{"_joinchat":[]},"pwb-brand":[31],"product_brand":[],"product_cat":[4420,2366,2668],"product_tag":[2374,11214,2262,2370,8507,11157,2377],"class_list":{"0":"post-218809","1":"product","2":"type-product","3":"status-publish","4":"has-post-thumbnail","6":"pwb-brand-bullpadel","7":"product_cat-meias-de-padel","8":"product_cat-roupa-para-padel","9":"product_cat-roupa-para-padel-bullpadel","10":"product_tag-3-pt-pt","11":"product_tag-bp255","12":"product_tag-bullpadel-pt-pt","13":"product_tag-meias","14":"product_tag-de-pt-pt","15":"product_tag-i","16":"product_tag-embalagem","17":"pa_talla-l-43-45","18":"pa_talla-m-40-42","20":"first","21":"instock","22":"sale","23":"taxable","24":"shipping-taxable","25":"purchasable","26":"product-type-variable"},"brands":[{"id":31,"name":"Bullpadel","slug":"bullpadel"}],"_links":{"self":[{"href":"https:\/\/tiendapadel5.com\/fr\/wp-json\/wp\/v2\/product\/218809","targetHints":{"allow":["GET"]}}],"collection":[{"href":"https:\/\/tiendapadel5.com\/fr\/wp-json\/wp\/v2\/product"}],"about":[{"href":"https:\/\/tiendapadel5.com\/fr\/wp-json\/wp\/v2\/types\/product"}],"replies":[{"embeddable":true,"href":"https:\/\/tiendapadel5.com\/fr\/wp-json\/wp\/v2\/comments?post=218809"}],"version-history":[{"count":0,"href":"https:\/\/tiendapadel5.com\/fr\/wp-json\/wp\/v2\/product\/218809\/revisions"}],"wp:featuredmedia":[{"embeddable":true,"href":"https:\/\/tiendapadel5.com\/fr\/wp-json\/wp\/v2\/media\/218810"}],"wp:attachment":[{"href":"https:\/\/tiendapadel5.com\/fr\/wp-json\/wp\/v2\/media?parent=218809"}],"wp:term":[{"taxonomy":"pwb-brand","embeddable":true,"href":"https:\/\/tiendapadel5.com\/fr\/wp-json\/wp\/v2\/pwb-brand?post=218809"},{"taxonomy":"product_brand","embeddable":true,"href":"https:\/\/tiendapadel5.com\/fr\/wp-json\/wp\/v2\/product_brand?post=218809"},{"taxonomy":"product_cat","embeddable":true,"href":"https:\/\/tiendapadel5.com\/fr\/wp-json\/wp\/v2\/product_cat?post=218809"},{"taxonomy":"product_tag","embeddable":true,"href":"https:\/\/tiendapadel5.com\/fr\/wp-json\/wp\/v2\/product_tag?post=218809"}],"curies":[{"name":"wp","href":"https:\/\/api.w.org\/{rel}","templated":true}]}}