{"id":218171,"date":"2025-09-05T12:05:06","date_gmt":"2025-09-05T11:05:06","guid":{"rendered":"https:\/\/tiendapadel5.com\/?post_type=product&#038;p=218171"},"modified":"2025-09-05T12:05:13","modified_gmt":"2025-09-05T11:05:13","slug":"vestido-adidas-club-blanco-2025","status":"publish","type":"product","link":"https:\/\/tiendapadel5.com\/fr\/vestido-adidas-club-blanco-2025\/","title":{"rendered":"Vestido Adidas Club Blanco 2025"},"content":{"rendered":"<h2>Vestido Adidas Club Blanco 2025<\/h2>\n<p><strong>Caractr\u00edsticas:<\/strong><\/p>\n<table class=\"table table-striped table-product-dimensions table-light table-bordered- table-sm mt-3\">\n<tbody>\n<tr>\n<td class=\"font-weight-500\">1-<\/td>\n<td>Regular fit<\/td>\n<\/tr>\n<tr>\n<td class=\"font-weight-500\">5-<\/td>\n<td>CLIMACOOL<\/td>\n<\/tr>\n<tr>\n<td class=\"font-weight-500\">8-<\/td>\n<td>Separate inner leggings<\/td>\n<\/tr>\n<tr>\n<td class=\"font-weight-500\">Composici\u00f3n<\/td>\n<td>65% rec.Polyester\/35% Cotton<\/td>\n<\/tr>\n<\/tbody>\n<\/table>\n","protected":false},"excerpt":{"rendered":"<p>El Vestido Adidas Club Blanco 2025, sal a la pista lista para dar tu mejor padel con este vestido adidas Club. La tecnolog\u00eda CLIMACOOL se encarga de absorber el sudor y mantenerte fresca, seca y concentrada todo el partido. Su tejido el\u00e1stico se mueve contigo, d\u00e1ndote total libertad y comodidad. Adem\u00e1s, viene con unos leggings aparte para que sumes cobertura o juegues con tu estilo.<\/p>\n","protected":false},"featured_media":218190,"comment_status":"open","ping_status":"closed","template":"","meta":{"_joinchat":[]},"pwb-brand":[28],"product_brand":[],"product_cat":[21,4948,47],"product_tag":[9781,143,405,393,9986],"class_list":{"0":"post-218171","1":"product","2":"type-product","3":"status-publish","4":"has-post-thumbnail","6":"pwb-brand-adidas-padel","7":"product_cat-ropa-padel","8":"product_cat-ropa-adidas","9":"product_cat-mujer","10":"product_tag-9781","11":"product_tag-adidas","12":"product_tag-blanco","13":"product_tag-club","14":"product_tag-vestido","15":"pa_talla-l","16":"pa_talla-m","17":"pa_talla-s","18":"pa_talla-xs","20":"first","21":"instock","22":"sale","23":"taxable","24":"shipping-taxable","25":"purchasable","26":"product-type-variable"},"brands":[{"id":28,"name":"Adidas Padel","slug":"adidas-padel"}],"_links":{"self":[{"href":"https:\/\/tiendapadel5.com\/fr\/wp-json\/wp\/v2\/product\/218171","targetHints":{"allow":["GET"]}}],"collection":[{"href":"https:\/\/tiendapadel5.com\/fr\/wp-json\/wp\/v2\/product"}],"about":[{"href":"https:\/\/tiendapadel5.com\/fr\/wp-json\/wp\/v2\/types\/product"}],"replies":[{"embeddable":true,"href":"https:\/\/tiendapadel5.com\/fr\/wp-json\/wp\/v2\/comments?post=218171"}],"version-history":[{"count":0,"href":"https:\/\/tiendapadel5.com\/fr\/wp-json\/wp\/v2\/product\/218171\/revisions"}],"wp:featuredmedia":[{"embeddable":true,"href":"https:\/\/tiendapadel5.com\/fr\/wp-json\/wp\/v2\/media\/218190"}],"wp:attachment":[{"href":"https:\/\/tiendapadel5.com\/fr\/wp-json\/wp\/v2\/media?parent=218171"}],"wp:term":[{"taxonomy":"pwb-brand","embeddable":true,"href":"https:\/\/tiendapadel5.com\/fr\/wp-json\/wp\/v2\/pwb-brand?post=218171"},{"taxonomy":"product_brand","embeddable":true,"href":"https:\/\/tiendapadel5.com\/fr\/wp-json\/wp\/v2\/product_brand?post=218171"},{"taxonomy":"product_cat","embeddable":true,"href":"https:\/\/tiendapadel5.com\/fr\/wp-json\/wp\/v2\/product_cat?post=218171"},{"taxonomy":"product_tag","embeddable":true,"href":"https:\/\/tiendapadel5.com\/fr\/wp-json\/wp\/v2\/product_tag?post=218171"}],"curies":[{"name":"wp","href":"https:\/\/api.w.org\/{rel}","templated":true}]}}