{"id":217795,"date":"2025-09-04T11:23:39","date_gmt":"2025-09-04T10:23:39","guid":{"rendered":"https:\/\/tiendapadel5.com\/?post_type=product&#038;p=217795"},"modified":"2025-09-04T11:23:47","modified_gmt":"2025-09-04T10:23:47","slug":"pantalon-largo-bullpadel-brome-negro","status":"publish","type":"product","link":"https:\/\/tiendapadel5.com\/fr\/pantalon-largo-bullpadel-brome-negro\/","title":{"rendered":"Pantal\u00f3n Largo Bullpadel Brome Negro"},"content":{"rendered":"<h2>Pantal\u00f3n Largo Bullpadel Brome Negro<\/h2>\n<p><strong>Caracter\u00edsticas:<\/strong><\/p>\n<p><strong>Color:<\/strong> Negro<\/p>\n","protected":false},"excerpt":{"rendered":"<p>El Pantal\u00f3n Largo Bullpadel Brome Negro, es una prenda t\u00e9cnica con esos detalles que se notan de verdad. Pensada para que rindas al m\u00e1ximo en la pista sin perder estilo. Se mueve contigo en cada punto con total comodidad, y su dise\u00f1o t\u00e9cnico y toques funcionales marcan la diferencia partido tras partido.<\/p>\n","protected":false},"featured_media":217803,"comment_status":"open","ping_status":"closed","template":"","meta":{"_joinchat":[]},"pwb-brand":[31],"product_brand":[],"product_cat":[21,5899,447,46],"product_tag":[11170,319,548,669,401],"class_list":{"0":"post-217795","1":"product","2":"type-product","3":"status-publish","4":"has-post-thumbnail","6":"pwb-brand-bullpadel","7":"product_cat-ropa-padel","8":"product_cat-chandales","9":"product_cat-ropa-bullpadel","10":"product_cat-hombre","11":"product_tag-brome","12":"product_tag-bullpadel","13":"product_tag-largo","14":"product_tag-negro","15":"product_tag-pantalon","16":"pa_talla-l","17":"pa_talla-m","18":"pa_talla-s","19":"pa_talla-xl","21":"first","22":"instock","23":"sale","24":"taxable","25":"shipping-taxable","26":"purchasable","27":"product-type-variable"},"brands":[{"id":31,"name":"Bullpadel","slug":"bullpadel"}],"_links":{"self":[{"href":"https:\/\/tiendapadel5.com\/fr\/wp-json\/wp\/v2\/product\/217795","targetHints":{"allow":["GET"]}}],"collection":[{"href":"https:\/\/tiendapadel5.com\/fr\/wp-json\/wp\/v2\/product"}],"about":[{"href":"https:\/\/tiendapadel5.com\/fr\/wp-json\/wp\/v2\/types\/product"}],"replies":[{"embeddable":true,"href":"https:\/\/tiendapadel5.com\/fr\/wp-json\/wp\/v2\/comments?post=217795"}],"version-history":[{"count":0,"href":"https:\/\/tiendapadel5.com\/fr\/wp-json\/wp\/v2\/product\/217795\/revisions"}],"wp:featuredmedia":[{"embeddable":true,"href":"https:\/\/tiendapadel5.com\/fr\/wp-json\/wp\/v2\/media\/217803"}],"wp:attachment":[{"href":"https:\/\/tiendapadel5.com\/fr\/wp-json\/wp\/v2\/media?parent=217795"}],"wp:term":[{"taxonomy":"pwb-brand","embeddable":true,"href":"https:\/\/tiendapadel5.com\/fr\/wp-json\/wp\/v2\/pwb-brand?post=217795"},{"taxonomy":"product_brand","embeddable":true,"href":"https:\/\/tiendapadel5.com\/fr\/wp-json\/wp\/v2\/product_brand?post=217795"},{"taxonomy":"product_cat","embeddable":true,"href":"https:\/\/tiendapadel5.com\/fr\/wp-json\/wp\/v2\/product_cat?post=217795"},{"taxonomy":"product_tag","embeddable":true,"href":"https:\/\/tiendapadel5.com\/fr\/wp-json\/wp\/v2\/product_tag?post=217795"}],"curies":[{"name":"wp","href":"https:\/\/api.w.org\/{rel}","templated":true}]}}