{"id":217587,"date":"2025-09-03T17:01:08","date_gmt":"2025-09-03T16:01:08","guid":{"rendered":"https:\/\/tiendapadel5.com\/?post_type=product&#038;p=217587"},"modified":"2026-02-10T11:26:09","modified_gmt":"2026-02-10T10:26:09","slug":"bullpadel-icon-2026","status":"publish","type":"product","link":"https:\/\/tiendapadel5.com\/fr\/bullpadel-icon-2026\/","title":{"rendered":"Bullpadel Icon 2026"},"content":{"rendered":"<h2>Bullpadel Icon 2026<\/h2>\n<p><strong>Caracter\u00edsticas:<\/strong><\/p>\n<p><span class=\"info\"><strong>Forma:<\/strong> Diamante<\/span><\/p>\n<p><span class=\"info\"><strong>Nivel:<\/strong> Avanzado<\/span><\/p>\n<p><span class=\"info\"><strong>Juego:<\/strong> Potencia<\/span><\/p>\n<p><span class=\"info\"><strong>Peso:<\/strong> 365-375 gr.<\/span><\/p>\n<p><span class=\"info\"><strong>Perfil:<\/strong> 38 mm<\/span><\/p>\n<p><span class=\"info\"><strong>A\u00f1o:<\/strong> 2026<\/span><\/p>\n<p><span class=\"info\"><strong>N\u00facleo:<\/strong> Eva<\/span><\/p>\n<p><span class=\"info\"><strong>Tacto:<\/strong> Duro, Medio<\/span><\/p>\n<p><span class=\"info\"><strong>Material Principal:<\/strong> Carbono<\/span><\/p>\n<p><span class=\"info\"><strong>Rugosidad<\/strong>: 3d<\/span><\/p>\n","protected":false},"excerpt":{"rendered":"<p>La Bullpadel Icon 2026, esta pala est\u00e1 pensada para jugadores de p\u00e1del con buen nivel, que quieren el combo justo entre potencia y control. Inspirada en el m\u00edtico Juan Mart\u00edn D\u00edaz, viene con forma de diamante y balance alto, lo que te da un plus de fuerza en cada remate y cuando le quer\u00e9s meter efecto. Ideal para los que ya la tienen clara y quieren seguir marcando la diferencia con su juego t\u00e9cnico.<\/p>\n","protected":false},"featured_media":217597,"comment_status":"open","ping_status":"closed","template":"","meta":{"_joinchat":[]},"pwb-brand":[31],"product_brand":[],"product_cat":[19,11134,409],"product_tag":[11132,319,10749],"class_list":{"0":"post-217587","1":"product","2":"type-product","3":"status-publish","4":"has-post-thumbnail","6":"pwb-brand-bullpadel","7":"product_cat-palas-padel","8":"product_cat-11134","9":"product_cat-bullpadel","10":"product_tag-11132","11":"product_tag-bullpadel","12":"product_tag-icon","13":"pa_forma-diamante","14":"pa_marco-fibra-de-carbono","15":"pa_nivel-de-juego-avanzado-profesional","16":"pa_tipo-de-juego-potencia","18":"first","19":"instock","20":"sale","21":"taxable","22":"shipping-taxable","23":"product-type-simple"},"brands":[{"id":31,"name":"Bullpadel","slug":"bullpadel"}],"_links":{"self":[{"href":"https:\/\/tiendapadel5.com\/fr\/wp-json\/wp\/v2\/product\/217587","targetHints":{"allow":["GET"]}}],"collection":[{"href":"https:\/\/tiendapadel5.com\/fr\/wp-json\/wp\/v2\/product"}],"about":[{"href":"https:\/\/tiendapadel5.com\/fr\/wp-json\/wp\/v2\/types\/product"}],"replies":[{"embeddable":true,"href":"https:\/\/tiendapadel5.com\/fr\/wp-json\/wp\/v2\/comments?post=217587"}],"version-history":[{"count":1,"href":"https:\/\/tiendapadel5.com\/fr\/wp-json\/wp\/v2\/product\/217587\/revisions"}],"predecessor-version":[{"id":244688,"href":"https:\/\/tiendapadel5.com\/fr\/wp-json\/wp\/v2\/product\/217587\/revisions\/244688"}],"wp:featuredmedia":[{"embeddable":true,"href":"https:\/\/tiendapadel5.com\/fr\/wp-json\/wp\/v2\/media\/217597"}],"wp:attachment":[{"href":"https:\/\/tiendapadel5.com\/fr\/wp-json\/wp\/v2\/media?parent=217587"}],"wp:term":[{"taxonomy":"pwb-brand","embeddable":true,"href":"https:\/\/tiendapadel5.com\/fr\/wp-json\/wp\/v2\/pwb-brand?post=217587"},{"taxonomy":"product_brand","embeddable":true,"href":"https:\/\/tiendapadel5.com\/fr\/wp-json\/wp\/v2\/product_brand?post=217587"},{"taxonomy":"product_cat","embeddable":true,"href":"https:\/\/tiendapadel5.com\/fr\/wp-json\/wp\/v2\/product_cat?post=217587"},{"taxonomy":"product_tag","embeddable":true,"href":"https:\/\/tiendapadel5.com\/fr\/wp-json\/wp\/v2\/product_tag?post=217587"}],"curies":[{"name":"wp","href":"https:\/\/api.w.org\/{rel}","templated":true}]}}