{"id":216792,"date":"2025-08-25T15:10:10","date_gmt":"2025-08-25T14:10:10","guid":{"rendered":"https:\/\/tiendapadel5.com\/?post_type=product&#038;p=216792"},"modified":"2025-09-10T16:24:52","modified_gmt":"2025-09-10T15:24:52","slug":"presurizador-ball-rescuer-basico","status":"publish","type":"product","link":"https:\/\/tiendapadel5.com\/fr\/presurizador-ball-rescuer-basico\/","title":{"rendered":"Presurizador Ball Rescuer Basico"},"content":{"rendered":"<h2>Presurizador Ball Rescuer Basico<\/h2>\n<p><strong>Caracter\u00edsticas:<\/strong><\/p>\n<ul>\n<li><strong>F\u00e1cil para abrir y cerrar.<\/strong><\/li>\n<li>Ligero: solamente pesa\u00a0<strong>150 gramos<\/strong>\u00a0y casi no ocupa espacio.<\/li>\n<li><strong>F\u00e1cil de usar: 4 sencillos pasos<\/strong>\u00a0que cualquiera puede hacerlos en 60 segundos.<\/li>\n<li>Ecol\u00f3gico, ya que\u00a0<strong>reduce la cantidad de residuos<\/strong>\u00a0que provoca el desechar pelotas inservibles.<\/li>\n<li>Este modelo de presurizador de pelotas\u00a0<strong>NO INCLUYE la Bomba de Hinchado<\/strong>\u00a0\u2013 (tener en cuenta que ning\u00fan modelo incluye el envase de pelotas para usar con el dispositivo).<\/li>\n<li>La compra\u00a0<strong>SI INCLUYE 1 junta extra y un tubo de grasa de silicona<\/strong>\u00a0para el mantenimiento del presurizador Ball Rescuer.<\/li>\n<\/ul>\n","protected":false},"excerpt":{"rendered":"<p>El Presurizador Ball Rescuer Basico, es un presurizador para pelotas de tenis y p\u00e1del que ayuda a mantener la presi\u00f3n ideal y a que duren mucho m\u00e1s. As\u00ed ahorras dinero y cuidas el medio ambiente. Adem\u00e1s, es s\u00faper f\u00e1cil de usar y de llevar a cualquier parte.<\/p>\n","protected":false},"featured_media":216793,"comment_status":"open","ping_status":"closed","template":"","meta":{"_joinchat":[]},"pwb-brand":[],"product_brand":[],"product_cat":[4457],"product_tag":[11198,11200,1442,11199],"class_list":{"0":"post-216792","1":"product","2":"type-product","3":"status-publish","4":"has-post-thumbnail","6":"product_cat-presurizadores-pelotas","7":"product_tag-ball","8":"product_tag-basico-2","9":"product_tag-presurizador","10":"product_tag-rescuer","12":"first","13":"instock","14":"sale","15":"taxable","16":"shipping-taxable","17":"purchasable","18":"product-type-simple"},"brands":[],"_links":{"self":[{"href":"https:\/\/tiendapadel5.com\/fr\/wp-json\/wp\/v2\/product\/216792","targetHints":{"allow":["GET"]}}],"collection":[{"href":"https:\/\/tiendapadel5.com\/fr\/wp-json\/wp\/v2\/product"}],"about":[{"href":"https:\/\/tiendapadel5.com\/fr\/wp-json\/wp\/v2\/types\/product"}],"replies":[{"embeddable":true,"href":"https:\/\/tiendapadel5.com\/fr\/wp-json\/wp\/v2\/comments?post=216792"}],"version-history":[{"count":0,"href":"https:\/\/tiendapadel5.com\/fr\/wp-json\/wp\/v2\/product\/216792\/revisions"}],"wp:featuredmedia":[{"embeddable":true,"href":"https:\/\/tiendapadel5.com\/fr\/wp-json\/wp\/v2\/media\/216793"}],"wp:attachment":[{"href":"https:\/\/tiendapadel5.com\/fr\/wp-json\/wp\/v2\/media?parent=216792"}],"wp:term":[{"taxonomy":"pwb-brand","embeddable":true,"href":"https:\/\/tiendapadel5.com\/fr\/wp-json\/wp\/v2\/pwb-brand?post=216792"},{"taxonomy":"product_brand","embeddable":true,"href":"https:\/\/tiendapadel5.com\/fr\/wp-json\/wp\/v2\/product_brand?post=216792"},{"taxonomy":"product_cat","embeddable":true,"href":"https:\/\/tiendapadel5.com\/fr\/wp-json\/wp\/v2\/product_cat?post=216792"},{"taxonomy":"product_tag","embeddable":true,"href":"https:\/\/tiendapadel5.com\/fr\/wp-json\/wp\/v2\/product_tag?post=216792"}],"curies":[{"name":"wp","href":"https:\/\/api.w.org\/{rel}","templated":true}]}}