{"id":215303,"date":"2025-08-14T23:30:09","date_gmt":"2025-08-14T22:30:09","guid":{"rendered":"https:\/\/tiendapadel5.com\/?post_type=product&#038;p=215303"},"modified":"2026-04-24T10:06:32","modified_gmt":"2026-04-24T08:06:32","slug":"adidas-adipower-ctrl-3-1-2022","status":"publish","type":"product","link":"https:\/\/tiendapadel5.com\/fr\/adidas-adipower-ctrl-3-1-2022\/","title":{"rendered":"Adidas Adipower CTRL 3.1 2022"},"content":{"rendered":"<h2>Adidas Adipower CTRL 3.1 2022<\/h2>\n<p><strong>Caracter\u00edsticas:<\/strong><\/p>\n<p><span class=\"info\"><strong>Forma:<\/strong> Redonda<\/span><\/p>\n<p><span class=\"info\"><strong>Nivel:<\/strong> Avanzado<\/span><\/p>\n<p><span class=\"info\"><strong>Juego:<\/strong> Contro<\/span><span class=\"info\">l<\/span><\/p>\n<p><span class=\"info\"><strong>Peso:<\/strong> 360-375 gr.<\/span><\/p>\n<p><span class=\"info\"><strong>Perfil:<\/strong> 38 mm<\/span><\/p>\n<p><span class=\"info\"><strong>A\u00f1o:<\/strong> 2022<\/span><\/p>\n<p><span class=\"info\"><strong>N\u00facleo:<\/strong> Eva<\/span><\/p>\n","protected":false},"excerpt":{"rendered":"<p>La Pala Adidas Adipower CTRL 3.1 2022, es ideal si buscas control y un golpe m\u00e1s firme. Te va a dar la confianza para subir a la red sin miedo. Y gracias a su dise\u00f1o de agujeros inteligentes, el punto dulce es m\u00e1s grande, as\u00ed que hasta las bolas que no golpees perfecto van a salir bien.<\/p>\n","protected":false},"featured_media":215318,"comment_status":"open","ping_status":"closed","template":"","meta":{"_joinchat":[]},"pwb-brand":[28],"product_brand":[],"product_cat":[19,4373,406],"product_tag":[1144,1157,143,145,653],"class_list":{"0":"post-215303","1":"product","2":"type-product","3":"status-publish","4":"has-post-thumbnail","6":"pwb-brand-adidas-padel","7":"product_cat-palas-padel","8":"product_cat-palas-padel-2022","9":"product_cat-adidas","10":"product_tag-1144","11":"product_tag-3-1","12":"product_tag-adidas","13":"product_tag-adipower","14":"product_tag-ctrl","15":"pa_forma-redonda","16":"pa_marco-fibra-de-carbono","17":"pa_nivel-de-juego-avanzado-profesional","18":"pa_tipo-de-juego-control","20":"first","21":"outofstock","22":"sale","23":"taxable","24":"shipping-taxable","25":"purchasable","26":"product-type-simple"},"brands":[{"id":28,"name":"Adidas Padel","slug":"adidas-padel"}],"_links":{"self":[{"href":"https:\/\/tiendapadel5.com\/fr\/wp-json\/wp\/v2\/product\/215303","targetHints":{"allow":["GET"]}}],"collection":[{"href":"https:\/\/tiendapadel5.com\/fr\/wp-json\/wp\/v2\/product"}],"about":[{"href":"https:\/\/tiendapadel5.com\/fr\/wp-json\/wp\/v2\/types\/product"}],"replies":[{"embeddable":true,"href":"https:\/\/tiendapadel5.com\/fr\/wp-json\/wp\/v2\/comments?post=215303"}],"version-history":[{"count":1,"href":"https:\/\/tiendapadel5.com\/fr\/wp-json\/wp\/v2\/product\/215303\/revisions"}],"predecessor-version":[{"id":256553,"href":"https:\/\/tiendapadel5.com\/fr\/wp-json\/wp\/v2\/product\/215303\/revisions\/256553"}],"wp:featuredmedia":[{"embeddable":true,"href":"https:\/\/tiendapadel5.com\/fr\/wp-json\/wp\/v2\/media\/215318"}],"wp:attachment":[{"href":"https:\/\/tiendapadel5.com\/fr\/wp-json\/wp\/v2\/media?parent=215303"}],"wp:term":[{"taxonomy":"pwb-brand","embeddable":true,"href":"https:\/\/tiendapadel5.com\/fr\/wp-json\/wp\/v2\/pwb-brand?post=215303"},{"taxonomy":"product_brand","embeddable":true,"href":"https:\/\/tiendapadel5.com\/fr\/wp-json\/wp\/v2\/product_brand?post=215303"},{"taxonomy":"product_cat","embeddable":true,"href":"https:\/\/tiendapadel5.com\/fr\/wp-json\/wp\/v2\/product_cat?post=215303"},{"taxonomy":"product_tag","embeddable":true,"href":"https:\/\/tiendapadel5.com\/fr\/wp-json\/wp\/v2\/product_tag?post=215303"}],"curies":[{"name":"wp","href":"https:\/\/api.w.org\/{rel}","templated":true}]}}