{"id":213925,"date":"2025-08-07T16:05:28","date_gmt":"2025-08-07T15:05:28","guid":{"rendered":"https:\/\/tiendapadel5.com\/?post_type=product&#038;p=213925"},"modified":"2026-01-14T18:09:46","modified_gmt":"2026-01-14T17:09:46","slug":"zapatillas-bullpadel-buker-jr-25v-blanco-rojo","status":"publish","type":"product","link":"https:\/\/tiendapadel5.com\/fr\/zapatillas-bullpadel-buker-jr-25v-blanco-rojo\/","title":{"rendered":"Zapatillas Bullpadel Buker Jr 25V Blanco\/Rojo"},"content":{"rendered":"<h2>Zapatillas Bullpadel Buker Jr 25V Blanco\/Rojo<\/h2>\n<p><strong>Caracter\u00edsticas:<\/strong><\/p>\n<ul>\n<li><strong>G\u00e9nero:<\/strong>\u00a0Junior<\/li>\n<li><strong>Color:<\/strong>\u00a0Blanco \/ Rojo \/ Negro<\/li>\n<li><strong>Colecci\u00f3n:<\/strong>\u00a02025<\/li>\n<li><strong>Referencia:<\/strong>\u00a0BUKER JR 25V-0012\/003<\/li>\n<\/ul>\n","protected":false},"excerpt":{"rendered":"<p>Las Zapatillas Bullpadel Buker Jr 25V Blanco\/Rojo, son perfectas para quienes est\u00e1n empezando o tienen un nivel medio y juegan con regularidad, pero quieren ir subiendo el nivel en la pista. Lo mejor de todo es que son s\u00faper c\u00f3modas, tienen buen agarre y dejan que el pie respire bien.La suela de espiga de toda la vida hace que tengas tracci\u00f3n en cualquier tipo de pista, sobre todo en las que tienen m\u00e1s arena. Adem\u00e1s, la entresuela de phylon te da la amortiguaci\u00f3n justa para aguantar partidos intensos sin perder estabilidad.<\/p>\n","protected":false},"featured_media":213941,"comment_status":"open","ping_status":"closed","template":"","meta":{"_joinchat":[]},"pwb-brand":[31],"product_brand":[],"product_cat":[22,439,52,53],"product_tag":[10756,405,11158,319,884,386,300],"class_list":{"0":"post-213925","1":"product","2":"type-product","3":"status-publish","4":"has-post-thumbnail","6":"pwb-brand-bullpadel","7":"product_cat-zapatillas-de-padel","8":"product_cat-zapatillas-bullpadel","9":"product_cat-para-hombre","10":"product_cat-para-mujer","11":"product_tag-25v","12":"product_tag-blanco","13":"product_tag-buker","14":"product_tag-bullpadel","15":"product_tag-jr","16":"product_tag-rojo","17":"product_tag-zapatillas","18":"pa_talla-274","19":"pa_talla-275","20":"pa_talla-276","21":"pa_talla-277","22":"pa_talla-278","24":"first","25":"instock","26":"sale","27":"taxable","28":"shipping-taxable","29":"purchasable","30":"product-type-variable"},"brands":[{"id":31,"name":"Bullpadel","slug":"bullpadel"}],"_links":{"self":[{"href":"https:\/\/tiendapadel5.com\/fr\/wp-json\/wp\/v2\/product\/213925","targetHints":{"allow":["GET"]}}],"collection":[{"href":"https:\/\/tiendapadel5.com\/fr\/wp-json\/wp\/v2\/product"}],"about":[{"href":"https:\/\/tiendapadel5.com\/fr\/wp-json\/wp\/v2\/types\/product"}],"replies":[{"embeddable":true,"href":"https:\/\/tiendapadel5.com\/fr\/wp-json\/wp\/v2\/comments?post=213925"}],"version-history":[{"count":0,"href":"https:\/\/tiendapadel5.com\/fr\/wp-json\/wp\/v2\/product\/213925\/revisions"}],"wp:featuredmedia":[{"embeddable":true,"href":"https:\/\/tiendapadel5.com\/fr\/wp-json\/wp\/v2\/media\/213941"}],"wp:attachment":[{"href":"https:\/\/tiendapadel5.com\/fr\/wp-json\/wp\/v2\/media?parent=213925"}],"wp:term":[{"taxonomy":"pwb-brand","embeddable":true,"href":"https:\/\/tiendapadel5.com\/fr\/wp-json\/wp\/v2\/pwb-brand?post=213925"},{"taxonomy":"product_brand","embeddable":true,"href":"https:\/\/tiendapadel5.com\/fr\/wp-json\/wp\/v2\/product_brand?post=213925"},{"taxonomy":"product_cat","embeddable":true,"href":"https:\/\/tiendapadel5.com\/fr\/wp-json\/wp\/v2\/product_cat?post=213925"},{"taxonomy":"product_tag","embeddable":true,"href":"https:\/\/tiendapadel5.com\/fr\/wp-json\/wp\/v2\/product_tag?post=213925"}],"curies":[{"name":"wp","href":"https:\/\/api.w.org\/{rel}","templated":true}]}}