{"id":212905,"date":"2025-07-25T14:54:00","date_gmt":"2025-07-25T13:54:00","guid":{"rendered":"https:\/\/tiendapadel5.com\/?post_type=product&#038;p=212905"},"modified":"2025-12-25T19:57:05","modified_gmt":"2025-12-25T18:57:05","slug":"falda-adidas-club-pleat-black-2025","status":"publish","type":"product","link":"https:\/\/tiendapadel5.com\/fr\/falda-adidas-club-pleat-black-2025\/","title":{"rendered":"Falda Adidas Club Pleat Black 2025"},"content":{"rendered":"<h2>Falda Adidas Club Pleat Black 2025<\/h2>\n<p><strong>Caracter\u00edsticas:<\/strong><\/p>\n<ul class=\"gl-list\">\n<li class=\"gl-vspace-bpall-small\">Corte cl\u00e1sico<\/li>\n<li class=\"gl-vspace-bpall-small\">Cintura el\u00e1stica<\/li>\n<li class=\"gl-vspace-bpall-small\">100% poli\u00e9ster (reciclado)<\/li>\n<li class=\"gl-vspace-bpall-small\">CLIMACOOL<\/li>\n<\/ul>\n<ul class=\"gl-list\">\n<li class=\"gl-vspace-bpall-small\">Mallas integradas<\/li>\n<li class=\"gl-vspace-bpall-small\">Color del art\u00edculo: Black<\/li>\n<\/ul>\n","protected":false},"excerpt":{"rendered":"<p>La Falda Adidas Club Pleat Black 2025, esta dise\u00f1ada para sumarle onda a tu juego. Tiene un estilo plisado y una cintura ancha y el\u00e1stica que te deja moverte c\u00f3moda. La tecnolog\u00eda CLIMACOOL se encarga de sacar el sudor, as\u00ed que te mantiene fresca y seca para que no te moleste nada y puedas rendir al m\u00e1ximo.<\/p>\n","protected":false},"featured_media":212913,"comment_status":"open","ping_status":"closed","template":"","meta":{"_joinchat":[]},"pwb-brand":[28],"product_brand":[],"product_cat":[4887,2203,4952,4926],"product_tag":[9954,1968,1899,8626,506,11130],"class_list":{"0":"post-212905","1":"product","2":"type-product","3":"status-publish","4":"has-post-thumbnail","6":"pwb-brand-adidas-padel","7":"product_cat-padel-skirts","8":"product_cat-padel-clothes","9":"product_cat-adidas-padel-clothes","10":"product_cat-womens-padel-clothing","11":"product_tag-2025-en","12":"product_tag-adidas-en","13":"product_tag-black-en","14":"product_tag-club-en","15":"product_tag-falda","16":"product_tag-pleat","17":"pa_talla-2xl","18":"pa_talla-l-en","19":"pa_talla-m-en","20":"pa_talla-xl-en","22":"first","23":"instock","24":"sale","25":"taxable","26":"shipping-taxable","27":"purchasable","28":"product-type-variable"},"brands":[{"id":28,"name":"Adidas Padel","slug":"adidas-padel"}],"_links":{"self":[{"href":"https:\/\/tiendapadel5.com\/fr\/wp-json\/wp\/v2\/product\/212905","targetHints":{"allow":["GET"]}}],"collection":[{"href":"https:\/\/tiendapadel5.com\/fr\/wp-json\/wp\/v2\/product"}],"about":[{"href":"https:\/\/tiendapadel5.com\/fr\/wp-json\/wp\/v2\/types\/product"}],"replies":[{"embeddable":true,"href":"https:\/\/tiendapadel5.com\/fr\/wp-json\/wp\/v2\/comments?post=212905"}],"version-history":[{"count":0,"href":"https:\/\/tiendapadel5.com\/fr\/wp-json\/wp\/v2\/product\/212905\/revisions"}],"wp:featuredmedia":[{"embeddable":true,"href":"https:\/\/tiendapadel5.com\/fr\/wp-json\/wp\/v2\/media\/212913"}],"wp:attachment":[{"href":"https:\/\/tiendapadel5.com\/fr\/wp-json\/wp\/v2\/media?parent=212905"}],"wp:term":[{"taxonomy":"pwb-brand","embeddable":true,"href":"https:\/\/tiendapadel5.com\/fr\/wp-json\/wp\/v2\/pwb-brand?post=212905"},{"taxonomy":"product_brand","embeddable":true,"href":"https:\/\/tiendapadel5.com\/fr\/wp-json\/wp\/v2\/product_brand?post=212905"},{"taxonomy":"product_cat","embeddable":true,"href":"https:\/\/tiendapadel5.com\/fr\/wp-json\/wp\/v2\/product_cat?post=212905"},{"taxonomy":"product_tag","embeddable":true,"href":"https:\/\/tiendapadel5.com\/fr\/wp-json\/wp\/v2\/product_tag?post=212905"}],"curies":[{"name":"wp","href":"https:\/\/api.w.org\/{rel}","templated":true}]}}